{"id":13431,"date":"2026-04-13T13:58:25","date_gmt":"2026-04-13T17:58:25","guid":{"rendered":"https:\/\/inogeni.com\/assistance\/tested-usb-extenders\/"},"modified":"2026-04-30T14:30:32","modified_gmt":"2026-04-30T18:30:32","slug":"tested-usb-extenders","status":"publish","type":"page","link":"https:\/\/inogeni.com\/fr\/assistance\/tested-usb-extenders\/","title":{"rendered":"Extendeurs USB test\u00e9es"},"content":{"rendered":"","protected":false},"excerpt":{"rendered":"","protected":false},"author":9,"featured_media":0,"parent":3997,"menu_order":65,"comment_status":"closed","ping_status":"closed","template":"","meta":{"_acf_changed":false,"footnotes":""},"tags":[],"class_list":["post-13431","page","type-page","status-publish","hentry"],"acf":{"sections_sections":[{"acf_fc_layout":"section","section_surtitre":"","titre":"Extendeurs USB test\u00e9s","section_soustitre":"","contenu":[{"acf_fc_layout":"accordeons","accordeons_subtitle":"Les solutions d'INOGENI sont con\u00e7ues pour fonctionner avec des cam\u00e9ras et des signaux vid\u00e9o transmis via USB. Les extendeurs USB suivants ont \u00e9t\u00e9 test\u00e9s dans un laboratoire audiovisuel et ont pass\u00e9 avec succ\u00e8s les tests de compatibilit\u00e9 avec des cam\u00e9ras, des appareils INOGENI et d'autres p\u00e9riph\u00e9riques USB. Le signal USB prolong\u00e9 reste totalement transparent, garantissant ainsi que le flux de donn\u00e9es USB sortant reste identique \u00e0 l'entr\u00e9e source.","el_accordeons":[{"accordeon_title":"USB-C Cable (Applicable uniquement aux mod\u00e8les TOGGLE ROOMS, TOGGLE ROOMS XT et TOGGLE DOCK 2x1)","accordeon_note":"Toutes les marques et tous les logos sont des marques de commerce de leurs propri\u00e9taires respectifs. INOGENI n\u2019est pas affili\u00e9e, sponsoris\u00e9e, autoris\u00e9e ou autrement associ\u00e9e \u00e0 ces propri\u00e9taires.\r\n\r\nSi votre extension n\u2019est pas sur la liste ci-dessus et qu\u2019il fonctionne bien, vous pouvez contacter notre \u00e9quipe technique afin de l\u2019ajouter.","accordeon":[{"accordeon_content":"<h3>INOGENI\r\nINO - USB-C-2M100W<\/h3>\r\nPuissance de chargement 100W\/5A\r\nLongueur 1,8 m\/6 pi\r\nUSB 3.0\/2.0\r\nVid\u00e9o 4K30 + support USB 3.0\r\nVid\u00e9o 4K60","accordeon_image":7105},{"accordeon_content":"<h3>Kramer\r\nCA-USB31\/CC-15<\/h3>\r\nPuissance de chargement 60W\/3A\r\nLongueur 4,58 m\/15 pi\r\nUSB 3.0\/2.0\r\nVid\u00e9o 4K30 + support USB 3.0\r\nVid\u00e9o 4K60","accordeon_image":7097},{"accordeon_content":"<h3>Apple\r\nMW5H3AM\/A<\/h3>\r\nPuissance de chargement 100W\/5A\r\nLongueur 3 m\/9,8 pi\r\nUSB 3.0\/2.0\r\nVid\u00e9o 4K30 + support USB 3.0\r\nVid\u00e9o 4K60","accordeon_image":10174},{"accordeon_content":"<h3>Lightware\r\nCAB-USBC-T300A<\/h3>\r\nPuissance de chargement 60W\/3A\r\nLongueur 3 m\/9,8 pi\r\nUSB 3.0\/2.0\r\nVid\u00e9o 4K30 + support USB 3.0\r\nVid\u00e9o 4K60","accordeon_image":7099},{"accordeon_content":"<h3>Lightware\r\nCAB-USBC-T500B<\/h3>\r\nPuissance de chargement 60W\/3A\r\nLongueur 5 m\/16,4 pi\r\nUSB 3.0\/2.0\r\nVid\u00e9o 4K30 + support USB 3.0\r\nVid\u00e9o 4K60","accordeon_image":7101},{"accordeon_content":"<h3>Extron\r\nUSBC Pro\/30<\/h3>\r\nPuissance de chargement 60W\/3A\r\nLongueur 9,1 m\/30 pi\r\nUSB 3.0\/2.0\r\nVid\u00e9o 4K30 + support USB 3.0\r\nVid\u00e9o 4K30 maximum\r\nTiers USB : 2 tiers ajout\u00e9s","accordeon_image":7103},{"accordeon_content":"<h3>Lindy\r\nUSBC #43398 10 m<\/h3>\r\nPuissance de chargement 60W\/3A\r\nLongueur 10 m\/32,81 pi\r\nUSB 3.2 et DisplayPort 1.4\r\nVid\u00e9o 4K30 + support USB 3.0\r\nVid\u00e9o 4K30 maximum\r\nTiers USB : 2 tiers ajout\u00e9s","accordeon_image":9137},{"accordeon_content":"<h3>Lindy\r\nUSBC #43399 15 m<\/h3>\r\nPuissance de chargement 60W\/3A\r\nLonguer 15 m\/49,21 pi\r\nUSB 3.2 et DisplayPort 1.4\r\nVid\u00e9o 4K30 + support USB 3.0\r\nVid\u00e9o 4K30 maximum\r\nTiers USB : 2 tiers ajout\u00e9s","accordeon_image":9139},{"accordeon_content":"<h3>Opticis *\r\nUSC-CC32-5 \u2013 5 m<\/h3>\r\nPuissance de chargement 100W\/5A\r\nLonguer 5 m\/16 pi\r\nVid\u00e9o 4K30 + support USB 3.0\r\nVid\u00e9o 4K30 maximum\r\nTiers USB : 1 tier ajout\u00e9\r\nVersion certifi\u00e9e UL disponible\r\nAccessoire de verrouillage disponible\r\n\r\n<strong><em>(*) Fonctionne avec le TOGGLE ROOMS UNIQUEMENT<\/em><\/strong>","accordeon_image":10168},{"accordeon_content":"<h3>Opticis *\r\nUSC-CC32-10 \u2013 10 m<\/h3>\r\nPuissance de chargement 100W\/5A\r\nLonguer 10 m\/33 pi\r\nVid\u00e9o 4K30 + support USB 3.0\r\nVid\u00e9o 4K30 maximum\r\nTiers USB : 1 tier ajout\u00e9\r\nVersion certifi\u00e9e UL disponible\r\nAccessoire de verrouillage disponible\r\n\r\n<strong><em>(*) Fonctionne avec le TOGGLE ROOMS UNIQUEMENT<\/em><\/strong>","accordeon_image":10170},{"accordeon_content":"<h3>Opticis *\r\nUSC-CC32-15 \u2013 15 m<\/h3>\r\nPuissance de chargement 60W\/3A\r\nLonguer 15 m\/50 pi\r\nVid\u00e9o 4K30 + support USB 3.0\r\nVid\u00e9o 4K30 maximum\r\nTiers USB : 1 tier ajout\u00e9\r\nVersion certifi\u00e9e UL disponible\r\nAccessoire de verrouillage disponible\r\n\r\n<strong><em>(*) Fonctionne avec le TOGGLE ROOMS UNIQUEMENT<\/em><\/strong>","accordeon_image":10166}]},{"accordeon_title":"Extendeurs USB 3.0 ","accordeon_note":"Toutes les marques et tous les logos sont des marques de commerce de leurs propri\u00e9taires respectifs. INOGENI n\u2019est pas affili\u00e9e, sponsoris\u00e9e, autoris\u00e9e ou autrement associ\u00e9e \u00e0 ces propri\u00e9taires.\r\n\r\nSi votre extension n\u2019est pas sur la liste ci-dessus et qu\u2019il fonctionne bien, vous pouvez contacter notre \u00e9quipe technique afin de l\u2019ajouter.","accordeon":[{"accordeon_content":"<h3><strong>INOGENI<\/strong>\r\n<strong>U-BRIDGE 3 \u2013 USB 3.2 Gen 1 Extender<\/strong><\/h3>\r\n<span style=\"vertical-align: inherit;\">L'extendeur de cam\u00e9ra vid\u00e9o et audio USB 3.2 Gen 1 INOGENI U-BRIDGE 3 permet des connexions USB 3.0 ultra-rapides jusqu'\u00e0 100 m\/330 pi sur un seul c\u00e2ble CAT6A. Le U-BRIDGE 3 est la solution aux probl\u00e8mes d'interop\u00e9rabilit\u00e9 rencontr\u00e9s par les installateurs audiovisuels \u00e0 la recherche d'une extension de cam\u00e9ra USB longue distance fiable pour maintenir une vid\u00e9o de haute qualit\u00e9.<\/span>\r\n<a href=\"https:\/\/inogeni.com\/fr\/produit\/u-bridge-3-0\/\"><span style=\"vertical-align: inherit;\">Voir la page produit<\/span><\/a>\r\n\r\n<em><span style=\"vertical-align: inherit;\">Remarque\u00a0: la fonction de commutation automatique du TOGGLE est compatible avec cette extension.<\/span><\/em>","accordeon_image":12845},{"accordeon_content":"<h3><strong>INOGENI<\/strong>\r\n<strong>U-BRIDGE 3 WP \u2013 Extendeur multip\u00e9riph\u00e9riques USB 3.2<\/strong><\/h3>\r\nL'extendeur multip\u00e9riph\u00e9riques <strong>INOGENI U-BRIDGE 3 WP<\/strong> avec plaque murale int\u00e9gr\u00e9e offre une solution fiable d'extension longue distance pour les p\u00e9riph\u00e9riques USB 3.2.\r\n\r\nIl permet des connexions USB SuperSpeed jusqu'\u00e0 <strong>100 m\/330 pi<\/strong> via un seul c\u00e2ble CAT6A U\/FTP, aidant ainsi les int\u00e9grateurs audiovisuels \u00e0 surmonter les probl\u00e8mes d'interop\u00e9rabilit\u00e9 courants lors de l'extension de cam\u00e9ras et de p\u00e9riph\u00e9riques USB.\r\n<a href=\"https:\/\/inogeni.com\/fr\/produit\/u-bridge-3-wp\/\">Voir la page produit<\/a>\r\n\r\n<strong><em>Note:<\/em><\/strong><em>\u00a0la fonction de commutation automatique du TOGGLE est compatible avec cette extension.<\/em>","accordeon_image":12843}]},{"accordeon_title":"USB 2.0 extenders","accordeon_note":"All trademarks and logos are trademarks of their respective owners. INOGENI is not affiliated, sponsored, authorized or otherwise associated with by\/these owners.\r\n\r\nIf your extender is not listed above and is working fine, you can contact our technical team in order to add it.","accordeon":[{"accordeon_content":"<h3><strong>INOGENI<\/strong>\r\n<strong>U-BRIDGE -\u00a0<\/strong><strong><span style=\"vertical-align: inherit;\">Extendeur\u00a0<\/span><\/strong><strong><span style=\"vertical-align: inherit;\">USB 2.0<\/span><\/strong><\/h3>\r\nL'extendeur audio et cam\u00e9ra vid\u00e9o USB 2.0 U-BRIDGE d'INOGENI permet des connexions USB 2.0 \u00e0 grande vitesse jusqu'\u00e0 100 m\/330 pi sur un seul c\u00e2ble CAT 5e\/6\/7. Il est la solution aux probl\u00e8mes d'interop\u00e9rabilit\u00e9 rencontr\u00e9s par les installateurs AV \u00e0 la recherche d'un extendeur de cam\u00e9ra USB longue distance fiable pour maintenir une vid\u00e9o de haute qualit\u00e9.\r\n<a href=\"https:\/\/inogeni.com\/fr\/produit\/u-bridge\/\">Voir la page produit<\/a>\r\n\r\n<em>Note : la fonction de commutation automatique du TOGGLE est compatible avec cet extendeur.<\/em>","accordeon_image":12841}]}]}],"background_color_section":"","background_image":"","background_image_mobile":"","background_valign":"vcenter","background_halign":"hcenter","background_size":"normal","display_title":"default","general_style":"default","auto_height":"default","container_width":" small","padding_lateral":" ","margin_top":0,"margin_bottom":0,"margin_top_mobile":0,"margin_bottom_mobile":0,"padding_top":80,"padding_bottom":80,"padding_top_mobile":80,"padding_bottom_mobile":80,"hide_section":"0","id_section":""},{"acf_fc_layout":"section_globale","section":614,"background_color_section":"","background_image":"","background_image_mobile":"","background_valign":"vcenter","background_halign":"hcenter","background_size":"normal","display_title":"default","general_style":"default","auto_height":"default","container_width":" small","padding_lateral":" ","margin_top":0,"margin_bottom":0,"margin_top_mobile":0,"margin_bottom_mobile":0,"padding_top":80,"padding_bottom":80,"padding_top_mobile":80,"padding_bottom_mobile":80,"hide_section":"0","id_section":""}]},"_links":{"self":[{"href":"https:\/\/inogeni.com\/fr\/wp-json\/wp\/v2\/pages\/13431","targetHints":{"allow":["GET"]}}],"collection":[{"href":"https:\/\/inogeni.com\/fr\/wp-json\/wp\/v2\/pages"}],"about":[{"href":"https:\/\/inogeni.com\/fr\/wp-json\/wp\/v2\/types\/page"}],"author":[{"embeddable":true,"href":"https:\/\/inogeni.com\/fr\/wp-json\/wp\/v2\/users\/9"}],"replies":[{"embeddable":true,"href":"https:\/\/inogeni.com\/fr\/wp-json\/wp\/v2\/comments?post=13431"}],"version-history":[{"count":4,"href":"https:\/\/inogeni.com\/fr\/wp-json\/wp\/v2\/pages\/13431\/revisions"}],"predecessor-version":[{"id":13436,"href":"https:\/\/inogeni.com\/fr\/wp-json\/wp\/v2\/pages\/13431\/revisions\/13436"}],"up":[{"embeddable":true,"href":"https:\/\/inogeni.com\/fr\/wp-json\/wp\/v2\/pages\/3997"}],"wp:attachment":[{"href":"https:\/\/inogeni.com\/fr\/wp-json\/wp\/v2\/media?parent=13431"}],"wp:term":[{"taxonomy":"post_tag","embeddable":true,"href":"https:\/\/inogeni.com\/fr\/wp-json\/wp\/v2\/tags?post=13431"}],"curies":[{"name":"wp","href":"https:\/\/api.w.org\/{rel}","templated":true}]}}