{"id":3957,"date":"2022-09-07T13:15:56","date_gmt":"2022-09-07T17:15:56","guid":{"rendered":"https:\/\/inogeni.com\/hd2usb3-upgrade\/"},"modified":"2022-10-27T16:15:06","modified_gmt":"2022-10-27T20:15:06","slug":"mise-a-niveau-hd2usb3","status":"publish","type":"page","link":"https:\/\/inogeni.com\/fr\/mise-a-niveau-hd2usb3\/","title":{"rendered":"Mise \u00e0 niveau du HD2USB3"},"content":{"rendered":"","protected":false},"excerpt":{"rendered":"","protected":false},"author":14,"featured_media":0,"parent":0,"menu_order":9,"comment_status":"closed","ping_status":"closed","template":"","meta":{"_acf_changed":false,"footnotes":""},"tags":[],"class_list":["post-3957","page","type-page","status-publish","hentry"],"acf":{"sections_sections":[{"acf_fc_layout":"section","section_surtitre":"","titre":"Instructions et installation","section_soustitre":"","contenu":[{"acf_fc_layout":"texte","texte":"<h3>Instructions et installation<\/h3>\r\n<h2>Convertisseur HDMI vers USB 3.0 \u00e9volutif 4K 1080p60<\/h2>\r\nLe HD2USB3 est un convertisseur HDMI \u00e9volutif 4K 1080p60 vers USB 3.0. Oui, vous pouvez acheter la mise \u00e0 niveau \u00e0 un prix abordable de <strong>95 $ US<\/strong>\u00a0!!!\r\n\r\nLes utilisateurs qui ne disposent pas d'un syst\u00e8me 4K complet aujourd'hui peuvent \u00e9conomiser de l'argent avec le convertisseur HDMI 1080p60 d'INOGENI et acheter une mise \u00e0 niveau du micrologiciel (firmware) 4K quand ils le souhaitent. Le co\u00fbt r\u00e9el de la construction d'un syst\u00e8me 4K, qui comprend des moniteurs, des cam\u00e9ras, des c\u00e2bles, des processeurs informatiques puissants et des logiciels 4K, peut \u00eatre trop cher. Acheter un convertisseur 4K avant d'en avoir besoin peut \u00eatre pr\u00e9matur\u00e9.\r\n\r\n<hr \/>\r\n\r\n<h2><\/h2>\r\n<h2>\u00c9tape 1. Instructions de mise \u00e0 niveau du HD2USB3<\/h2>\r\n1- Si vous ne l'avez pas d\u00e9j\u00e0, vous devrez d'abord t\u00e9l\u00e9charger l'application<a href=\"\/fr\/assistance\/logiciels\/\" rel=\"\"><em> INOGENI Control App<\/em><\/a>.\r\n\r\n2- Ouvrez l'application <a href=\"\/fr\/assistance\/logiciels\/\" rel=\"\"><em>INOGENI Control App<\/em><\/a> et branchez votre appareil.\r\n\r\n3- Trouvez le num\u00e9ro d'identifiant unique dans l'application <em><a href=\"\/fr\/assistance\/logiciels\/\" rel=\"\">INOGENI Control App<\/a><\/em> en connectant votre appareil. Voir ci-dessous pour le trouver. Il est obligatoire de soumettre votre num\u00e9ro d'identifiant unique afin d'obtenir la cl\u00e9 de mise \u00e0 niveau n\u00e9cessaire pour d\u00e9bloquer les fonctionnalit\u00e9s 4K.\r\n\r\nLes frais de mise \u00e0 niveau sont de <strong>95\u00a0$ US<\/strong>. Une fois le paiement effectu\u00e9, la cl\u00e9 de mise \u00e0 niveau vous sera envoy\u00e9e.\r\n\r\n<img class=\"aligncenter wp-image-4084\" src=\"https:\/\/inogeni.com\/wp-content\/uploads\/2022\/10\/inogeni-hd2usb3-upgrade-instructions-1-1.png\" alt=\"\" width=\"650\" height=\"352\" \/>\r\n\r\n4- Remplissez le formulaire de demande afin de recevoir la cl\u00e9 de mise \u00e0 niveau n\u00e9cessaire pour d\u00e9bloquer les fonctionnalit\u00e9s de 4K :","texte_container_width":" normal"},{"acf_fc_layout":"formulaire","formulaire_titre":"Demande de mise \u00e0 niveau 4K HD2USB3","formulaire":"6"}],"background_color_section":"","background_image":"","background_image_mobile":"","background_valign":"vcenter","background_halign":"hcenter","background_size":"normal","display_title":"default","general_style":"default","auto_height":"default","container_width":" small","padding_lateral":" ","margin_top":0,"margin_bottom":0,"margin_top_mobile":0,"margin_bottom_mobile":0,"padding_top":80,"padding_bottom":80,"padding_top_mobile":80,"padding_bottom_mobile":80,"hide_section":"0","id_section":""},{"acf_fc_layout":"section","section_surtitre":"","titre":"step #2","section_soustitre":"","contenu":[{"acf_fc_layout":"texte","texte":"<hr \/>\r\n\r\n<h3><\/h3>\r\n<h3>Vous avez termin\u00e9 avec succ\u00e8s l'\u00e9tape 1. Passons \u00e0 l\u2019\u00e9tape suivante.<\/h3>\r\n<h2>\u00c9tape 2. Comment installer votre mise \u00e0 niveau 4K HD2USB3<\/h2>\r\n1- Lorsque vous avez re\u00e7u votre cl\u00e9 de mise \u00e0 niveau, vous pouvez cliquer sur le bouton <strong><em>Upgrade to support 4K<\/em><\/strong> (A). Ensuite, vous pouvez cliquer sur <strong>OUI <\/strong>\u00e0 l'invite du message (B).\r\n\r\nA.\r\n\r\n<img class=\"aligncenter wp-image-4086\" src=\"https:\/\/inogeni.com\/wp-content\/uploads\/2022\/10\/inogeni-hd2usb3-upgrade-instructions-2-1.png\" alt=\"\" width=\"650\" height=\"352\" \/>\r\n\r\nB.\r\n\r\n<img class=\"aligncenter wp-image-4092\" src=\"https:\/\/inogeni.com\/wp-content\/uploads\/2022\/10\/inogeni-hd2usb3-upgrade-instructions-3-2.png\" alt=\"\" width=\"650\" height=\"352\" \/>\r\n\r\n2- Saisissez ou copiez la <strong>cl\u00e9 de mise \u00e0 niveau<\/strong> dans l'invite du message. Si la cl\u00e9 de mise \u00e0 niveau est reconnue, les fonctions 4K seront d\u00e9verrouill\u00e9es.\r\n\r\n<img class=\"aligncenter wp-image-4090\" src=\"https:\/\/inogeni.com\/wp-content\/uploads\/2022\/10\/inogeni-hd2usb3-upgrade-instructions-4-1.png\" alt=\"\" width=\"650\" height=\"352\" \/>\r\n\r\n3- F\u00e9licitations ! Votre appareil est mis \u00e0 niveau.","texte_container_width":" normal"}],"background_color_section":"","background_image":"","background_image_mobile":"","background_valign":"vcenter","background_halign":"hcenter","background_size":"normal","display_title":"default","general_style":"default","auto_height":"default","container_width":" small","padding_lateral":" ","margin_top":0,"margin_bottom":0,"margin_top_mobile":0,"margin_bottom_mobile":0,"padding_top":80,"padding_bottom":80,"padding_top_mobile":80,"padding_bottom_mobile":80,"hide_section":"0","id_section":""}]},"_links":{"self":[{"href":"https:\/\/inogeni.com\/fr\/wp-json\/wp\/v2\/pages\/3957","targetHints":{"allow":["GET"]}}],"collection":[{"href":"https:\/\/inogeni.com\/fr\/wp-json\/wp\/v2\/pages"}],"about":[{"href":"https:\/\/inogeni.com\/fr\/wp-json\/wp\/v2\/types\/page"}],"author":[{"embeddable":true,"href":"https:\/\/inogeni.com\/fr\/wp-json\/wp\/v2\/users\/14"}],"replies":[{"embeddable":true,"href":"https:\/\/inogeni.com\/fr\/wp-json\/wp\/v2\/comments?post=3957"}],"version-history":[{"count":3,"href":"https:\/\/inogeni.com\/fr\/wp-json\/wp\/v2\/pages\/3957\/revisions"}],"predecessor-version":[{"id":4693,"href":"https:\/\/inogeni.com\/fr\/wp-json\/wp\/v2\/pages\/3957\/revisions\/4693"}],"wp:attachment":[{"href":"https:\/\/inogeni.com\/fr\/wp-json\/wp\/v2\/media?parent=3957"}],"wp:term":[{"taxonomy":"post_tag","embeddable":true,"href":"https:\/\/inogeni.com\/fr\/wp-json\/wp\/v2\/tags?post=3957"}],"curies":[{"name":"wp","href":"https:\/\/api.w.org\/{rel}","templated":true}]}}