{"id":3966,"date":"2022-09-15T13:10:04","date_gmt":"2022-09-15T17:10:04","guid":{"rendered":"https:\/\/inogeni.com\/who-we-are\/"},"modified":"2025-04-08T08:58:07","modified_gmt":"2025-04-08T12:58:07","slug":"qui-nous-sommes","status":"publish","type":"page","link":"https:\/\/inogeni.com\/fr\/qui-nous-sommes\/","title":{"rendered":"Qui sommes-nous ?"},"content":{"rendered":"","protected":false},"excerpt":{"rendered":"","protected":false},"author":14,"featured_media":0,"parent":0,"menu_order":23,"comment_status":"closed","ping_status":"closed","template":"","meta":{"_acf_changed":false,"footnotes":""},"tags":[],"class_list":["post-3966","page","type-page","status-publish","hentry"],"acf":{"sections_sections":[{"acf_fc_layout":"section","section_surtitre":"","titre":"Qui sommes-nous? ","section_soustitre":"","contenu":[{"acf_fc_layout":"texte","texte":"Nous tirons parti de la puissance de la technologie pour \u00e9lever vos exp\u00e9riences de vid\u00e9oconf\u00e9rence d'une toute nouvelle mani\u00e8re. En mixant, convertissant ou distribuant les sources vid\u00e9o des cam\u00e9ras, nous cr\u00e9ons des exp\u00e9riences audiovisuelles de vid\u00e9oconf\u00e9rence tr\u00e8s stables, transparentes et de qualit\u00e9 sup\u00e9rieure,\u00a0sans \u00e9quivalent\u00a0dans le secteur.\r\n\r\nVous ne vous contentez pas de le brancher. Vous en faites l'exp\u00e9rience.\r\n\r\n<img src=\"https:\/\/inogeni.com\/wp-content\/uploads\/2022\/05\/about.jpg\" alt=\"\" width=\"920\" height=\"545\" \/>","texte_container_width":" normal"}],"background_color_section":"","background_image":"","background_image_mobile":"","background_valign":"vcenter","background_halign":"hcenter","background_size":"normal","display_title":"1","general_style":"default","auto_height":"default","container_width":" small","padding_lateral":" ","margin_top":60,"margin_bottom":60,"margin_top_mobile":40,"margin_bottom_mobile":40,"padding_top":0,"padding_bottom":0,"padding_top_mobile":0,"padding_bottom_mobile":0,"hide_section":"0","id_section":""},{"acf_fc_layout":"section","section_surtitre":"","titre":"Applications de march\u00e9","section_soustitre":"","contenu":[{"acf_fc_layout":"texte","texte":"<h2>APPLICATIONS DU MARCH\u00c9<\/h2>\r\nNombre de nos clients comptent parmi les plus grandes organisations du monde.","texte_container_width":" normal"}],"background_color_section":"","background_image":"","background_image_mobile":"","background_valign":"vcenter","background_halign":"hcenter","background_size":"normal","display_title":"default","general_style":"default","auto_height":"default","container_width":" small","padding_lateral":" ","margin_top":0,"margin_bottom":0,"margin_top_mobile":0,"margin_bottom_mobile":0,"padding_top":0,"padding_bottom":20,"padding_top_mobile":0,"padding_bottom_mobile":20,"hide_section":"0","id_section":""},{"acf_fc_layout":"section","section_surtitre":"","titre":"Market applications 2","section_soustitre":"","contenu":[{"acf_fc_layout":"colonnes","colonnes_max_per_row":"4","colonnes_max_per_row_mobile":"default","colonnes_horizontal_align":"justify-content-start","image_shadow_colonnes":0,"height_colonnes":200,"height_colonnes_mobile":300,"v_align_text_colonne":"","h_align_text_colonne":"","colonnes_row":[{"elm_col_title":"Entreprise","elm_col_link":"","elm_col_image":797,"elm_col_under_text":""},{"elm_col_title":"\u00c9ducation","elm_col_link":"","elm_col_image":779,"elm_col_under_text":""},{"elm_col_title":"Soins de sant\u00e9","elm_col_link":"","elm_col_image":799,"elm_col_under_text":""}],"side_text_enable":false,"side_text_to_right":true,"side_text":"","side_text_button":""}],"background_color_section":"","background_image":"","background_image_mobile":"","background_valign":"vcenter","background_halign":"hcenter","background_size":"normal","display_title":"default","general_style":"default","auto_height":"default","container_width":" normal","padding_lateral":" ","margin_top":0,"margin_bottom":0,"margin_top_mobile":0,"margin_bottom_mobile":0,"padding_top":0,"padding_bottom":0,"padding_top_mobile":0,"padding_bottom_mobile":0,"hide_section":"0","id_section":""},{"acf_fc_layout":"section","section_surtitre":"","titre":"Partenaires","section_soustitre":"","contenu":[{"acf_fc_layout":"partenaires","title_partenaires":"","posts_partenaires":""}],"background_color_section":"","background_image":"","background_image_mobile":"","background_valign":"vcenter","background_halign":"hcenter","background_size":"normal","display_title":"default","general_style":"default","auto_height":"default","container_width":" normal","padding_lateral":" ","margin_top":0,"margin_bottom":0,"margin_top_mobile":0,"margin_bottom_mobile":0,"padding_top":0,"padding_bottom":0,"padding_top_mobile":0,"padding_bottom_mobile":80,"hide_section":"0","id_section":""},{"acf_fc_layout":"section","section_surtitre":"","titre":"Compatible par conception","section_soustitre":"","contenu":[{"acf_fc_layout":"texte","texte":"<h2>Compatible par conception<\/h2>\r\nR\u00e9solvant les probl\u00e8mes d'interop\u00e9rabilit\u00e9 et ajoutant des fonctionnalit\u00e9s suppl\u00e9mentaires, nos produits ont \u00e9t\u00e9 con\u00e7us pour \u00eatre compatibles avec les leaders de l'industrie de l\u2019audiovisuel :\r\n\r\nVoir l'ensemble des <a href=\"https:\/\/inogeni.com\/fr\/assistance\/cameras-compatibles\/\">cam\u00e9ras<\/a>, <a href=\"https:\/\/inogeni.com\/fr\/assistance\/logiciels-compatibles\/\">CODECs, Soft-Codecs et outils de collaboration compatibles.<\/a>","texte_container_width":" normal"},{"acf_fc_layout":"compatibility","compatibility_row":[{"compatibility_title":"Cam\u00e9ras","softwares":[{"software":761},{"software":755},{"software":743},{"software":2768},{"software":2770}]},{"compatibility_title":"CODEC","softwares":[{"software":745},{"software":751},{"software":4812},{"software":4808},{"software":2766}]},{"compatibility_title":"Soft CODEC","softwares":[{"software":2772},{"software":2774},{"software":3134}]},{"compatibility_title":"Outils de collaborations BYOD\/BYOM","softwares":[{"software":6273}]}]}],"background_color_section":"","background_image":"","background_image_mobile":"","background_valign":"vcenter","background_halign":"hcenter","background_size":"normal","display_title":"default","general_style":"default","auto_height":"default","container_width":" small","padding_lateral":" ","margin_top":0,"margin_bottom":0,"margin_top_mobile":0,"margin_bottom_mobile":0,"padding_top":40,"padding_bottom":40,"padding_top_mobile":40,"padding_bottom_mobile":40,"hide_section":"0","id_section":""},{"acf_fc_layout":"section","section_surtitre":"","titre":"Notre distinction","section_soustitre":"","contenu":[{"acf_fc_layout":"texte","texte":"<h2>Intelligent et fiable<\/h2>\r\nDepuis sa fondation en 2015, l'innovation et la r\u00e9solution de v\u00e9ritables d\u00e9fis AV ont toujours \u00e9t\u00e9 la priorit\u00e9 absolue de notre entreprise. Nos produits prim\u00e9s sont fabriqu\u00e9s au Canada avec les normes de qualit\u00e9 les plus \u00e9lev\u00e9es.\r\n\r\n<strong>Prix et distinctions :<\/strong>\r\n\r\n<strong>2017 \u2013 SHARE2U<\/strong> \u2013 Best of Show \u00e0 InfoComm remis par <em>AV TECHNOLOGY<\/em>\r\n\r\n<strong>2021 \u2013 TOGGLE<\/strong> \u2013 <em>AV AWARD<\/em> remis par <em>AV MAGAZINE<\/em>\r\n\r\n<strong>2022 \u2013 U-CAM<\/strong> \u2013 Best of Show \u00e0 InfoComm dans la cat\u00e9gorie <em>AV\u00a0TECHNOLOGY<\/em>\r\n\r\n<strong>2022 \u2013 INOGENI<\/strong> \u2013 <em>MercadOr Qu\u00e9bec<\/em> dans la cat\u00e9gorie <em>Rayonnement hors Qu\u00e9bec<\/em>\r\n\r\n<strong>2023 \u2013 CAM230<\/strong> \u2013 Best of Show \u00e0 InfoComm dans la cat\u00e9gorie <em>AV\u00a0TECHNOLOGY<\/em>\r\n\r\n<strong>2023 \u2013 CAM230<\/strong> \u2013 Best of Show \u00e0 ISE dans les cat\u00e9gories <em>AV TECHNOLOGY<\/em> et <em>SOUND &amp; VIDEO CONTRACTOR<\/em>\r\n\r\n<strong>2023 \u2013 CAM230<\/strong> \u2013 <em>Best of InfoComm<\/em> d\u00e9cern\u00e9 par <em>rAVe<\/em>\r\n\r\n<strong>2024 \u2013 TOGGLE ROOMS<\/strong> \u2013 Best of Show \u00e0 ISE dans les cat\u00e9gories <em>AV\u00a0TECHNOLOGY<\/em> et <em>SOUND &amp; VIDEO CONTRACTOR<\/em>\r\n\r\n<strong>2024 \u2013 TOGGLE ROOMS XT<\/strong> \u2013 Best of Show \u00e0 InfoComm dans les cat\u00e9gories <em>AV TECHNOLOGY<\/em> et <em>SOUND &amp; VIDEO CONTRACTOR<\/em>\r\n\r\n<strong>2024 \u2013 TOGGLE ROOMS XT<\/strong> \u2013 <em>Best of the AV Market<\/em>\r\n\r\n<strong>2024 \u2013 TOGGLE ROOMS<\/strong> \u2013 <em>AV AWARD<\/em> d\u00e9cern\u00e9 par <em>AV MAGAZINE<\/em>\r\n\r\n<strong>2025 \u2013 TOGGLE ROOMS XT<\/strong> \u2013 Best of Show \u00e0 ISE dans les cat\u00e9gories <em>AV\u00a0TECHNOLOGY<\/em> et <em>SOUND &amp; VIDEO CONTRACTOR<\/em>","texte_container_width":" normal"},{"acf_fc_layout":"awards","awards_row":[{"awards_title":"TOGGLE ROOMS XT \u2013 5x r\u00e9cipiendaire du prix Best of Show","awards_link":"","awards_content":"Le TOGGLE ROOMS XT a \u00e9t\u00e9 reconnu \u00e0 cinq reprises comme <em>Best of Show<\/em> pour ses fonctions avanc\u00e9es de commutation BYOD\/BYOM avec extension int\u00e9gr\u00e9e. Con\u00e7u pour la collaboration vid\u00e9o 4K sans compromis, il offre une flexibilit\u00e9 et une efficacit\u00e9 in\u00e9gal\u00e9es pour les salles de r\u00e9union.","awards_image":""},{"awards_title":"TOGGLE ROOMS \u2013 5x r\u00e9compens\u00e9","awards_link":"","awards_content":"La s\u00e9rie TOGGLE ROOMS a re\u00e7u cinq prix majeurs de l\u2019industrie, dont le prestigieux <em>AV Award<\/em> d\u2019AV Magazine. Ce s\u00e9lecteur BYOD\/BYOM 4K r\u00e9volutionne les espaces de r\u00e9union en permettant \u00e0 trois h\u00f4tes de contr\u00f4ler facilement les p\u00e9riph\u00e9riques de salle.","awards_image":""},{"awards_title":"CAM230 \u2013 3x r\u00e9cipiendaire du prix Best of Show","awards_link":"","awards_content":"Le CAM230, commutateur de cam\u00e9ras USB\/HDMI, est la solution id\u00e9ale pour la formation et les applications multicam\u00e9ras. Il s\u2019int\u00e8gre parfaitement aux zones sonores de Nureva pour un basculement automatique des cam\u00e9ras, garantissant une exp\u00e9rience utilisateur optimale.","awards_image":""},{"awards_title":"U-CAM \u2013 Prix Best of Show \u00e0 InfoComm 2022","awards_link":"","awards_content":"Premier et seul convertisseur USB vers HDMI pour cam\u00e9ra et audio","awards_image":2885},{"awards_title":"TOGGLE \u2013 Gagnant de l\u2019AV Award 2021 d\u2019AV MAGAZINE","awards_link":"","awards_content":"Premier commutateur de p\u00e9riph\u00e9riques USB\u00a03.0 contr\u00f4lable et intelligent pour les applications BYOM. Gagnant de la cat\u00e9gorie \u00ab\u00a0Technologie de traitement et de distribution de l\u2019ann\u00e9e\u00a0\u00bb lors des<a href=\"https:\/\/avawards.com\/avawards2022\/en\/page\/home\"><em>\u00a02021 AV Awards<\/em><\/a>.","awards_image":233},{"awards_title":"4KX-PLUS \u2013 Solution BYOM Cisco Webex (2021)","awards_link":"","awards_content":"Fabricant s\u00e9lectionn\u00e9 par Cisco pour les appareils audiovisuels permettant de cr\u00e9er des vid\u00e9oconf\u00e9rences Teams ou Zoom (BYOD) avec un ordinateur portable tout en utilisant les \u00e9quipements de la salle de r\u00e9union Cisco Webex.","awards_image":2112},{"awards_title":"SHARE2U \u2013 Prix de l\u2019innovation \u00e0 InfoComm 2017","awards_link":"","awards_content":"Premier et unique mixeur et s\u00e9lecteur de cam\u00e9ras USB.\r\n\r\nMixeur et s\u00e9lecteur de cam\u00e9ras de r\u00e9f\u00e9rence pour les universit\u00e9s et les \u00e9tablissements d\u2019enseignement sup\u00e9rieur en Am\u00e9rique du Nord et en Europe.","awards_image":765}]}],"background_color_section":"","background_image":"","background_image_mobile":"","background_valign":"vcenter","background_halign":"hcenter","background_size":"normal","display_title":"default","general_style":"default","auto_height":"default","container_width":" small","padding_lateral":" ","margin_top":0,"margin_bottom":0,"margin_top_mobile":0,"margin_bottom_mobile":0,"padding_top":40,"padding_bottom":0,"padding_top_mobile":40,"padding_bottom_mobile":0,"hide_section":"0","id_section":""},{"acf_fc_layout":"section","section_surtitre":"","titre":"Pro AV integrator","section_soustitre":"","contenu":[{"acf_fc_layout":"bloc_2_colonnes","bloc_colonnes":[{"colonne_type":"col_text","bloc_2_colonnes_title":"Int\u00e9grateur AV professionnel","bloc_2_colonnes_surtitle":"","bloc_2_colonnes_subtitle":"","bloc_2_colonnes_text":"Les int\u00e9grateurs AV professionnels d'INOGENI peuvent installer et int\u00e9grer tous nos appareils selon les normes les plus strictes. Nous leur fournissons une formation approfondie afin qu'ils puissent vous aider \u00e0 cr\u00e9er les exp\u00e9riences de vid\u00e9oconf\u00e9rence exceptionnelles dont vous avez besoin.","buttons_cta":{"button_repeater":null},"bloc_colonnes_partners":null,"bloc_2_colonnes_image":"","contenu_video":"","contenu_video_vimeo":""},{"colonne_type":"col_image","bloc_2_colonnes_title":"","bloc_2_colonnes_surtitle":"","bloc_2_colonnes_subtitle":"","bloc_2_colonnes_text":"","buttons_cta":{"button_repeater":null},"bloc_colonnes_partners":null,"bloc_2_colonnes_image":812,"contenu_video":"","contenu_video_vimeo":""}]}],"background_color_section":"","background_image":"","background_image_mobile":"","background_valign":"vcenter","background_halign":"hcenter","background_size":"normal","display_title":"default","general_style":"default","auto_height":"default","container_width":" small","padding_lateral":" ","margin_top":60,"margin_bottom":60,"margin_top_mobile":40,"margin_bottom_mobile":40,"padding_top":0,"padding_bottom":0,"padding_top_mobile":0,"padding_bottom_mobile":0,"hide_section":"0","id_section":""},{"acf_fc_layout":"section","section_surtitre":"","titre":"Notre r\u00e9seau de distribution mondial","section_soustitre":"","contenu":[{"acf_fc_layout":"appel_action","titre_cta":"Notre r\u00e9seau de distribution mondial","texte_cta":"Les solutions AV Pro d\u2019INOGENI sont distribu\u00e9es dans le monde entier via notre r\u00e9seau de distributeurs et revendeurs\/int\u00e9grateurs professionnels.","image_cta":3225,"button_repeater_cta":[{"element_bouton":{"title":"Acheter","url":"https:\/\/inogeni.com\/fr\/acheter\/","target":""},"icon":"","element_bouton_type":"opaque-color-black"}]}],"background_color_section":"","background_image":"","background_image_mobile":"","background_valign":"vcenter","background_halign":"hcenter","background_size":"normal","display_title":"default","general_style":"default","auto_height":"default","container_width":" normal","padding_lateral":" ","margin_top":60,"margin_bottom":60,"margin_top_mobile":40,"margin_bottom_mobile":40,"padding_top":0,"padding_bottom":0,"padding_top_mobile":0,"padding_bottom_mobile":0,"hide_section":"0","id_section":""},{"acf_fc_layout":"section","section_surtitre":"","titre":"Des partenaires de fabrication \u00e0 la fine pointe du progr\u00e8s","section_soustitre":"","contenu":[{"acf_fc_layout":"bloc_2_colonnes","bloc_colonnes":[{"colonne_type":"col_image","bloc_2_colonnes_title":"","bloc_2_colonnes_surtitle":"","bloc_2_colonnes_subtitle":"","bloc_2_colonnes_text":"","buttons_cta":{"button_repeater":null},"bloc_colonnes_partners":null,"bloc_2_colonnes_image":808,"contenu_video":"","contenu_video_vimeo":""},{"colonne_type":"col_text","bloc_2_colonnes_title":"Des partenaires de fabrication \u00e0 la fine pointe du progr\u00e8s","bloc_2_colonnes_surtitle":"","bloc_2_colonnes_subtitle":"","bloc_2_colonnes_text":"INOGENI ne s'associe qu'avec des entreprises manufacturi\u00e8res avis\u00e9es qui satisfont \u00e0 nos normes technologiques et ESG rigoureuses. Elles partagent la m\u00eame vision que la n\u00f4tre pour d\u00e9velopper des solutions de vid\u00e9oconf\u00e9rence performantes et robustes.","buttons_cta":{"button_repeater":null},"bloc_colonnes_partners":null,"bloc_2_colonnes_image":"","contenu_video":"","contenu_video_vimeo":""}]}],"background_color_section":"","background_image":"","background_image_mobile":"","background_valign":"vcenter","background_halign":"hcenter","background_size":"normal","display_title":"default","general_style":"default","auto_height":"default","container_width":" small","padding_lateral":" ","margin_top":60,"margin_bottom":60,"margin_top_mobile":40,"margin_bottom_mobile":40,"padding_top":0,"padding_bottom":0,"padding_top_mobile":0,"padding_bottom_mobile":0,"hide_section":"0","id_section":""},{"acf_fc_layout":"section","section_surtitre":"","titre":"Lancez votre carri\u00e8re chez INOGENI","section_soustitre":"","contenu":[{"acf_fc_layout":"bloc_2_colonnes","bloc_colonnes":[{"colonne_type":"col_text","bloc_2_colonnes_title":"Lancez votre carri\u00e8re chez INOGENI","bloc_2_colonnes_surtitle":"","bloc_2_colonnes_subtitle":"","bloc_2_colonnes_text":"Vous \u00eates \u00e0 la recherche d'une nouvelle carri\u00e8re dans un environnement de travail rapide et dynamique qui favorise l'innovation, la collaboration et la priorit\u00e9 donn\u00e9e aux personnes ? Si vous avez un \u00e9tat d'esprit ax\u00e9 sur le client et une attitude positive, nous voulons vous conna\u00eetre !","buttons_cta":{"button_repeater":[{"element_bouton":{"title":"Voir les postes \u00e0 pourvoir","url":"https:\/\/inogeni.com\/fr\/carrieres\/","target":""},"icon":"","element_bouton_type":"opaque-color-main"}]},"bloc_colonnes_partners":null,"bloc_2_colonnes_image":"","contenu_video":"","contenu_video_vimeo":""},{"colonne_type":"col_image","bloc_2_colonnes_title":"Leading-edge manufacturing partners","bloc_2_colonnes_surtitle":"","bloc_2_colonnes_subtitle":"","bloc_2_colonnes_text":"Ecae simeniscid eatio te nonsequatis eatur recaboribus derferem et perrorem erum ea nihil mintiur aped ea ad maio test voluptas untotat iaturitet qui dolore num qui te pre, iume re aut perrores dolliqui ni rehent eatqui .","buttons_cta":{"button_repeater":null},"bloc_colonnes_partners":null,"bloc_2_colonnes_image":810,"contenu_video":"","contenu_video_vimeo":""}]}],"background_color_section":"","background_image":"","background_image_mobile":"","background_valign":"vcenter","background_halign":"hcenter","background_size":"normal","display_title":"default","general_style":"default","auto_height":"default","container_width":" small","padding_lateral":" ","margin_top":60,"margin_bottom":60,"margin_top_mobile":40,"margin_bottom_mobile":40,"padding_top":0,"padding_bottom":0,"padding_top_mobile":0,"padding_bottom_mobile":0,"hide_section":"0","id_section":""},{"acf_fc_layout":"section","section_surtitre":"","titre":"Notre engagement pour un avenir durable","section_soustitre":"","contenu":[{"acf_fc_layout":"bloc_2_colonnes","bloc_colonnes":[{"colonne_type":"col_image","bloc_2_colonnes_title":"","bloc_2_colonnes_surtitle":"","bloc_2_colonnes_subtitle":"","bloc_2_colonnes_text":"","buttons_cta":{"button_repeater":null},"bloc_colonnes_partners":null,"bloc_2_colonnes_image":8986,"contenu_video":"","contenu_video_vimeo":""},{"colonne_type":"col_text","bloc_2_colonnes_title":"Notre engagement pour un avenir durable","bloc_2_colonnes_surtitle":"","bloc_2_colonnes_subtitle":"","bloc_2_colonnes_text":"Chez INOGENI, nous croyons en une technologie qui non seulement encourage l'innovation, mais qui contribue \u00e9galement \u00e0 un impact positif sur notre monde. D\u00e9couvrez comment nous int\u00e9grons la responsabilit\u00e9 environnementale, l'\u00e9quit\u00e9 sociale et une gouvernance solide dans toutes nos actions.","buttons_cta":{"button_repeater":[{"element_bouton":{"title":"Visitez notre page d\u2019engagement ESG","url":"https:\/\/inogeni.com\/fr\/engagement-esg\/","target":""},"icon":"","element_bouton_type":"opaque-color-main"}]},"bloc_colonnes_partners":null,"bloc_2_colonnes_image":"","contenu_video":"","contenu_video_vimeo":""}]}],"background_color_section":"","background_image":"","background_image_mobile":"","background_valign":"vcenter","background_halign":"hcenter","background_size":"normal","display_title":"default","general_style":"default","auto_height":"default","container_width":" small","padding_lateral":" ","margin_top":60,"margin_bottom":60,"margin_top_mobile":40,"margin_bottom_mobile":40,"padding_top":0,"padding_bottom":0,"padding_top_mobile":0,"padding_bottom_mobile":0,"hide_section":"0","id_section":""},{"acf_fc_layout":"section","section_surtitre":"","titre":"Rencontrez l'\u00e9quipe","section_soustitre":"","contenu":[{"acf_fc_layout":"texte","texte":"<h2>Rencontrez l'\u00e9quipe<\/h2>","texte_container_width":" normal"},{"acf_fc_layout":"equipe"}],"background_color_section":"","background_image":"","background_image_mobile":"","background_valign":"vcenter","background_halign":"hcenter","background_size":"normal","display_title":"default","general_style":"default","auto_height":"default","container_width":" normal","padding_lateral":" ","margin_top":0,"margin_bottom":0,"margin_top_mobile":0,"margin_bottom_mobile":0,"padding_top":40,"padding_bottom":40,"padding_top_mobile":40,"padding_bottom_mobile":40,"hide_section":"0","id_section":""}]},"_links":{"self":[{"href":"https:\/\/inogeni.com\/fr\/wp-json\/wp\/v2\/pages\/3966","targetHints":{"allow":["GET"]}}],"collection":[{"href":"https:\/\/inogeni.com\/fr\/wp-json\/wp\/v2\/pages"}],"about":[{"href":"https:\/\/inogeni.com\/fr\/wp-json\/wp\/v2\/types\/page"}],"author":[{"embeddable":true,"href":"https:\/\/inogeni.com\/fr\/wp-json\/wp\/v2\/users\/14"}],"replies":[{"embeddable":true,"href":"https:\/\/inogeni.com\/fr\/wp-json\/wp\/v2\/comments?post=3966"}],"version-history":[{"count":15,"href":"https:\/\/inogeni.com\/fr\/wp-json\/wp\/v2\/pages\/3966\/revisions"}],"predecessor-version":[{"id":9707,"href":"https:\/\/inogeni.com\/fr\/wp-json\/wp\/v2\/pages\/3966\/revisions\/9707"}],"wp:attachment":[{"href":"https:\/\/inogeni.com\/fr\/wp-json\/wp\/v2\/media?parent=3966"}],"wp:term":[{"taxonomy":"post_tag","embeddable":true,"href":"https:\/\/inogeni.com\/fr\/wp-json\/wp\/v2\/tags?post=3966"}],"curies":[{"name":"wp","href":"https:\/\/api.w.org\/{rel}","templated":true}]}}