{"id":3985,"date":"2022-05-16T16:46:11","date_gmt":"2022-05-16T20:46:11","guid":{"rendered":"https:\/\/inogeni.com\/contact\/"},"modified":"2022-12-19T09:51:21","modified_gmt":"2022-12-19T14:51:21","slug":"contact","status":"publish","type":"page","link":"https:\/\/inogeni.com\/fr\/contact\/","title":{"rendered":"Contact"},"content":{"rendered":"","protected":false},"excerpt":{"rendered":"","protected":false},"author":14,"featured_media":0,"parent":0,"menu_order":42,"comment_status":"closed","ping_status":"closed","template":"templates\/template-contact.php","meta":{"_acf_changed":false,"footnotes":""},"tags":[],"class_list":["post-3985","page","type-page","status-publish","hentry"],"acf":{"sections_sections":[{"acf_fc_layout":"section","section_surtitre":"","titre":"Demandes de renseignements sur la distribution","section_soustitre":"","contenu":[{"acf_fc_layout":"formulaire","formulaire_titre":"Demandes de renseignements sur la distribution","formulaire":"1"}],"background_color_section":"","background_image":"","background_image_mobile":"","background_valign":"vcenter","background_halign":"hcenter","background_size":"normal","display_title":"default","general_style":"default","auto_height":"default","container_width":" small","padding_lateral":" ","margin_top":0,"margin_bottom":0,"margin_top_mobile":0,"margin_bottom_mobile":0,"padding_top":80,"padding_bottom":80,"padding_top_mobile":80,"padding_bottom_mobile":80,"hide_section":"0","id_section":""},{"acf_fc_layout":"section","section_surtitre":"","titre":"D'autres questions ?","section_soustitre":"","contenu":[{"acf_fc_layout":"texte","texte":"<h2>D'autres questions ?<\/h2>\r\nVous trouverez peut-\u00eatre votre r\u00e9ponse beaucoup plus rapidement en lisant notre <a href=\"https:\/\/inogeni.com\/fr\/support\/faq-knowledge-base\/\">FAQ<\/a>, mais si vous avez encore des difficult\u00e9s, n'h\u00e9sitez pas \u00e0 nous contacter.","texte_container_width":" normal"}],"background_color_section":"","background_image":"","background_image_mobile":"","background_valign":"vcenter","background_halign":"hcenter","background_size":"normal","display_title":"default","general_style":"default","auto_height":"default","container_width":" small","padding_lateral":" ","margin_top":0,"margin_bottom":0,"margin_top_mobile":0,"margin_bottom_mobile":0,"padding_top":80,"padding_bottom":80,"padding_top_mobile":80,"padding_bottom_mobile":80,"hide_section":"0","id_section":""},{"acf_fc_layout":"section","section_surtitre":"","titre":"Services de R et D","section_soustitre":"","contenu":[{"acf_fc_layout":"texte","texte":"<h2>Services de R et D<\/h2>\r\nVenez nous rendre visite si vous avez des besoins ou des exigences particuli\u00e8res. Nous sommes vos sp\u00e9cialistes pour les appareils PRO AV personnalis\u00e9s.","texte_container_width":" normal"}],"background_color_section":"","background_image":"","background_image_mobile":"","background_valign":"vcenter","background_halign":"hcenter","background_size":"normal","display_title":"default","general_style":"default","auto_height":"default","container_width":" small","padding_lateral":" ","margin_top":0,"margin_bottom":0,"margin_top_mobile":0,"margin_bottom_mobile":0,"padding_top":80,"padding_bottom":80,"padding_top_mobile":80,"padding_bottom_mobile":80,"hide_section":"0","id_section":""},{"acf_fc_layout":"section","section_surtitre":"","titre":"Demandes de renseignements sur le marketing","section_soustitre":"","contenu":[{"acf_fc_layout":"texte","texte":"<h2>Demandes de renseignements sur le marketing<\/h2>\r\nContactez <a href=\"mailto:sales@inogeni.com\">sales@inogeni.com<\/a> pour obtenir l'acc\u00e8s \u00e0 notre portail de marketing, qui contient tous les logos, photos et mat\u00e9riels de marketing en haute r\u00e9solution.","texte_container_width":" normal"}],"background_color_section":"","background_image":"","background_image_mobile":"","background_valign":"vcenter","background_halign":"hcenter","background_size":"normal","display_title":"default","general_style":"default","auto_height":"default","container_width":" small","padding_lateral":" ","margin_top":0,"margin_bottom":0,"margin_top_mobile":0,"margin_bottom_mobile":0,"padding_top":80,"padding_bottom":80,"padding_top_mobile":80,"padding_bottom_mobile":80,"hide_section":"0","id_section":""}]},"_links":{"self":[{"href":"https:\/\/inogeni.com\/fr\/wp-json\/wp\/v2\/pages\/3985","targetHints":{"allow":["GET"]}}],"collection":[{"href":"https:\/\/inogeni.com\/fr\/wp-json\/wp\/v2\/pages"}],"about":[{"href":"https:\/\/inogeni.com\/fr\/wp-json\/wp\/v2\/types\/page"}],"author":[{"embeddable":true,"href":"https:\/\/inogeni.com\/fr\/wp-json\/wp\/v2\/users\/14"}],"replies":[{"embeddable":true,"href":"https:\/\/inogeni.com\/fr\/wp-json\/wp\/v2\/comments?post=3985"}],"version-history":[{"count":6,"href":"https:\/\/inogeni.com\/fr\/wp-json\/wp\/v2\/pages\/3985\/revisions"}],"predecessor-version":[{"id":5077,"href":"https:\/\/inogeni.com\/fr\/wp-json\/wp\/v2\/pages\/3985\/revisions\/5077"}],"wp:attachment":[{"href":"https:\/\/inogeni.com\/fr\/wp-json\/wp\/v2\/media?parent=3985"}],"wp:term":[{"taxonomy":"post_tag","embeddable":true,"href":"https:\/\/inogeni.com\/fr\/wp-json\/wp\/v2\/tags?post=3985"}],"curies":[{"name":"wp","href":"https:\/\/api.w.org\/{rel}","templated":true}]}}