{"id":3997,"date":"2022-05-16T16:45:12","date_gmt":"2022-05-16T20:45:12","guid":{"rendered":"https:\/\/inogeni.com\/support\/"},"modified":"2025-12-19T14:19:36","modified_gmt":"2025-12-19T19:19:36","slug":"assistance","status":"publish","type":"page","link":"https:\/\/inogeni.com\/fr\/assistance\/","title":{"rendered":"Assistance"},"content":{"rendered":"","protected":false},"excerpt":{"rendered":"","protected":false},"author":14,"featured_media":0,"parent":0,"menu_order":54,"comment_status":"closed","ping_status":"closed","template":"","meta":{"_acf_changed":false,"footnotes":""},"tags":[],"class_list":["post-3997","page","type-page","status-publish","hentry"],"acf":{"sections_sections":[{"acf_fc_layout":"section","section_surtitre":"","titre":"Support","section_soustitre":"","contenu":[{"acf_fc_layout":"knowledge_bases","support_quick_links":[{"link":{"title":"FAQ\/Base de connaissances","url":"https:\/\/inogeni.atlassian.net\/servicedesk\/customer\/portal\/3","target":"_blank"}},{"link":{"title":"Logiciels","url":"\/fr\/assistance\/logiciels\/","target":""}},{"link":{"title":"Logiciels compatibles","url":"\/fr\/assistance\/logiciels-compatibles\/","target":""}},{"link":{"title":"Cam\u00e9ras compatibles","url":"\/fr\/assistance\/cameras-compatibles\/","target":""}},{"link":{"title":"Extensions USB compatibles","url":"\/fr\/assistance\/extensions-usb-compatibles\/","target":""}},{"link":{"title":"Enregistrement du produit","url":"\/fr\/assistance\/enregistrement-du-produit\/","target":""}}],"support_product_title":"Vous trouverez ici des fils de discussion utiles sur les produits et des questions g\u00e9n\u00e9rales que nos clients nous ont pos\u00e9es."}],"background_color_section":"","background_image":"","background_image_mobile":"","background_valign":"vcenter","background_halign":"hcenter","background_size":"normal","display_title":"default","general_style":"default","auto_height":"default","container_width":" large","padding_lateral":" ","margin_top":0,"margin_bottom":0,"margin_top_mobile":0,"margin_bottom_mobile":0,"padding_top":40,"padding_bottom":0,"padding_top_mobile":40,"padding_bottom_mobile":0,"hide_section":"0","id_section":""},{"acf_fc_layout":"section_globale","section":614,"background_color_section":"","background_image":"","background_image_mobile":"","background_valign":"vcenter","background_halign":"hcenter","background_size":"normal","display_title":"default","general_style":"default","auto_height":"default","container_width":" small","padding_lateral":" ","margin_top":0,"margin_bottom":0,"margin_top_mobile":0,"margin_bottom_mobile":0,"padding_top":80,"padding_bottom":80,"padding_top_mobile":80,"padding_bottom_mobile":80,"hide_section":"0","id_section":""}]},"_links":{"self":[{"href":"https:\/\/inogeni.com\/fr\/wp-json\/wp\/v2\/pages\/3997","targetHints":{"allow":["GET"]}}],"collection":[{"href":"https:\/\/inogeni.com\/fr\/wp-json\/wp\/v2\/pages"}],"about":[{"href":"https:\/\/inogeni.com\/fr\/wp-json\/wp\/v2\/types\/page"}],"author":[{"embeddable":true,"href":"https:\/\/inogeni.com\/fr\/wp-json\/wp\/v2\/users\/14"}],"replies":[{"embeddable":true,"href":"https:\/\/inogeni.com\/fr\/wp-json\/wp\/v2\/comments?post=3997"}],"version-history":[{"count":5,"href":"https:\/\/inogeni.com\/fr\/wp-json\/wp\/v2\/pages\/3997\/revisions"}],"predecessor-version":[{"id":12073,"href":"https:\/\/inogeni.com\/fr\/wp-json\/wp\/v2\/pages\/3997\/revisions\/12073"}],"wp:attachment":[{"href":"https:\/\/inogeni.com\/fr\/wp-json\/wp\/v2\/media?parent=3997"}],"wp:term":[{"taxonomy":"post_tag","embeddable":true,"href":"https:\/\/inogeni.com\/fr\/wp-json\/wp\/v2\/tags?post=3997"}],"curies":[{"name":"wp","href":"https:\/\/api.w.org\/{rel}","templated":true}]}}