{"id":4004,"date":"2022-07-20T13:53:34","date_gmt":"2022-07-20T17:53:34","guid":{"rendered":"https:\/\/inogeni.com\/support\/software-tools\/"},"modified":"2025-12-18T09:43:35","modified_gmt":"2025-12-18T14:43:35","slug":"logiciels","status":"publish","type":"page","link":"https:\/\/inogeni.com\/fr\/assistance\/logiciels\/","title":{"rendered":"Logiciels"},"content":{"rendered":"","protected":false},"excerpt":{"rendered":"","protected":false},"author":14,"featured_media":0,"parent":3997,"menu_order":58,"comment_status":"closed","ping_status":"closed","template":"","meta":{"_acf_changed":false,"footnotes":""},"tags":[],"class_list":["post-4004","page","type-page","status-publish","hentry"],"acf":{"sections_sections":[{"acf_fc_layout":"section","section_surtitre":"","titre":"Downloadable content","section_soustitre":"","contenu":[{"acf_fc_layout":"texte","texte":"<strong>LOGICIELS<\/strong>\r\n\r\nPour chaque produit, vous trouverez les outils logiciels et les documents suivants :\r\n\r\n&gt;\u00a0Logiciel de cont\u00f4le (Windows et Mac) pour configurer et mettre \u00e0 jour l'appareil\r\n&gt; Control App et Maestro (Zip et programmes)\r\n&gt; Micrologiciels\/Firmware (nomm\u00e9 Release 1.xx.x avec une date) (Zip)\r\n&gt; Modules partenaires, programmes et plug-in (Zip)\r\n&gt; Documentation, comme les notes de mise \u00e0 jour, les guides d'utilisation et les guides de d\u00e9marrage rapide (PDF)\r\n\r\n<strong><u>Cat\u00e9gories de produits : Produits<\/u><\/strong>\r\n\r\n<strong><em>Mixeurs \u00e0 double entr\u00e9e :<\/em><\/strong> \u00a0SHARE2U | SHARE2\r\n\r\n<strong><em>Mixeurs pour 3 ou 4 cam\u00e9ras :<\/em><\/strong> CAM300 | CAM230\r\n\r\n<strong><em>Commutateurs BYOD\/BYOM :<\/em> <\/strong>TOGGLE | TOGGLE DOCK 2x1 | TOGGLE ROOMS |TOGGLE ROOMS XT\r\n\r\n<em><strong>Convertisseurs USB 3.0 :<\/strong> <\/em>U-CAM | 4KX-PLUS | 4KXUSB3 | 4K2USB3 | HD2USB3 | SDI2USB3 | DVIUSB | VGA2USB3","texte_container_width":" large"},{"acf_fc_layout":"product_quick_links","quicklinks_software_tools":[{"st_title":"notre application de contr\u00f4le","st_links":[{"stl_link":{"title":"macOS - INOGENI Control App v3.12.55","url":"\/macos-control-app","target":"_blank"},"stl_icon":852},{"stl_link":{"title":"Windows - INOGENI Control App v3.12.76","url":"\/windows-inogeni-control-app","target":"_blank"},"stl_icon":850}],"st_description":"<strong>L'application INOGENI Control App<\/strong> vous permet de <strong>mettre \u00e0 niveau<\/strong> et de <strong>contr\u00f4ler<\/strong> tous les appareils INOGENI. Vous n'avez pas besoin de ce logiciel pour faire fonctionner l'appareil. Il vous permet simplement d'effectuer les tests dont vous avez besoin.\r\n\r\n<\/br><\/br>\r\nSi vous rencontrez des difficult\u00e9s pour acc\u00e9der au site Web d'INOGENI alors que vous utilisez une ancienne mise \u00e0 jour du Control App (v3.12.17 ou ant\u00e9rieure), veuillez t\u00e9l\u00e9charger cette nouvelle mise \u00e0 jour.\r\n"},{"st_title":"le Contr\u00f4leur d'appareils MAESTRO pour <\/br><span class=\"text-color-secondary\">TOGGLE ROOMS<\/span>, <span class=\"text-color-secondary\">TOGGLE ROOMS XT<\/span>, <span class=\"text-color-secondary\">TOGGLE DOCK 2x1<\/span>, <span class=\"text-color-secondary\">SHARE2U<\/span> et <span class=\"text-color-secondary\">CAM300<\/span>","st_links":[{"stl_link":{"title":"Windows - MAESTRO Device controller - v2.3.1","url":"\/maestro-device-controller","target":""},"stl_icon":851},{"stl_link":{"title":"Maestro \u2013 Notes de mise \u00e0 jour","url":"\/maestro-releasenotes","target":"_blank"},"stl_icon":""}],"st_description":"<strong>R\u00e9visez et personnalisez votre appareil TOGGLE ROOMS ou TOGGLE ROOMS XT ou TOGGLE DOCK 2x1 ou SHARE2U ou CAM300 gr\u00e2ce \u00e0 :<\/strong> Mises \u00e0 jour simples du micrologiciel (firmware), surveillance de l\u2019\u00e9tat en temps r\u00e9el, configuration simplifi\u00e9e de l\u2019appareil.\r\n\r\n<\/br><\/br>\r\nT\u00e9l\u00e9chargez le logiciel Contr\u00f4leur d\u2019appareils MAESTRO pour le TOGGLE ROOMS, TOGGLE ROOMS XT, TOGGLE DOCK 2x1, SHARE2U et CAM300. N\u2019oubliez pas que ce logiciel am\u00e9liore votre exp\u00e9rience, mais qu\u2019il n'est pas n\u00e9cessaire pour le fonctionnement de base de l\u2019appareil."}],"product_quick_links_cat":[{"ql_title":"Mixeurs \u00e0 double entr\u00e9es ","ql_products":[239,2256]},{"ql_title":"Commutateurs pour 4 ou 3 cam\u00e9ras","ql_products":[2280,5130]},{"ql_title":"Commutateurs BYOD\/BYOM ","ql_products":[9992,2358,6809,7637]},{"ql_title":"Cartes de capture \/ Convertisseurs USB 3.0\/2.0 ","ql_products":[9921,2396,2440,2709,2593,2744,2777,2795,2816]},{"ql_title":"Extendeurs USB","ql_products":[6810,7705,9941]}]}],"background_color_section":"","background_image":"","background_image_mobile":"","background_valign":"vcenter","background_halign":"hcenter","background_size":"normal","display_title":"default","general_style":"default","auto_height":"default","container_width":" large","padding_lateral":" ","margin_top":0,"margin_bottom":0,"margin_top_mobile":0,"margin_bottom_mobile":0,"padding_top":80,"padding_bottom":80,"padding_top_mobile":80,"padding_bottom_mobile":80,"hide_section":"0","id_section":""},{"acf_fc_layout":"section","section_surtitre":"","titre":"Instructions","section_soustitre":"","contenu":[{"acf_fc_layout":"instructions","instructions_section_title":"","instructions_row":[{"instruction_title":"T\u00e9l\u00e9chargez <strong>l'application INOGENI Control App<\/strong> disponible dans le haut de cette page."},{"instruction_title":"Connectez l\u2019\u00e9quipement INOGENI \u00e0 l'ordinateur avec un c\u00e2ble USB 3.0."},{"instruction_title":"Ouvrez le logiciel <strong>INOGENI Control App<\/strong> Vous trouverez ci-dessous l'interface de l'application."},{"instruction_title":"Si vous voulez v\u00e9rifier que vous avez le dernier micrologiciel (firmware) sur votre appareil, il suffit de s\u00e9lectionner <strong>Update >> Auto-Update<\/strong>. L'application recherchera alors une mise \u00e0 jour plus r\u00e9cente et se chargera de la mise \u00e0 jour. Si vous souhaitez appliquer un jeu de micrologiciels sp\u00e9cifique, vous pouvez cliquer sur <strong>Mise \u00e0 jour >> S\u00e9lectionner le paquet de mise \u00e0 jour<\/strong> et naviguer jusqu'au fichier Updater.ini du paquet de micrologiciels."},{"instruction_title":"<strong>L'application INOGENI Control App<\/strong> mettra alors \u00e0 jour les sections appropri\u00e9es si n\u00e9cessaire."},{"instruction_title":"Attendez que la mise \u00e0 jour soit termin\u00e9e avant d'utiliser ou de retirer l'appareil INOGENI. Ne d\u00e9branchez pas le dispositif pendant la mise \u00e0 jour."},{"instruction_title":"Vous pouvez quitter le logiciel et vous pouvez maintenant utiliser l\u2019\u00e9quipement INOGENI avec le dernier micrologiciel !"}],"instructions_images":[{"instruction_screenshot":871},{"instruction_screenshot":873}]}],"background_color_section":"","background_image":"","background_image_mobile":"","background_valign":"vcenter","background_halign":"hcenter","background_size":"normal","display_title":"default","general_style":"default","auto_height":"default","container_width":" large","padding_lateral":" ","margin_top":0,"margin_bottom":0,"margin_top_mobile":0,"margin_bottom_mobile":0,"padding_top":40,"padding_bottom":40,"padding_top_mobile":40,"padding_bottom_mobile":40,"hide_section":"0","id_section":""},{"acf_fc_layout":"section_globale","section":614,"background_color_section":"","background_image":"","background_image_mobile":"","background_valign":"vcenter","background_halign":"hcenter","background_size":"normal","display_title":"default","general_style":"default","auto_height":"default","container_width":" small","padding_lateral":" ","margin_top":0,"margin_bottom":0,"margin_top_mobile":0,"margin_bottom_mobile":0,"padding_top":80,"padding_bottom":80,"padding_top_mobile":80,"padding_bottom_mobile":80,"hide_section":"0","id_section":""}]},"_links":{"self":[{"href":"https:\/\/inogeni.com\/fr\/wp-json\/wp\/v2\/pages\/4004","targetHints":{"allow":["GET"]}}],"collection":[{"href":"https:\/\/inogeni.com\/fr\/wp-json\/wp\/v2\/pages"}],"about":[{"href":"https:\/\/inogeni.com\/fr\/wp-json\/wp\/v2\/types\/page"}],"author":[{"embeddable":true,"href":"https:\/\/inogeni.com\/fr\/wp-json\/wp\/v2\/users\/14"}],"replies":[{"embeddable":true,"href":"https:\/\/inogeni.com\/fr\/wp-json\/wp\/v2\/comments?post=4004"}],"version-history":[{"count":34,"href":"https:\/\/inogeni.com\/fr\/wp-json\/wp\/v2\/pages\/4004\/revisions"}],"predecessor-version":[{"id":12061,"href":"https:\/\/inogeni.com\/fr\/wp-json\/wp\/v2\/pages\/4004\/revisions\/12061"}],"up":[{"embeddable":true,"href":"https:\/\/inogeni.com\/fr\/wp-json\/wp\/v2\/pages\/3997"}],"wp:attachment":[{"href":"https:\/\/inogeni.com\/fr\/wp-json\/wp\/v2\/media?parent=4004"}],"wp:term":[{"taxonomy":"post_tag","embeddable":true,"href":"https:\/\/inogeni.com\/fr\/wp-json\/wp\/v2\/tags?post=4004"}],"curies":[{"name":"wp","href":"https:\/\/api.w.org\/{rel}","templated":true}]}}