{"id":4013,"date":"2022-07-08T08:36:37","date_gmt":"2022-07-08T12:36:37","guid":{"rendered":"https:\/\/inogeni.com\/support\/compatible-usb-extenders\/"},"modified":"2025-06-18T12:52:35","modified_gmt":"2025-06-18T16:52:35","slug":"extensions-usb-compatibles","status":"publish","type":"page","link":"https:\/\/inogeni.com\/fr\/assistance\/extensions-usb-compatibles\/","title":{"rendered":"Extensions USB compatibles"},"content":{"rendered":"","protected":false},"excerpt":{"rendered":"","protected":false},"author":14,"featured_media":0,"parent":3997,"menu_order":64,"comment_status":"closed","ping_status":"closed","template":"","meta":{"_acf_changed":false,"footnotes":""},"tags":[],"class_list":["post-4013","page","type-page","status-publish","hentry"],"acf":{"sections_sections":[{"acf_fc_layout":"section","section_surtitre":"","titre":"Extensions USB compatibles","section_soustitre":"","contenu":[{"acf_fc_layout":"accordeons","accordeons_subtitle":"Les \u00e9quipements INOGENI ont \u00e9t\u00e9 con\u00e7us pour fonctionner avec des cam\u00e9ras et des signaux vid\u00e9o via USB, SDI, HDMI ou DVI. Cette liste contient les extendeurs USB qui ont \u00e9t\u00e9 test\u00e9s dans un laboratoire audiovisuel et qui ont pass\u00e9 avec succ\u00e8s tous les tests de compatibilit\u00e9.","el_accordeons":[{"accordeon_title":"Extendeurs USB 3.0 ","accordeon_note":"Toutes les marques et tous les logos sont des marques de commerce de leurs propri\u00e9taires respectifs. INOGENI n'est pas affili\u00e9e, sponsoris\u00e9e, autoris\u00e9e ou autrement associ\u00e9e \u00e0 ces propri\u00e9taires.\r\n\r\nSi votre extension n'est pas sur la liste ci-dessus et qu'il fonctionne bien, vous pouvez contacter notre \u00e9quipe technique afin de l'ajouter.","accordeon":[{"accordeon_content":"<h3><strong><span style=\"vertical-align: inherit;\"><span style=\"vertical-align: inherit;\">INOGENI <\/span><\/span><\/strong>\r\n<strong><span style=\"vertical-align: inherit;\"><span style=\"vertical-align: inherit;\">U-BRIDGE 3 \u2013 Extendeur USB 3.2 Gen 1<\/span><\/span><\/strong><\/h3>\r\n<i><strong><u><span style=\"vertical-align: inherit;\"><span style=\"vertical-align: inherit;\">EN STOCK MAINTENANT !<\/span><\/span><\/u><\/strong><\/i><span style=\"vertical-align: inherit;\"><span style=\"vertical-align: inherit;\"> \u00a0 Le nouvel extendeur de cam\u00e9ra vid\u00e9o et audio USB 3.2 Gen 1 INOGENI U-BRIDGE 3 permet des connexions USB 3.0 ultra-rapides jusqu'\u00e0 100 m\/330 pi sur un seul c\u00e2ble CAT6A. Le U-BRIDGE 3 est la solution aux probl\u00e8mes d'interop\u00e9rabilit\u00e9 rencontr\u00e9s par les installateurs audiovisuels \u00e0 la recherche d'une extension de cam\u00e9ra USB longue distance fiable pour maintenir une vid\u00e9o de haute qualit\u00e9.<\/span><\/span>\r\n<a href=\"https:\/\/inogeni.com\/fr\/produit\/u-bridge-3-0\/\"><span style=\"vertical-align: inherit;\"><span style=\"vertical-align: inherit;\">Voir la page produit<\/span><\/span><\/a>\r\n\r\n<em><span style=\"vertical-align: inherit;\"><span style=\"vertical-align: inherit;\">Remarque\u00a0: la fonction de commutation automatique du TOGGLE est compatible avec cette extension.<\/span><\/span><\/em>","accordeon_image":9145}]},{"accordeon_title":"Extendeurs USB 2.0","accordeon_note":"Toutes les marques et tous les logos sont des marques de commerce de leurs propri\u00e9taires respectifs. INOGENI n\u2019est pas affili\u00e9e, sponsoris\u00e9e, autoris\u00e9e ou autrement associ\u00e9e \u00e0 ces propri\u00e9taires.\r\n\r\nSi votre extension n\u2019est pas sur la liste ci-dessus et qu\u2019il fonctionne bien, vous pouvez contacter notre \u00e9quipe technique afin de l\u2019ajouter.","accordeon":[{"accordeon_content":"<h3><strong><span style=\"vertical-align: inherit;\"><span style=\"vertical-align: inherit;\">INOGENI <\/span><\/span><\/strong>\r\n<strong><span style=\"vertical-align: inherit;\"><span style=\"vertical-align: inherit;\">U-BRIDGE\u00a0<\/span><\/span><\/strong><strong><span style=\"vertical-align: inherit;\">\u2013 Extendeur\u00a0<\/span><\/strong><strong><span style=\"vertical-align: inherit;\"><span style=\"vertical-align: inherit;\">USB 2.0<\/span><\/span><\/strong><\/h3>\r\nL'extendeur audio et cam\u00e9ra vid\u00e9o USB 2.0 U-BRIDGE d'INOGENI permet des connexions USB 2.0 \u00e0 grande vitesse jusqu'\u00e0 100 m\/330 pi sur un seul c\u00e2ble CAT 5e\/6\/7. Il est la solution aux probl\u00e8mes d'interop\u00e9rabilit\u00e9 rencontr\u00e9s par les installateurs AV \u00e0 la recherche d'un extendeur de cam\u00e9ra USB longue distance fiable pour maintenir une vid\u00e9o de haute qualit\u00e9.\r\n<a href=\"https:\/\/inogeni.com\/fr\/produit\/u-bridge\/\">Voir la page produit<\/a>\r\n\r\n<em>Note : la fonction de commutation automatique du TOGGLE est compatible avec cet extendeur.<\/em>","accordeon_image":9143}]},{"accordeon_title":"C\u00e2ble USB-C (applicable uniquement au TOGGLE ROOMS et TOGGLE ROOMS XT)","accordeon_note":"","accordeon":[{"accordeon_content":"<h3><span style=\"vertical-align: inherit;\"><span style=\"vertical-align: inherit;\">INOGENI <\/span><\/span>\r\n<span style=\"vertical-align: inherit;\"><span style=\"vertical-align: inherit;\">INO - USB-C-2W100W<\/span><\/span><\/h3>\r\nPuissance de chargement 100W\/5A\r\nLongueur 1,8 m\/6 pi\r\nUSB 3.0\/2.0\r\nVid\u00e9o 4K30 + support USB 3.0\r\nVid\u00e9o 4K60","accordeon_image":7106},{"accordeon_content":"<h3><span style=\"vertical-align: inherit;\"><span style=\"vertical-align: inherit;\">Kramer <\/span><\/span>\r\n<span style=\"vertical-align: inherit;\"><span style=\"vertical-align: inherit;\">CA-USB31\/CC-15<\/span><\/span><\/h3>\r\nPuissance de chargement 60W\/3A\r\nLongueur 4,58 m\/15 pi\r\nUSB 3.0\/2.0\r\nVid\u00e9o 4K30 + support USB 3.0\r\nVid\u00e9o 4K60","accordeon_image":7098},{"accordeon_content":"<h3><span style=\"vertical-align: inherit;\">Apple<\/span>\r\nMW5H3AM\/A<\/h3>\r\nPuissance de chargement 100W\/5A\r\nLongueur 3 m\/9,8 pi\r\nUSB 3.0\/2.0\r\nVid\u00e9o 4K30 + support USB 3.0\r\nVid\u00e9o 4K60","accordeon_image":10175},{"accordeon_content":"<h3><span style=\"vertical-align: inherit;\"><span style=\"vertical-align: inherit;\">Lightware<\/span><\/span>\r\n<span style=\"vertical-align: inherit;\"><span style=\"vertical-align: inherit;\">CAB-USBC-T300A<\/span><\/span><\/h3>\r\nPuissance de chargement 60W\/3A\r\nLongueur 3 m\/9,8 pi\r\nUSB 3.0\/2.0\r\nVid\u00e9o 4K30 + support USB 3.0\r\nVid\u00e9o 4K60","accordeon_image":7100},{"accordeon_content":"<h3><span style=\"vertical-align: inherit;\"><span style=\"vertical-align: inherit;\">Lightware<\/span><\/span>\r\n<span style=\"vertical-align: inherit;\"><span style=\"vertical-align: inherit;\">CAB-USBC-T500B<\/span><\/span><\/h3>\r\nPuissance de chargement 60W\/3A\r\nLongueur 5 m\/16,4 pi\r\nUSB 3.0\/2.0\r\nVid\u00e9o 4K30 + support USB 3.0\r\nVid\u00e9o 4K60","accordeon_image":7102},{"accordeon_content":"<h3><span style=\"vertical-align: inherit;\"><span style=\"vertical-align: inherit;\">Extron <\/span><\/span>\r\n<span style=\"vertical-align: inherit;\"><span style=\"vertical-align: inherit;\">USBC Pro\/30<\/span><\/span><\/h3>\r\nPuissance de chargement 60W\/3A\r\nLongueur 9,1 m\/30 pi\r\nUSB 3.0\/2.0\r\nVid\u00e9o 4K30 + support USB 3.0\r\nVid\u00e9o 4K30 maximum\r\nTiers USB : 2 tiers ajout\u00e9s","accordeon_image":7104},{"accordeon_content":"<h3><span style=\"vertical-align: inherit;\">Lindy<\/span>\r\n<span style=\"vertical-align: inherit;\">USBC #43398 10 m<\/span><\/h3>\r\nPuissance de chargement 60W\/3A\r\nLongueur 10 m\/32,81 pi\r\nUSB 3.2 et DisplayPort 1.4\r\nVid\u00e9o 4K30 + support USB 3.0\r\nVid\u00e9o 4K30 maximum\r\nTiers USB : 2 tiers ajout\u00e9s","accordeon_image":9138},{"accordeon_content":"<h3><span style=\"vertical-align: inherit;\">Lindy<\/span>\r\n<span style=\"vertical-align: inherit;\">USBC #43399 15 m<\/span><\/h3>\r\nPuissance de chargement 60W\/3A\r\nLonguer 15 m\/49,21 pi\r\nUSB 3.2 et DisplayPort 1.4\r\nVid\u00e9o 4K30 + support USB 3.0\r\nVid\u00e9o 4K30 maximum\r\nTiers USB : 2 tiers ajout\u00e9s","accordeon_image":9140},{"accordeon_content":"<h3><span style=\"vertical-align: inherit;\">Opticis <strong>*<\/strong><\/span>\r\n<span style=\"vertical-align: inherit;\">USC-CC32-5 \u2013 5 m<\/span><\/h3>\r\nPuissance de chargement 100W\/5A\r\nLonguer 5 m\/16 pi\r\nVid\u00e9o 4K30 + support USB 3.0\r\nVid\u00e9o 4K30 maximum\r\nTiers USB : 1 tier ajout\u00e9\r\nVersion certifi\u00e9e UL disponible\r\nAccessoire de verrouillage disponible\r\n\r\n<strong><em>(*) Fonctionne avec le TOGGLE ROOMS UNIQUEMENT<\/em><\/strong>","accordeon_image":10169},{"accordeon_content":"<h3><span style=\"vertical-align: inherit;\">Opticis <strong>*<\/strong><\/span>\r\n<span style=\"vertical-align: inherit;\">USC-CC32-10 \u2013 10 m<\/span><\/h3>\r\nPuissance de chargement 100W\/5A\r\nLonguer 10 m\/33 pi\r\nVid\u00e9o 4K30 + support USB 3.0\r\nVid\u00e9o 4K30 maximum\r\nTiers USB : 1 tier ajout\u00e9\r\nVersion certifi\u00e9e UL disponible\r\nAccessoire de verrouillage disponible\r\n\r\n<strong><em>(*) Fonctionne avec le TOGGLE ROOMS UNIQUEMENT<\/em><\/strong>","accordeon_image":10171},{"accordeon_content":"<h3><span style=\"vertical-align: inherit;\">Opticis <strong>*<\/strong><\/span>\r\n<span style=\"vertical-align: inherit;\">USC-CC32-15 \u2013 15 m<\/span><\/h3>\r\nPuissance de chargement 60W\/3A\r\nLonguer 15 m\/50 pi\r\nVid\u00e9o 4K30 + support USB 3.0\r\nVid\u00e9o 4K30 maximum\r\nTiers USB : 1 tier ajout\u00e9\r\nVersion certifi\u00e9e UL disponible\r\nAccessoire de verrouillage disponible\r\n\r\n<strong><em>(*) Fonctionne avec le TOGGLE ROOMS UNIQUEMENT<\/em><\/strong>","accordeon_image":10167}]}]}],"background_color_section":"","background_image":"","background_image_mobile":"","background_valign":"vcenter","background_halign":"hcenter","background_size":"normal","display_title":"1","general_style":"default","auto_height":"default","container_width":" small","padding_lateral":" ","margin_top":0,"margin_bottom":0,"margin_top_mobile":0,"margin_bottom_mobile":0,"padding_top":80,"padding_bottom":0,"padding_top_mobile":80,"padding_bottom_mobile":0,"hide_section":"0","id_section":""},{"acf_fc_layout":"section_globale","section":614,"background_color_section":"","background_image":"","background_image_mobile":"","background_valign":"vcenter","background_halign":"hcenter","background_size":"normal","display_title":"default","general_style":"default","auto_height":"default","container_width":" small","padding_lateral":" ","margin_top":0,"margin_bottom":0,"margin_top_mobile":0,"margin_bottom_mobile":0,"padding_top":80,"padding_bottom":80,"padding_top_mobile":80,"padding_bottom_mobile":80,"hide_section":"0","id_section":""}]},"_links":{"self":[{"href":"https:\/\/inogeni.com\/fr\/wp-json\/wp\/v2\/pages\/4013","targetHints":{"allow":["GET"]}}],"collection":[{"href":"https:\/\/inogeni.com\/fr\/wp-json\/wp\/v2\/pages"}],"about":[{"href":"https:\/\/inogeni.com\/fr\/wp-json\/wp\/v2\/types\/page"}],"author":[{"embeddable":true,"href":"https:\/\/inogeni.com\/fr\/wp-json\/wp\/v2\/users\/14"}],"replies":[{"embeddable":true,"href":"https:\/\/inogeni.com\/fr\/wp-json\/wp\/v2\/comments?post=4013"}],"version-history":[{"count":48,"href":"https:\/\/inogeni.com\/fr\/wp-json\/wp\/v2\/pages\/4013\/revisions"}],"predecessor-version":[{"id":10177,"href":"https:\/\/inogeni.com\/fr\/wp-json\/wp\/v2\/pages\/4013\/revisions\/10177"}],"up":[{"embeddable":true,"href":"https:\/\/inogeni.com\/fr\/wp-json\/wp\/v2\/pages\/3997"}],"wp:attachment":[{"href":"https:\/\/inogeni.com\/fr\/wp-json\/wp\/v2\/media?parent=4013"}],"wp:term":[{"taxonomy":"post_tag","embeddable":true,"href":"https:\/\/inogeni.com\/fr\/wp-json\/wp\/v2\/tags?post=4013"}],"curies":[{"name":"wp","href":"https:\/\/api.w.org\/{rel}","templated":true}]}}