{"id":4016,"date":"2022-07-05T07:06:22","date_gmt":"2022-07-05T11:06:22","guid":{"rendered":"https:\/\/inogeni.com\/support\/product-registration\/"},"modified":"2024-09-26T15:59:18","modified_gmt":"2024-09-26T19:59:18","slug":"enregistrement-du-produit","status":"publish","type":"page","link":"https:\/\/inogeni.com\/fr\/assistance\/enregistrement-du-produit\/","title":{"rendered":"Enregistrement du produit"},"content":{"rendered":"","protected":false},"excerpt":{"rendered":"","protected":false},"author":14,"featured_media":0,"parent":3997,"menu_order":66,"comment_status":"closed","ping_status":"closed","template":"","meta":{"_acf_changed":false,"footnotes":""},"tags":[],"class_list":["post-4016","page","type-page","status-publish","hentry"],"acf":{"sections_sections":[{"acf_fc_layout":"section","section_surtitre":"","titre":"Enregistrement du produit","section_soustitre":"","contenu":[{"acf_fc_layout":"formulaire","formulaire_titre":"DEMANDE D'ENREGISTREMENT INOGENI <br>Garantie limit\u00e9e de 5 ans sur les pi\u00e8ces et la main d'\u0153uvre","formulaire":"3"}],"background_color_section":"","background_image":"","background_image_mobile":"","background_valign":"vcenter","background_halign":"hcenter","background_size":"normal","display_title":"1","general_style":"default","auto_height":"default","container_width":" small","padding_lateral":" ","margin_top":0,"margin_bottom":0,"margin_top_mobile":0,"margin_bottom_mobile":0,"padding_top":80,"padding_bottom":80,"padding_top_mobile":80,"padding_bottom_mobile":80,"hide_section":"0","id_section":"form-product-registration"},{"acf_fc_layout":"section_globale","section":614,"background_color_section":"","background_image":"","background_image_mobile":"","background_valign":"vcenter","background_halign":"hcenter","background_size":"normal","display_title":"default","general_style":"default","auto_height":"default","container_width":" small","padding_lateral":" ","margin_top":0,"margin_bottom":0,"margin_top_mobile":0,"margin_bottom_mobile":0,"padding_top":80,"padding_bottom":80,"padding_top_mobile":80,"padding_bottom_mobile":80,"hide_section":"0","id_section":""}]},"_links":{"self":[{"href":"https:\/\/inogeni.com\/fr\/wp-json\/wp\/v2\/pages\/4016","targetHints":{"allow":["GET"]}}],"collection":[{"href":"https:\/\/inogeni.com\/fr\/wp-json\/wp\/v2\/pages"}],"about":[{"href":"https:\/\/inogeni.com\/fr\/wp-json\/wp\/v2\/types\/page"}],"author":[{"embeddable":true,"href":"https:\/\/inogeni.com\/fr\/wp-json\/wp\/v2\/users\/14"}],"replies":[{"embeddable":true,"href":"https:\/\/inogeni.com\/fr\/wp-json\/wp\/v2\/comments?post=4016"}],"version-history":[{"count":6,"href":"https:\/\/inogeni.com\/fr\/wp-json\/wp\/v2\/pages\/4016\/revisions"}],"predecessor-version":[{"id":8184,"href":"https:\/\/inogeni.com\/fr\/wp-json\/wp\/v2\/pages\/4016\/revisions\/8184"}],"up":[{"embeddable":true,"href":"https:\/\/inogeni.com\/fr\/wp-json\/wp\/v2\/pages\/3997"}],"wp:attachment":[{"href":"https:\/\/inogeni.com\/fr\/wp-json\/wp\/v2\/media?parent=4016"}],"wp:term":[{"taxonomy":"post_tag","embeddable":true,"href":"https:\/\/inogeni.com\/fr\/wp-json\/wp\/v2\/tags?post=4016"}],"curies":[{"name":"wp","href":"https:\/\/api.w.org\/{rel}","templated":true}]}}