{"id":4831,"date":"2022-11-24T09:48:54","date_gmt":"2022-11-24T14:48:54","guid":{"rendered":"https:\/\/inogeni.com\/?page_id=4831"},"modified":"2025-03-20T14:06:08","modified_gmt":"2025-03-20T18:06:08","slug":"videos-produits","status":"publish","type":"page","link":"https:\/\/inogeni.com\/fr\/assistance\/videos-produits\/","title":{"rendered":"Vid\u00e9os Produits"},"content":{"rendered":"","protected":false},"excerpt":{"rendered":"","protected":false},"author":14,"featured_media":0,"parent":3997,"menu_order":65,"comment_status":"closed","ping_status":"closed","template":"","meta":{"_acf_changed":false,"footnotes":""},"tags":[],"class_list":["post-4831","page","type-page","status-publish","hentry"],"acf":{"sections_sections":[{"acf_fc_layout":"section","section_surtitre":"","titre":"Vid\u00e9os de formation","section_soustitre":"","contenu":[{"acf_fc_layout":"texte","texte":"Regardez les diff\u00e9rentes vid\u00e9os de formation, de tutorat et de d\u00e9monstration sur les appareils PRO AV d'INOGENI pour tirer le meilleur parti de nos produits !","texte_container_width":" normal"},{"acf_fc_layout":"mosaique_video","mosaique_titre_section":"","mosaique_description_section":"","mosaique_category_repeater":[{"mosaique_category_title":"MIIXEURS DE CAM\u00c9RAS","mosaique_video_repeater":[{"mosaique_video_category_title":"SHARE2U","mosaique_video_category_videos_repeater":[{"mosaique_video_title":"Pr\u00e9sentation 360\u00b0 du produit SHARE2U","mosaique_video_url":"https:\/\/youtu.be\/Llx-fpS5z00","mosaique_video_time":"01:37","mosaique_video_image":5536},{"mosaique_video_title":"D\u00e9monstration du SHARE2U","mosaique_video_url":"https:\/\/youtu.be\/TG-NKkzquXE","mosaique_video_time":"04:20","mosaique_video_image":5528},{"mosaique_video_title":"D\u00e9monstration des capacit\u00e9s du SHARE2U","mosaique_video_url":"https:\/\/youtu.be\/CfCugkmNc_w","mosaique_video_time":"01:45","mosaique_video_image":5526},{"mosaique_video_title":"D\u00e9monstration du SHARE2U pr\u00eat \u00e0 l'emploi ","mosaique_video_url":"https:\/\/youtu.be\/hwDhXe5m1BQA","mosaique_video_time":"01:46","mosaique_video_image":5530},{"mosaique_video_title":"Pr\u00e9sentation des produits : Mixeurs et commutateurs multi-cam\u00e9ras USB + HDMI","mosaique_video_url":"https:\/\/youtu.be\/cBfcm8VcVgk","mosaique_video_time":"02:07","mosaique_video_image":5532}]},{"mosaique_video_category_title":"SHARE2","mosaique_video_category_videos_repeater":[{"mosaique_video_title":"Pr\u00e9sentation 360\u00b0 du produit SHARE2","mosaique_video_url":"https:\/\/youtu.be\/3IIzT0hBteMa","mosaique_video_time":"01:29","mosaique_video_image":5422},{"mosaique_video_title":"D\u00e9monstration des capacit\u00e9s du SHARE2","mosaique_video_url":"https:\/\/youtu.be\/CfCugkmNc_w","mosaique_video_time":"01:45","mosaique_video_image":5418},{"mosaique_video_title":"Pr\u00e9sentation des produits : Mixeurs et commutateurs multi-cam\u00e9ras USB + HDMI","mosaique_video_url":"https:\/\/youtu.be\/cBfcm8VcVgk","mosaique_video_time":"02:07","mosaique_video_image":5532}]},{"mosaique_video_category_title":"REMOTE SHARE","mosaique_video_category_videos_repeater":[{"mosaique_video_title":"Pr\u00e9sentation 360\u00b0 du produit REMOTE","mosaique_video_url":"https:\/\/youtu.be\/JykUQ-wo9yk","mosaique_video_time":"00:46","mosaique_video_image":5424}]}]}]},{"acf_fc_layout":"mosaique_video","mosaique_titre_section":"","mosaique_description_section":"","mosaique_category_repeater":[{"mosaique_category_title":"COMMUTATEURS DE CAM\u00c9RAS","mosaique_video_repeater":[{"mosaique_video_category_title":"CAM230","mosaique_video_category_videos_repeater":[{"mosaique_video_title":"Pr\u00e9sentation du produit : CAM230 S\u00e9lecteur multi-cam\u00e9ras USB\/HDMI","mosaique_video_url":"https:\/\/youtu.be\/slKgxU5U5LQ","mosaique_video_time":"01:54","mosaique_video_image":5510}]},{"mosaique_video_category_title":"CAM300","mosaique_video_category_videos_repeater":[{"mosaique_video_title":"Pr\u00e9sentation 360\u00b0 du produit CAM300","mosaique_video_url":"https:\/\/youtu.be\/67ajInnb9fs","mosaique_video_time":"01:34","mosaique_video_image":5433},{"mosaique_video_title":"D\u00e9monstration des capacit\u00e9s du CAM300","mosaique_video_url":"https:\/\/youtu.be\/CfCugkmNc_w","mosaique_video_time":"01:45","mosaique_video_image":5429},{"mosaique_video_title":"Pr\u00e9sentation des produits : Mixeurs et commutateurs multi-cam\u00e9ras USB + HDMI","mosaique_video_url":"https:\/\/youtu.be\/cBfcm8VcVgk","mosaique_video_time":"02:07","mosaique_video_image":5532}]},{"mosaique_video_category_title":"REMOTE CAM300","mosaique_video_category_videos_repeater":[{"mosaique_video_title":"Pr\u00e9sentation 360\u00b0 du produit REMOTE","mosaique_video_url":"https:\/\/youtu.be\/JykUQ-wo9yk","mosaique_video_time":"00:46","mosaique_video_image":5433}]}]}]},{"acf_fc_layout":"mosaique_video","mosaique_titre_section":"","mosaique_description_section":"","mosaique_category_repeater":[{"mosaique_category_title":"COMMUTATEURS BYOD\/BYOM","mosaique_video_repeater":[{"mosaique_video_category_title":"TOGGLE","mosaique_video_category_videos_repeater":[{"mosaique_video_title":"Pr\u00e9sentation 360\u00b0 du produit TOGGLE","mosaique_video_url":"https:\/\/youtu.be\/KPe_TH8AufU","mosaique_video_time":"01:12","mosaique_video_image":5447},{"mosaique_video_title":"D\u00e9monstration du produit TOGGLE","mosaique_video_url":"https:\/\/youtu.be\/rhyDHof-aTo","mosaique_video_time":"02:53","mosaique_video_image":5441},{"mosaique_video_title":"Application audio du commutateur TOGGLE ","mosaique_video_url":"https:\/\/youtu.be\/-6vuKthxp_Q","mosaique_video_time":"04:21","mosaique_video_image":5439},{"mosaique_video_title":"D\u00e9monstration du syst\u00e8me de vid\u00e9oconf\u00e9rence Valaria (Mago) avec le TOGGLE","mosaique_video_url":"https:\/\/youtu.be\/EMAPQV6pTto","mosaique_video_time":"01:59","mosaique_video_image":5443},{"mosaique_video_title":"Pr\u00e9sentation du produit : Commutateur AV TOGGLE USB 3.0 pour conf\u00e9rence","mosaique_video_url":"https:\/\/youtu.be\/5ckdrfm6SZM","mosaique_video_time":"01:18","mosaique_video_image":5512}]},{"mosaique_video_category_title":"TOGGLE ROOMS ","mosaique_video_category_videos_repeater":[{"mosaique_video_title":"TOGGLE ROOMS - Lancement d'un commutateur 4k BYOD\/BYOM pour 2 PC pour les r\u00e9unions en vid\u00e9oconf\u00e9rence","mosaique_video_url":"https:\/\/youtu.be\/Cop85Fsj4Z4","mosaique_video_time":"01:39","mosaique_video_image":9505},{"mosaique_video_title":"INOGENI explique l'int\u00e9gration de la s\u00e9rie TOGGLE avec Airtame pour les r\u00e9unions hybrides","mosaique_video_url":"https:\/\/www.youtube.com\/watch?v=Vfy0he97Vy8","mosaique_video_time":"02:27","mosaique_video_image":9413}]},{"mosaique_video_category_title":"TOGGLE ROOMS XT","mosaique_video_category_videos_repeater":[{"mosaique_video_title":"INOGENI & HDBaseT - Extendeur USB 3.2 pour Pro AV","mosaique_video_url":"https:\/\/www.youtube.com\/watch?v=kgE5gyNhSnI","mosaique_video_time":"03:03","mosaique_video_image":9411},{"mosaique_video_title":"INOGENI explique l'int\u00e9gration de la s\u00e9rie TOGGLE avec Airtame pour les r\u00e9unions hybrides","mosaique_video_url":"https:\/\/www.youtube.com\/watch?v=Vfy0he97Vy8","mosaique_video_time":"02:27","mosaique_video_image":9413},{"mosaique_video_title":"INOGENI & HDBaseT - Extendeur USB 3.2 pour Pro AV","mosaique_video_url":"https:\/\/www.youtube.com\/watch?v=BOsRPs4D1jc","mosaique_video_time":"04:33","mosaique_video_image":9507}]}]}]},{"acf_fc_layout":"mosaique_video","mosaique_titre_section":"","mosaique_description_section":"","mosaique_category_repeater":[{"mosaique_category_title":"CARTES DE CAPTURE & CONVERTISSEURS USB 3.0\/2.0","mosaique_video_repeater":[{"mosaique_video_category_title":"U-CAM","mosaique_video_category_videos_repeater":[{"mosaique_video_title":"Pr\u00e9sentation 360\u00b0 du produit U-CAM","mosaique_video_url":"https:\/\/youtu.be\/-gR8b8M8dtc","mosaique_video_time":"01:25","mosaique_video_image":5455},{"mosaique_video_title":"Pr\u00e9sentation de l'acc\u00e8s aux cam\u00e9ras Ai du U-CAM","mosaique_video_url":"https:\/\/youtu.be\/1Oi1f3_IbpA","mosaique_video_time":"01:08","mosaique_video_image":5451},{"mosaique_video_title":"Pr\u00e9sentation du produit : U-CAM - Convertisseur cam\u00e9ra et audio USB vers HDMI","mosaique_video_url":"https:\/\/youtu.be\/P29NBbrigFA","mosaique_video_time":"01:44","mosaique_video_image":5515},{"mosaique_video_title":"INOGENI pr\u00e9sente le convertisseur de cam\u00e9ra U-CAM USB vers HDMI comme un r\u00e9initialisateur de niveau","mosaique_video_url":"https:\/\/youtu.be\/NbN8cZLI_ms","mosaique_video_time":"02:08","mosaique_video_image":9417}]},{"mosaique_video_category_title":"4KX-PLUS","mosaique_video_category_videos_repeater":[{"mosaique_video_title":"Pr\u00e9sentation 360\u00b0 du produit 4KX-PLUS","mosaique_video_url":"https:\/\/youtu.be\/_lPn15DeMVI","mosaique_video_time":"01:44","mosaique_video_image":5473},{"mosaique_video_title":"D\u00e9monstration du 4KX-PLUS dans l'environnement Cisco Webex","mosaique_video_url":"https:\/\/youtu.be\/42V0Loq0vdU","mosaique_video_time":"01:07","mosaique_video_image":5459},{"mosaique_video_title":"D\u00e9monstration de la transformation d'un codec Cisco en USB gr\u00e2ce au 4KX-PLUS","mosaique_video_url":"https:\/\/youtu.be\/ta4OZ0_wbVQ","mosaique_video_time":"13:50","mosaique_video_image":5461},{"mosaique_video_title":"D\u00e9monstration du mode USB du 4KX-PLUS avec les appareils Ciscos","mosaique_video_url":"https:\/\/youtu.be\/R5Hde9Zvbvw","mosaique_video_time":"18:23","mosaique_video_image":5463}]},{"mosaique_video_category_title":"4KXUSB3","mosaique_video_category_videos_repeater":[{"mosaique_video_title":"Pr\u00e9sentation 360\u00b0 du produit 4KXUSB3","mosaique_video_url":"https:\/\/youtu.be\/mLhxXz6Cym8","mosaique_video_time":"00:58","mosaique_video_image":5473},{"mosaique_video_title":"D\u00e9monstration en situation r\u00e9elle du 4KXUSB3","mosaique_video_url":"https:\/\/youtu.be\/HEXk-NKUO3o","mosaique_video_time":"03:20","mosaique_video_image":5469},{"mosaique_video_title":"Pr\u00e9sentation du produit : HD, 4K, 4KX - convertisseurs vid\u00e9o HDMI vers USB 3.0","mosaique_video_url":"https:\/\/youtu.be\/tcmHBk5iIBU","mosaique_video_time":"01:36","mosaique_video_image":5517}]},{"mosaique_video_category_title":"4K2USB3","mosaique_video_category_videos_repeater":[{"mosaique_video_title":"Pr\u00e9sentation 360\u00b0 du produit 4K2USB3","mosaique_video_url":"https:\/\/youtu.be\/WDOtB4AuH_8","mosaique_video_time":"01:12","mosaique_video_image":5477},{"mosaique_video_title":"Pr\u00e9sentation du produit : HD, 4K, 4KX - convertisseurs vid\u00e9o HDMI vers USB 3.0","mosaique_video_url":"https:\/\/youtu.be\/tcmHBk5iIBU","mosaique_video_time":"01:36","mosaique_video_image":5517}]},{"mosaique_video_category_title":"HD2USB3","mosaique_video_category_videos_repeater":[{"mosaique_video_title":"Pr\u00e9sentation 360\u00b0 du produit HD2USB3","mosaique_video_url":"https:\/\/youtu.be\/DUz90vFqqH4","mosaique_video_time":"00:59","mosaique_video_image":5481},{"mosaique_video_title":"Pr\u00e9sentation du produit : HD, 4K, 4KX - convertisseurs vid\u00e9o HDMI vers USB 3.0","mosaique_video_url":"https:\/\/youtu.be\/tcmHBk5iIBU","mosaique_video_time":"01:36","mosaique_video_image":5517}]},{"mosaique_video_category_title":"SDI2USB3","mosaique_video_category_videos_repeater":[{"mosaique_video_title":"Pr\u00e9sentation 360\u00b0 du produit SDI2USB3","mosaique_video_url":"https:\/\/youtu.be\/NDRsItRKfK4","mosaique_video_time":"00:53","mosaique_video_image":5485},{"mosaique_video_title":"Pr\u00e9sentation du produit : SDI2USB3 - convertisseur vid\u00e9o 3G-SDI vers USB 3.0","mosaique_video_url":"https:\/\/youtu.be\/F-jdlN4Vw9w","mosaique_video_time":"01:07","mosaique_video_image":5519}]},{"mosaique_video_category_title":"DVIUSB","mosaique_video_category_videos_repeater":[{"mosaique_video_title":"Pr\u00e9sentation 360\u00b0 du produit DVIUSB","mosaique_video_url":"https:\/\/youtu.be\/DUz90vFqqH4","mosaique_video_time":"00:57","mosaique_video_image":5489}]},{"mosaique_video_category_title":"VGA2USB3","mosaique_video_category_videos_repeater":[{"mosaique_video_title":"Pr\u00e9sentation 360\u00b0 du produit VGA2USB3","mosaique_video_url":"https:\/\/youtu.be\/spKglHu_XzU","mosaique_video_time":"00:53","mosaique_video_image":5493}]}]},{"mosaique_category_title":"USB EXTENDERS","mosaique_video_repeater":[{"mosaique_video_category_title":"U-BRIDGE","mosaique_video_category_videos_repeater":[{"mosaique_video_title":"Pr\u00e9sentation 360\u00b0 du produit U-BRIDGE","mosaique_video_url":"https:\/\/youtu.be\/QbZX1wPtzr4","mosaique_video_time":"00:37","mosaique_video_image":5947}]},{"mosaique_video_category_title":"U-BRIDGE 3","mosaique_video_category_videos_repeater":[{"mosaique_video_title":"INOGENI pr\u00e9sente l'U-BRIDGE 3, un extendeur multip\u00e9riph\u00e9riques pour n'importe quel p\u00e9riph\u00e9rique USB 3.0","mosaique_video_url":"https:\/\/www.youtube.com\/watch?v=1oCgzsxOnbY","mosaique_video_time":"01:35","mosaique_video_image":9415},{"mosaique_video_title":"INOGENI & HDBaseT - Extendeur USB 3.2 pour Pro AV","mosaique_video_url":"https:\/\/youtu.be\/BOsRPs4D1jc?si=JZZ67h0uQBz5FDfm","mosaique_video_time":"04:33","mosaique_video_image":9507}]}]}]}],"background_color_section":"","background_image":"","background_image_mobile":"","background_valign":"vcenter","background_halign":"hcenter","background_size":"normal","display_title":"1","general_style":"default","auto_height":"default","container_width":" small","padding_lateral":" ","margin_top":0,"margin_bottom":0,"margin_top_mobile":0,"margin_bottom_mobile":0,"padding_top":80,"padding_bottom":80,"padding_top_mobile":80,"padding_bottom_mobile":80,"hide_section":"0","id_section":"videos-produit"}]},"_links":{"self":[{"href":"https:\/\/inogeni.com\/fr\/wp-json\/wp\/v2\/pages\/4831","targetHints":{"allow":["GET"]}}],"collection":[{"href":"https:\/\/inogeni.com\/fr\/wp-json\/wp\/v2\/pages"}],"about":[{"href":"https:\/\/inogeni.com\/fr\/wp-json\/wp\/v2\/types\/page"}],"author":[{"embeddable":true,"href":"https:\/\/inogeni.com\/fr\/wp-json\/wp\/v2\/users\/14"}],"replies":[{"embeddable":true,"href":"https:\/\/inogeni.com\/fr\/wp-json\/wp\/v2\/comments?post=4831"}],"version-history":[{"count":16,"href":"https:\/\/inogeni.com\/fr\/wp-json\/wp\/v2\/pages\/4831\/revisions"}],"predecessor-version":[{"id":9657,"href":"https:\/\/inogeni.com\/fr\/wp-json\/wp\/v2\/pages\/4831\/revisions\/9657"}],"up":[{"embeddable":true,"href":"https:\/\/inogeni.com\/fr\/wp-json\/wp\/v2\/pages\/3997"}],"wp:attachment":[{"href":"https:\/\/inogeni.com\/fr\/wp-json\/wp\/v2\/media?parent=4831"}],"wp:term":[{"taxonomy":"post_tag","embeddable":true,"href":"https:\/\/inogeni.com\/fr\/wp-json\/wp\/v2\/tags?post=4831"}],"curies":[{"name":"wp","href":"https:\/\/api.w.org\/{rel}","templated":true}]}}