{"id":8223,"date":"2023-07-20T11:40:54","date_gmt":"2023-07-20T15:40:54","guid":{"rendered":"https:\/\/inogeni.com\/project-registration-program\/"},"modified":"2025-08-14T10:57:23","modified_gmt":"2025-08-14T14:57:23","slug":"project-registration-program","status":"publish","type":"page","link":"https:\/\/inogeni.com\/fr\/project-registration-program\/","title":{"rendered":"Programme d\u2019enregistrement des projets"},"content":{"rendered":"","protected":false},"excerpt":{"rendered":"","protected":false},"author":12,"featured_media":0,"parent":0,"menu_order":13,"comment_status":"closed","ping_status":"closed","template":"","meta":{"_acf_changed":false,"footnotes":""},"tags":[],"class_list":["post-8223","page","type-page","status-publish","hentry"],"acf":{"sections_sections":[{"acf_fc_layout":"section","section_surtitre":" ","titre":"Programme d\u2019enregistrement des projets","section_soustitre":"","contenu":[{"acf_fc_layout":"texte","texte":"<h2><strong>Programme d\u2019enregistrement des projets<\/strong><\/h2>\r\n<h3><span class=\"text-color-secondary\"><strong>Enregistrez votre nouveau projet et b\u00e9n\u00e9ficiez d\u2019une r\u00e9duction suppl\u00e9mentaire de 5\u00a0%.<\/strong><\/span><\/h3>\r\n<h3><\/h3>\r\n<h3><strong>Veuillez consulter les r\u00e8gles ci-dessous. <\/strong><strong>\u00a0<\/strong><\/h3>\r\n<strong>Admissibilit\u00e9 <\/strong>:\r\n-\u00a0Tout nouveau projet d\u2019une valeur nette <strong>&gt;5 000 $ US<\/strong> (co\u00fbt pour le revendeur).\r\n- Le partenaire doit \u00eatre le premier \u00e0 enregistrer le nouveau contrat et d\u00e9montrer des efforts significatifs en mati\u00e8re d\u2019avant-vente.\r\n\r\n<strong>Remise :<\/strong>\r\n- Jusqu\u2019\u00e0 5\u00a0% de remise suppl\u00e9mentaire sur le co\u00fbt de revente par l\u2019interm\u00e9diaire de votre distributeur pr\u00e9f\u00e9r\u00e9.\r\n\r\n<strong>P\u00e9riode d'approbation :<\/strong>\r\n- Six (6) mois \u00e0 compter de la date d\u2019acceptation.\r\n- Extension : trois (3) mois \u00e0 compter de la date d\u2019acceptation de l\u2019extension.\r\n\r\n<strong>Processus :<\/strong>\r\n- Veuillez pr\u00e9voir 72\u00a0heures pour le traitement des approbations d\u2019enregistrement.\r\n\r\nL\u2019approbation de l\u2019enregistrement du projet sera envoy\u00e9e au revendeur et au distributeur s\u00e9lectionn\u00e9. Le distributeur \u00e9mettra alors un devis officiel avec les prix.\r\n\r\nSauf exception, tous les projets enregistr\u00e9s doivent \u00eatre command\u00e9s dans leur int\u00e9gralit\u00e9 sur un seul bon de commande.\r\n\r\n<strong>Pour toute question, veuillez \u00e9crire \u00e0 l\u2019adresse <a href=\"mailto:sales@inogeni.com\">sales@inogeni.com\u00a0<\/a><\/strong>\r\n\r\nPour initier l\u2019enregistrement d\u2019une opportunit\u00e9 de vente avec INOGENI, assurez-vous que tous les champs obligatoires sont correctement remplis. Une fois que votre enregistrement a \u00e9t\u00e9 trait\u00e9 avec succ\u00e8s, vous pouvez vous attendre \u00e0 recevoir une notification par courriel confirmant son statut dans les 72 heures.\r\n\r\n<hr \/>\r\n\r\n&nbsp;\r\n<h3><span class=\"text-color-secondary\"><strong>** Note importante : Si vous avez d\u00e9j\u00e0 enregistr\u00e9 un projet et que vous souhaitez le modifier, VEUILLEZ NE PAS REMPLIR LE FORMULAIRE CI-DESSOUS. **<\/strong><\/span><\/h3>\r\n<h3><span class=\"text-color-secondary\"><strong>** Veuillez envoyer votre demande \u00e0 dealreg@inogeni.com en indiquant le num\u00e9ro de r\u00e9f\u00e9rence de votre projet. **<\/strong><\/span><\/h3>","texte_container_width":" normal"},{"acf_fc_layout":"texte","texte":"<script charset=\"utf-8\" type=\"text\/javascript\" src=\"\/\/js.hsforms.net\/forms\/embed\/v2.js\"><\/script>\r\n<script>\r\n  hbspt.forms.create({\r\n    region: \"na1\",\r\n    portalId: \"7577026\",\r\n    formId: \"e2725937-044d-4552-9eae-2072c5e38cd8\"\r\n  });\r\n<\/script>","texte_container_width":" normal"}],"background_color_section":"","background_image":"","background_image_mobile":"","background_valign":"vcenter","background_halign":"hcenter","background_size":"normal","display_title":"default","general_style":"default","auto_height":"default","container_width":" small","padding_lateral":" ","margin_top":0,"margin_bottom":0,"margin_top_mobile":0,"margin_bottom_mobile":0,"padding_top":80,"padding_bottom":0,"padding_top_mobile":80,"padding_bottom_mobile":80,"hide_section":"0","id_section":""},{"acf_fc_layout":"section","section_surtitre":"","titre":"FORMULAIRE","section_soustitre":"","contenu":null,"background_color_section":"","background_image":"","background_image_mobile":"","background_valign":"vcenter","background_halign":"hcenter","background_size":"normal","display_title":"default","general_style":"default","auto_height":"default","container_width":" small","padding_lateral":" ","margin_top":0,"margin_bottom":0,"margin_top_mobile":0,"margin_bottom_mobile":0,"padding_top":80,"padding_bottom":80,"padding_top_mobile":80,"padding_bottom_mobile":80,"hide_section":"0","id_section":""}]},"_links":{"self":[{"href":"https:\/\/inogeni.com\/fr\/wp-json\/wp\/v2\/pages\/8223","targetHints":{"allow":["GET"]}}],"collection":[{"href":"https:\/\/inogeni.com\/fr\/wp-json\/wp\/v2\/pages"}],"about":[{"href":"https:\/\/inogeni.com\/fr\/wp-json\/wp\/v2\/types\/page"}],"author":[{"embeddable":true,"href":"https:\/\/inogeni.com\/fr\/wp-json\/wp\/v2\/users\/12"}],"replies":[{"embeddable":true,"href":"https:\/\/inogeni.com\/fr\/wp-json\/wp\/v2\/comments?post=8223"}],"version-history":[{"count":9,"href":"https:\/\/inogeni.com\/fr\/wp-json\/wp\/v2\/pages\/8223\/revisions"}],"predecessor-version":[{"id":10813,"href":"https:\/\/inogeni.com\/fr\/wp-json\/wp\/v2\/pages\/8223\/revisions\/10813"}],"wp:attachment":[{"href":"https:\/\/inogeni.com\/fr\/wp-json\/wp\/v2\/media?parent=8223"}],"wp:term":[{"taxonomy":"post_tag","embeddable":true,"href":"https:\/\/inogeni.com\/fr\/wp-json\/wp\/v2\/tags?post=8223"}],"curies":[{"name":"wp","href":"https:\/\/api.w.org\/{rel}","templated":true}]}}