{"id":8230,"date":"2023-11-14T07:31:15","date_gmt":"2023-11-14T12:31:15","guid":{"rendered":"https:\/\/inogeni.com\/project-registration-thank-you-page\/"},"modified":"2024-10-02T15:01:29","modified_gmt":"2024-10-02T19:01:29","slug":"project-registration-thank-you-page","status":"publish","type":"page","link":"https:\/\/inogeni.com\/fr\/project-registration-thank-you-page\/","title":{"rendered":"Enregistrement des projets \u2013 Page de remerciement"},"content":{"rendered":"","protected":false},"excerpt":{"rendered":"","protected":false},"author":12,"featured_media":0,"parent":0,"menu_order":23,"comment_status":"closed","ping_status":"closed","template":"","meta":{"_acf_changed":false,"footnotes":""},"tags":[],"class_list":["post-8230","page","type-page","status-publish","hentry"],"acf":{"sections_sections":[{"acf_fc_layout":"section","section_surtitre":".","titre":"Programme d\u2019enregistrement des projets ","section_soustitre":"","contenu":[{"acf_fc_layout":"texte","texte":"Merci d\u2019avoir soumis le formulaire.\r\n\r\nUne notification par courrier \u00e9lectronique vous sera envoy\u00e9e dans les plus brefs d\u00e9lais.\r\n\r\nVeuillez pr\u00e9voir 72\u00a0heures pour le traitement des approbations d\u2019enregistrement.\r\n\r\n<a href=\"https:\/\/inogeni.com\/project-registration-program\/\">Soumettre \u00e0 nouveau un projet<\/a>\r\n\r\nSi vous n\u2019avez pas re\u00e7u votre courriel de confirmation dans votre bo\u00eete de r\u00e9ception, v\u00e9rifiez votre bo\u00eete de pourriels ou contactez <a href=\"mailto:dealreg@inogeni.com\">dealreg@inogeni.com<\/a>\r\n\r\n<img class=\"wp-image-6449 aligncenter\" src=\"https:\/\/inogeni.com\/wp-content\/uploads\/2023\/11\/21-Support-Open-a-ticket_level-2_section-4-scaled.webp\" alt=\"\" width=\"450\" height=\"196\" \/>","texte_container_width":" normal"}],"background_color_section":"","background_image":"","background_image_mobile":"","background_valign":"vcenter","background_halign":"hcenter","background_size":"normal","display_title":"default","general_style":"default","auto_height":"default","container_width":" small","padding_lateral":" ","margin_top":0,"margin_bottom":0,"margin_top_mobile":0,"margin_bottom_mobile":0,"padding_top":80,"padding_bottom":0,"padding_top_mobile":80,"padding_bottom_mobile":80,"hide_section":"0","id_section":""}]},"_links":{"self":[{"href":"https:\/\/inogeni.com\/fr\/wp-json\/wp\/v2\/pages\/8230","targetHints":{"allow":["GET"]}}],"collection":[{"href":"https:\/\/inogeni.com\/fr\/wp-json\/wp\/v2\/pages"}],"about":[{"href":"https:\/\/inogeni.com\/fr\/wp-json\/wp\/v2\/types\/page"}],"author":[{"embeddable":true,"href":"https:\/\/inogeni.com\/fr\/wp-json\/wp\/v2\/users\/12"}],"replies":[{"embeddable":true,"href":"https:\/\/inogeni.com\/fr\/wp-json\/wp\/v2\/comments?post=8230"}],"version-history":[{"count":3,"href":"https:\/\/inogeni.com\/fr\/wp-json\/wp\/v2\/pages\/8230\/revisions"}],"predecessor-version":[{"id":8234,"href":"https:\/\/inogeni.com\/fr\/wp-json\/wp\/v2\/pages\/8230\/revisions\/8234"}],"wp:attachment":[{"href":"https:\/\/inogeni.com\/fr\/wp-json\/wp\/v2\/media?parent=8230"}],"wp:term":[{"taxonomy":"post_tag","embeddable":true,"href":"https:\/\/inogeni.com\/fr\/wp-json\/wp\/v2\/tags?post=8230"}],"curies":[{"name":"wp","href":"https:\/\/api.w.org\/{rel}","templated":true}]}}