{"id":8235,"date":"2024-02-22T09:16:53","date_gmt":"2024-02-22T14:16:53","guid":{"rendered":"https:\/\/inogeni.com\/projet-devis-demo-request-thank-you-page\/"},"modified":"2024-10-02T15:14:34","modified_gmt":"2024-10-02T19:14:34","slug":"projet-devis-demo-request-thank-you-page","status":"publish","type":"page","link":"https:\/\/inogeni.com\/fr\/projet-devis-demo-request-thank-you-page\/","title":{"rendered":"Projet Devis pour demande de d\u00e9mo &#8211; Page de remerciement"},"content":{"rendered":"","protected":false},"excerpt":{"rendered":"","protected":false},"author":12,"featured_media":0,"parent":0,"menu_order":18,"comment_status":"closed","ping_status":"closed","template":"","meta":{"_acf_changed":false,"footnotes":""},"tags":[],"class_list":["post-8235","page","type-page","status-publish","hentry"],"acf":{"sections_sections":[{"acf_fc_layout":"section","section_surtitre":".","titre":"Demande de d\u00e9monstration pour Projet Devis","section_soustitre":"","contenu":[{"acf_fc_layout":"texte","texte":"Merci d'avoir soumis le formulaire.\r\n\r\nUne notification par courrier \u00e9lectronique vous sera envoy\u00e9e dans les plus brefs d\u00e9lais.\r\n\r\nVeuillez pr\u00e9voir 48\u00a0heures pour le traitement de votre demande.\r\n\r\n<a href=\"https:\/\/inogeni.com\/demo-request\/\">Soumettre une nouvelle demande de d\u00e9monstration <\/a>\r\n\r\nSi vous n\u2019avez pas re\u00e7u votre courriel de confirmation dans votre bo\u00eete de r\u00e9ception, v\u00e9rifiez votre bo\u00eete de pourriels ou contactez <a href=\"mailto:sales@inogeni.com\">sales@inogeni.com<\/a>\r\n\r\n&nbsp;\r\n\r\n&nbsp;\r\n\r\n&nbsp;","texte_container_width":" normal"}],"background_color_section":"","background_image":"","background_image_mobile":"","background_valign":"vcenter","background_halign":"hcenter","background_size":"normal","display_title":"default","general_style":"default","auto_height":"default","container_width":" small","padding_lateral":" ","margin_top":0,"margin_bottom":0,"margin_top_mobile":0,"margin_bottom_mobile":0,"padding_top":80,"padding_bottom":0,"padding_top_mobile":80,"padding_bottom_mobile":80,"hide_section":"0","id_section":""}]},"_links":{"self":[{"href":"https:\/\/inogeni.com\/fr\/wp-json\/wp\/v2\/pages\/8235","targetHints":{"allow":["GET"]}}],"collection":[{"href":"https:\/\/inogeni.com\/fr\/wp-json\/wp\/v2\/pages"}],"about":[{"href":"https:\/\/inogeni.com\/fr\/wp-json\/wp\/v2\/types\/page"}],"author":[{"embeddable":true,"href":"https:\/\/inogeni.com\/fr\/wp-json\/wp\/v2\/users\/12"}],"replies":[{"embeddable":true,"href":"https:\/\/inogeni.com\/fr\/wp-json\/wp\/v2\/comments?post=8235"}],"version-history":[{"count":3,"href":"https:\/\/inogeni.com\/fr\/wp-json\/wp\/v2\/pages\/8235\/revisions"}],"predecessor-version":[{"id":8241,"href":"https:\/\/inogeni.com\/fr\/wp-json\/wp\/v2\/pages\/8235\/revisions\/8241"}],"wp:attachment":[{"href":"https:\/\/inogeni.com\/fr\/wp-json\/wp\/v2\/media?parent=8235"}],"wp:term":[{"taxonomy":"post_tag","embeddable":true,"href":"https:\/\/inogeni.com\/fr\/wp-json\/wp\/v2\/tags?post=8235"}],"curies":[{"name":"wp","href":"https:\/\/api.w.org\/{rel}","templated":true}]}}