{"id":8988,"date":"2024-10-18T16:05:23","date_gmt":"2024-10-18T20:05:23","guid":{"rendered":"https:\/\/inogeni.com\/esg-commitment\/"},"modified":"2024-12-18T16:31:47","modified_gmt":"2024-12-18T21:31:47","slug":"engagement-esg","status":"publish","type":"page","link":"https:\/\/inogeni.com\/fr\/engagement-esg\/","title":{"rendered":"Engagement ESG"},"content":{"rendered":"","protected":false},"excerpt":{"rendered":"","protected":false},"author":13,"featured_media":0,"parent":0,"menu_order":7,"comment_status":"closed","ping_status":"closed","template":"","meta":{"_acf_changed":false,"footnotes":""},"tags":[],"class_list":["post-8988","page","type-page","status-publish","hentry"],"acf":{"sections_sections":[{"acf_fc_layout":"section","section_surtitre":"Politique publique ESG","titre":"Politique publique ESG","section_soustitre":"Construire un avenir durable","contenu":[{"acf_fc_layout":"texte","texte":"<h2><strong>Construire un avenir durable<\/strong><\/h2>\r\nChez INOGENI, notre engagement en mati\u00e8re d'ESG se refl\u00e8te dans toutes nos actions, y compris dans notre Code de conduite rigoureux bas\u00e9 sur les principes du Pacte mondial des Nations Unies, afin de garantir que nous travaillons dans le respect de nos valeurs et de nos responsabilit\u00e9s envers l'environnement et la soci\u00e9t\u00e9 et que nous sommes dot\u00e9s d\u2019une gouvernance \u00e9thique. Tous nos employ\u00e9s sont tenus de respecter ce code, qui est \u00e9galement int\u00e9gr\u00e9 dans notre Code de conduite des fournisseurs.","texte_container_width":" normal"},{"acf_fc_layout":"texte","texte":"<h2><strong>Politique ESG d\u2019INOGENI<\/strong><\/h2>\r\nChez INOGENI, nous sommes conscients que notre r\u00f4le en tant qu'entreprise responsable est de contribuer \u00e0 cr\u00e9er un monde meilleur, car les pr\u00e9occupations environnementales, sociales et de gouvernance sont au c\u0153ur de nos d\u00e9cisions et de nos actions. En tant qu'entreprise concevant et fabriquant des produits de technologie et qui exercent ses activit\u00e9s dans un r\u00e9seau international de distributeurs et d\u2019int\u00e9grateurs, nous avons une responsabilit\u00e9 envers nos parties prenantes, y compris nos clients, nos employ\u00e9s, nos fournisseurs, les communaut\u00e9s dans lesquelles nous exer\u00e7ons nos activit\u00e9s et la plan\u00e8te.\r\n\r\nNous sommes engag\u00e9s \u00e0 adopter une approche proactive et d\u2019am\u00e9lioration continue en mati\u00e8re d'ESG, en menant une d\u00e9marche de recherche, de consultation et de collaboration avec nos parties prenantes pour comprendre leurs pr\u00e9occupations et tenir compte de leurs commentaires dans notre politique et nos projets.\r\n\r\nNous nous engageons \u00e0 mettre en place des projets ESG concrets, afin de nous assurer que nous atteignons des objectifs mesurables et concrets dans les domaines cl\u00e9s suivants :","texte_container_width":" normal"}],"background_color_section":"","background_image":"","background_image_mobile":"","background_valign":"vcenter","background_halign":"hcenter","background_size":"normal","display_title":"default","general_style":"clear","auto_height":"1","container_width":" normal","padding_lateral":" ","margin_top":40,"margin_bottom":40,"margin_top_mobile":40,"margin_bottom_mobile":40,"padding_top":40,"padding_bottom":40,"padding_top_mobile":40,"padding_bottom_mobile":40,"hide_section":"0","id_section":""},{"acf_fc_layout":"section","section_surtitre":"L'approche \u00e9coresponsable d'INOGENI : La durabilit\u00e9 en action","titre":"ENGAGEMENT ENVIRONNEMENTAL","section_soustitre":"Nous valorisons la production locale","contenu":[{"acf_fc_layout":"texte","texte":"<hr \/>\r\n\r\n&nbsp;","texte_container_width":" normal"},{"acf_fc_layout":"image"},{"acf_fc_layout":"texte","texte":"<h2><strong>ENGAGEMENT ENVIRONNEMENTAL<\/strong><\/h2>\r\n<h3><strong>L'approche \u00e9coresponsable d'INOGENI : La durabilit\u00e9 en action<\/strong><\/h3>\r\n<ul>\r\n \t<li style=\"font-size: 24px;\"><strong>Nous valorisons la production locale<\/strong>\r\n<ul>\r\n \t<li style=\"font-size: 24px;\">L\u2019entreprise r\u00e9alise et dirige des activit\u00e9s d\u2019ing\u00e9nierie et de fabrication au Qu\u00e9bec et au Canada, dans le respect des exigences l\u00e9gales applicables en mati\u00e8re de s\u00e9curit\u00e9 et de d\u00e9veloppement durable. Cette fabrication locale nous permet une production r\u00e9alis\u00e9e \u00e0 97 % avec de l\u2019\u00e9nergie renouvelable. La mention \u00ab Fabriqu\u00e9 au Canada \u00bb est d\u2019ailleurs reconnue mondialement aupr\u00e8s de nos clients pour des raisons de qualit\u00e9 que de s\u00e9curit\u00e9.<\/li>\r\n<\/ul>\r\n<\/li>\r\n \t<li style=\"font-size: 24px;\"><strong>R\u00e9duire notre empreinte environnementale<\/strong> en adoptant des pratiques de gestion durable des ressources naturelles telles que les 3R (r\u00e9duire, r\u00e9utiliser et recycler) et la conception responsable.<\/li>\r\n \t<li style=\"font-size: 24px;\"><strong>R\u00e9duire les d\u00e9chets, les \u00e9missions de gaz \u00e0 effet de serre, la consommation d'eau et d'\u00e9nergie<\/strong> dans notre cha\u00eene d'approvisionnement et dans nos op\u00e9rations.<\/li>\r\n \t<li style=\"font-size: 24px;\">Dans un souci de qualit\u00e9, de protections des usagers et de l\u2019environnement, les produits <strong>INOGENI sont conformes aux normes environnementales, \u00e9lectromagn\u00e9tiques et \u00e9lectriques<\/strong> suivantes : FCC, CE, RoSH, IEC62368, SoV, UKCA, RCM, KC. Nous avons l'intention d\u2019adopter des normes plus avanc\u00e9es, notamment la norme relative aux d\u00e9chets d'\u00e9quipements \u00e9lectriques et \u00e9lectroniques (DEEE) de l'Union europ\u00e9enne, qui r\u00e9git l'\u00e9limination de ces d\u00e9chets.<\/li>\r\n<\/ul>\r\n&nbsp;\r\n\r\n<hr \/>\r\n\r\n&nbsp;","texte_container_width":" normal"},{"acf_fc_layout":"image"},{"acf_fc_layout":"texte","texte":"<h2><strong>ENGAGEMENT SOCIAL<\/strong><\/h2>\r\n<h3><strong>Construire une soci\u00e9t\u00e9 meilleure : L'engagement d'INOGENI envers la responsabilit\u00e9 sociale<\/strong><\/h3>\r\nINOGENI, ses employ\u00e9es et ses dirigeants s\u2019engagent \u00e0 suivre le Code de conduite d\u2019INOGENI, qui est bas\u00e9 sur les dix principes fondamentaux du Pacte mondial des Nations Unies. Ces dix principes portent sur les droits de la personne, le travail, l\u2019environnement et la lutte contre la corruption.\r\n\r\n<strong>Partenaire<\/strong>\r\n\r\nNous s\u00e9lectionnons des partenaires commerciaux en accord avec nos valeurs de gouvernance d'entreprise, d'\u00e9thique, de responsabilit\u00e9 sociale, de protection de l'environnement et de sant\u00e9 et s\u00e9curit\u00e9 au travail.\r\n\r\n<strong>Notre engagement en mati\u00e8re de responsabilit\u00e9 sociale se manifeste aussi par la promotion d\u2019un environnement de travail sain et collaboratif.<\/strong>\r\n\r\nLa dimension sociale est l'un des piliers fondamentaux de la mission d'INOGENI, qui s'engage \u00e0 offrir un environnement de travail sain et \u00e9quitable \u00e0 ses employ\u00e9s. Nous sommes fiers d'aller au- del\u00e0 des normes en mati\u00e8re de droit du travail afin d\u2019ajouter de nombreux \u00e9l\u00e9ments de bien-\u00eatre au travail et de la cr\u00e9ation d'un environnement de travail agr\u00e9able.\r\n\r\n<strong>Pour nos employ\u00e9es, nous nous engageons \u00e0 :<\/strong>\r\n<ul>\r\n \t<li style=\"font-size: 24px;\">Promouvoir une culture d'\u00e9galit\u00e9 et de diversit\u00e9 dans nos op\u00e9rations et chez nos parties prenantes;<\/li>\r\n \t<li style=\"font-size: 24px;\">Favoriser le bien-\u00eatre et la sant\u00e9 de nos employ\u00e9s, ainsi que leur d\u00e9veloppement professionnel et personnel;<\/li>\r\n \t<li style=\"font-size: 24px;\">Offrir des conditions de travail optimales pour nos employ\u00e9s, y compris des horaires flexibles et des mesures de soutien psychologique;<\/li>\r\n \t<li style=\"font-size: 24px;\">Offrir des cong\u00e9s parentaux pour nos employ\u00e9s pour qu'ils puissent passer du temps avec leur famille et avoir une vie \u00e9quilibr\u00e9e;<\/li>\r\n \t<li style=\"font-size: 24px;\">Cr\u00e9er un environnement de travail stimulant \u00e0 la fine pointe de la technologie qui favorise la cr\u00e9ativit\u00e9 et la collaboration;<\/li>\r\n \t<li style=\"font-size: 24px;\">Offrir des espaces de d\u00e9tente pour nos employ\u00e9s pour qu'ils puissent se reposer entre les heures de travail ou m\u00eame travailler dans un environnement moins formel;<\/li>\r\n \t<li style=\"font-size: 24px;\">Organiser des activit\u00e9s sociales pour nos employ\u00e9s pour qu'ils puissent construire des liens forts avec leurs coll\u00e8gues.<\/li>\r\n<\/ul>\r\n<h3>Au-del\u00e0 des lieux de travail, il y a aussi la communaut\u00e9. INOGENI est anim\u00e9e par des initiatives positives pour le bien de la communaut\u00e9 locale en collaborant avec des organisations et des initiatives sociales. INOGENI s\u2019engage dans des initiatives communautaires et soutient ses employ\u00e9s dans leurs activit\u00e9s sociales et communautaires.<\/h3>\r\n<strong>Protection des donn\u00e9es<\/strong>\r\n\r\nINOGENI est engag\u00e9e \u00e0 fournir des produits de qualit\u00e9 tout en respectant rigoureusement les normes de s\u00e9curit\u00e9 et de protection des donn\u00e9es personnelles conformes aux normes canadiennes et europ\u00e9ennes (RGPD). La politique de s\u00e9curit\u00e9 et de protection des donn\u00e9es est accessible sur leurs sites Web pour plus d'informations.\r\n\r\n&nbsp;\r\n\r\n<hr \/>\r\n\r\n&nbsp;","texte_container_width":" normal"},{"acf_fc_layout":"image"},{"acf_fc_layout":"texte","texte":"<h2><strong>ENGAGEMENT DE GOUVERNANCE<\/strong><\/h2>\r\n<h3><strong>La priorit\u00e9 d'INOGENI pour une bonne gouvernance : Favoriser la r\u00e9ussite de l'entreprise et l'impact social<\/strong><\/h3>\r\nLa gouvernance d'entreprise est au c\u0153ur de nos activit\u00e9s. Elle guide nos d\u00e9cisions \u00e0 l\u2019\u00e9gard des d\u00e9fis complexes et des occasions qui se pr\u00e9sentent. Dans un monde o\u00f9 les clients exigent une transparence et une int\u00e9grit\u00e9 irr\u00e9prochables, des pratiques de gouvernance rigoureuses et strat\u00e9giques sont essentielles.\r\n\r\nLa gouvernance responsable est un \u00e9l\u00e9ment cl\u00e9 de notre culture d'entreprise et de nos pratiques commerciales.\r\n\r\nNous croyons qu'une entreprise \u00e9thique est une entreprise durable. Notre objectif est d'\u00e9tablir et de maintenir des relations commerciales \u00e0 long terme \u00e9quitables et mutuellement b\u00e9n\u00e9fiques avec nos fournisseurs, clients et partenaires commerciaux. Nous nous engageons \u00e0 n\u2019adopter que des pratiques commerciales \u00e9thiques et l\u00e9gales, et nous avons adopt\u00e9 une politique de tol\u00e9rance z\u00e9ro \u00e0 l\u2019\u00e9gard de la corruption.\r\n\r\n<strong>Nous nous engageons \u00e0 :<\/strong>\r\n<ul>\r\n \t<li style=\"font-size: 24px;\">Sensibiliser notre personnel et nos partenaires \u00e0 une politique de tol\u00e9rance z\u00e9ro \u00e0 l'\u00e9gard de la corruption ou de toute influence d\u00e9loyale en rapport avec les lois canadiennes et internationales, et \u00e0 les encadrer;<\/li>\r\n \t<li style=\"font-size: 24px;\">Mettre en place des m\u00e9canismes de contr\u00f4le interne pour veiller au respect de la conformit\u00e9 \u00e0 nos politiques ESG et respecter les principes \u00e9thiques et les normes de conduite professionnelle dans toutes nos activit\u00e9s.<\/li>\r\n<\/ul>\r\n<h3><\/h3>\r\n<h3><strong>Conseil d\u2019administration\u00a0:<\/strong><\/h3>\r\nMise sur pied d\u2019un conseil d\u2019administration diversifi\u00e9, compos\u00e9 de gens comp\u00e9tents venant de l\u2019interne et de l\u2019externe. La s\u00e9paration des r\u00f4les entre la pr\u00e9sidence du conseil et la direction g\u00e9n\u00e9rale est assur\u00e9 afin d\u2019\u00e9viter les conflits d\u2019int\u00e9r\u00eats.","texte_container_width":" normal"}],"background_color_section":"#ffffff","background_image":"","background_image_mobile":"","background_valign":"vcenter","background_halign":"hcenter","background_size":"normal","display_title":"0","general_style":"default","auto_height":"0","container_width":" normal","padding_lateral":" p-0","margin_top":0,"margin_bottom":0,"margin_top_mobile":0,"margin_bottom_mobile":0,"padding_top":0,"padding_bottom":80,"padding_top_mobile":0,"padding_bottom_mobile":80,"hide_section":"0","id_section":""}]},"_links":{"self":[{"href":"https:\/\/inogeni.com\/fr\/wp-json\/wp\/v2\/pages\/8988","targetHints":{"allow":["GET"]}}],"collection":[{"href":"https:\/\/inogeni.com\/fr\/wp-json\/wp\/v2\/pages"}],"about":[{"href":"https:\/\/inogeni.com\/fr\/wp-json\/wp\/v2\/types\/page"}],"author":[{"embeddable":true,"href":"https:\/\/inogeni.com\/fr\/wp-json\/wp\/v2\/users\/13"}],"replies":[{"embeddable":true,"href":"https:\/\/inogeni.com\/fr\/wp-json\/wp\/v2\/comments?post=8988"}],"version-history":[{"count":10,"href":"https:\/\/inogeni.com\/fr\/wp-json\/wp\/v2\/pages\/8988\/revisions"}],"predecessor-version":[{"id":8998,"href":"https:\/\/inogeni.com\/fr\/wp-json\/wp\/v2\/pages\/8988\/revisions\/8998"}],"wp:attachment":[{"href":"https:\/\/inogeni.com\/fr\/wp-json\/wp\/v2\/media?parent=8988"}],"wp:term":[{"taxonomy":"post_tag","embeddable":true,"href":"https:\/\/inogeni.com\/fr\/wp-json\/wp\/v2\/tags?post=8988"}],"curies":[{"name":"wp","href":"https:\/\/api.w.org\/{rel}","templated":true}]}}