{"id":10260,"date":"2025-03-24T09:35:34","date_gmt":"2025-03-24T13:35:34","guid":{"rendered":"https:\/\/inogeni.com\/product\/u-bridge-usbc\/"},"modified":"2026-04-07T12:33:32","modified_gmt":"2026-04-07T16:33:32","slug":"u-bridge-usbc","status":"publish","type":"product","link":"https:\/\/inogeni.com\/fr\/produit\/u-bridge-usbc\/","title":{"rendered":"U-BRIDGE USB-C"},"content":{"rendered":"<h2><span class=\"text-color-secondary\"><strong>U-BRIDGE USB-C<\/strong><\/span><\/h2>\n<h3>Extension USB-C 4K60 jusqu&rsquo;\u00e0 40 m (132 ft.) sur CAT6A U\/FTP<br \/>\n(Disponible au deuxi\u00e8me trimestre 2026)<\/h3>\n<h2><span class=\"text-color-secondary\"><strong>U-BRIDGE USB-C DUO<\/strong><\/span><\/h2>\n<h3>Extension USB-C 4K60 jusqu&rsquo;\u00e0 40 m (132 ft.) sur CAT6A U\/FTP avec fonctionnalit\u00e9 de bureau \u00e9tendu \u00e0 double \u00e9cran<br \/>\n(Disponible au troisi\u00e8me trimestre 2026)<\/h3>\n<p><strong>Les deux \u00e9tendent toutes les fonctionnalit\u00e9s USB-C, y compris USB 2.0, chargement d&rsquo;ordinateur portable 100 W et DisplayPort Alternate Mode<\/strong><\/p>\n<h2>Flexibilit\u00e9 BYOM de niveau sup\u00e9rieur avec l\u2019extendeur USB-C pour prolongement AV<\/h2>\n<h2>Le nouvel extendeur U-BRIDGE USB-C d\u2019INOGENI est sp\u00e9cialement con\u00e7u pour d\u00e9ployer toutes les fonctionnalit\u00e9s USB-C, y compris l\u2019USB 2.0, l\u2019alimentation et le mode altern\u00e9 DisplayPort, jusqu\u2019\u00e0 70 m\u00e8tres (230 pieds). Gr\u00e2ce \u00e0 un seul c\u00e2ble CAT6A U\/FTP, il exploite la technologie \u00e9prouv\u00e9e HDBaseT\u00ae et permet \u00e9galement la connectivit\u00e9 LAN Ethernet pour la connectivit\u00e9, le contr\u00f4le et la gestion de l\u2019ordinateur portable. Il est id\u00e9al pour connecter les ordinateurs portables USB-C aux \u00e9quipements de vid\u00e9oconf\u00e9rence, aux \u00e9crans de salle et aux r\u00e9seaux dans les espaces de r\u00e9union modernes. Cet extendeur peut se connecter \u00e0 une barre vid\u00e9o tout-en-un qui prend en charge le BYOM.<\/h2>\n<p>L\u2019extendeur U-BRIDGE USB-C offre un d\u00e9ploiement longue distance fiable tout en conservant une vid\u00e9o non compress\u00e9e de haute qualit\u00e9. Il d\u00e9veloppe l\u2019interface UVC\/UAC de la barre vid\u00e9o (cam\u00e9ra et audio) et envoie simultan\u00e9ment le contenu vid\u00e9o \u00e0 l\u2019\u00e9cran de la chambre.<\/p>\n<p><strong>Connectivit\u00e9 audio\/vid\u00e9o haute performance et charge de 100\u00a0W<\/strong><\/p>\n<ul>\n<li>Prolongement USB-C au moyen d\u2019un c\u00e2ble\u00a0CAT6A U\/FTP jusqu\u2019\u00e0 70 (230\u00a0pi)\n<ul>\n<li>Signal vid\u00e9o non compress\u00e9 gr\u00e2ce \u00e0 la technologie \u00e9prouv\u00e9e HDBaseT\u00ae<\/li>\n<li>Port\u00e9e : 40 m (132 pi) \u00e0 4K60 et 70 m (230 pi) \u00e0 1080p avec le c\u00e2ble <a href=\"https:\/\/inogeni.com\/fr\/produit\/ino-cat6a\/\">INO-CAT6A<\/a><\/li>\n<li>Prise en charge de l\u2019USB\u00a02.0 et du mode altern\u00e9 DisplayPort<\/li>\n<li>PoE alimente le module PC HOST \u00e0 partir du module DEVICE<\/li>\n<li>L\u2019alimentation USB-C permet de charger l\u2019ordinateur portable \u00e0 100 W<\/li>\n<\/ul>\n<\/li>\n<li>2 ports pour p\u00e9riph\u00e9riques USB\u00a03.0\n<ul>\n<li>D\u00e9bit de donn\u00e9es USB\u00a02.0\u00a0: jusqu\u2019\u00e0 480\u00a0Mbps au d\u00e9ploiement des p\u00e9riph\u00e9riques USB<\/li>\n<li><strong>Remarque\u00a0:<\/strong> si une connectivit\u00e9 USB\u00a03.2 Gen\u00a01 est n\u00e9cessaire, les utilisateurs peuvent relier les deux unit\u00e9s par les ports\u00a0USB3-EXT et utiliser l\u2019extendeur U-BRIDGE\u00a03 pour d\u00e9ployer les signaux SuperSpeed USB 3.2\u00a0Gen\u00a01.<\/li>\n<\/ul>\n<\/li>\n<li>Sortie HDMI\u00a04K60\n<ul>\n<li>Compatible avec HDCP\u00a02.3, HDMI 2.0\u00a0b et DVI 1.0<\/li>\n<\/ul>\n<\/li>\n<li>Traitement vid\u00e9o avanc\u00e9 avec sous-\u00e9chantillonnage chromatique\u00a04:4:4 et 4:2:2<\/li>\n<\/ul>\n<p><strong>Extension USB et vid\u00e9o polyvalente<\/strong><\/p>\n<ul>\n<li>Prise en charge de tous les p\u00e9riph\u00e9riques USB, y compris les webcams, les barres vid\u00e9o, les p\u00e9riph\u00e9riques audio et HID<\/li>\n<li>Id\u00e9al pour les syst\u00e8mes dot\u00e9s d\u2019une connectivit\u00e9 USB-C, tels que Cisco Room Kit EQ ou Logitech MeetUp\u00a02<\/li>\n<li>Jusqu\u2019\u00e0 1,8\u00a0A d\u2019alimentation USB partag\u00e9e<\/li>\n<li>Interface IP avec prise en charge DHCP\/IP statique pour le contr\u00f4le et le pontage r\u00e9seau<\/li>\n<\/ul>\n<p><strong>Int\u00e9gration compl\u00e8te et d\u00e9ploiement simple<\/strong><\/p>\n<ul>\n<li>Le module DEVICE comprend les \u00e9l\u00e9ments suivants\u00a0:\n<ul>\n<li>1 x port USB-C pour l\u2019extension DisplayPort, mode Alt et USB\u00a02.0<\/li>\n<li>2 x USB-A\u00a03.0 pour cam\u00e9ra, barre vid\u00e9o ou haut-parleur<\/li>\n<li>1 x USB3-B pour l\u2019extension USB\u00a03.0 (si n\u00e9cessaire)<\/li>\n<li>1 x sortie HDMI\u00a04K60<\/li>\n<li>2 x RJ-45 pour LAN et CAT6A U\/FTP HDBaseT Link vers le module PC HOST<\/li>\n<li>Alimentation 12V et PoE vers le module PC HOST via CAT6A\u00a0 U\/FTP Link<\/li>\n<\/ul>\n<\/li>\n<li>Le module PC HOST comprend les \u00e9l\u00e9ments suivants\u00a0:\n<ul>\n<li>1 x port USB-C pour l\u2019extension DisplayPort, mode Alt et USB\u00a02.0<\/li>\n<li>1 x port USB-C pour la charge de l\u2019ordinateur portable jusqu\u2019\u00e0 100W<\/li>\n<li>1 x USB3-A pour l\u2019extension USB\u00a03.0<\/li>\n<li>1 x RJ-45 pour la liaison HDBaseT vers le module DEVICE<\/li>\n<\/ul>\n<\/li>\n<li>Connecteurs USB-C et HDMI avec vis de blocage pour une fixation s\u00e9curis\u00e9e<\/li>\n<li>Bo\u00eetier compact en aluminium de qualit\u00e9 professionnelle avec supports de montage<\/li>\n<li>Compatibilit\u00e9 plug-and-play avec Windows, macOS et Linux (aucun pilote requis)<\/li>\n<\/ul>\n<p><strong>Des performances fiables<\/strong><\/p>\n<ul>\n<li>Connexion directe jusqu\u2019\u00e0 70\u00a0m (230\u00a0pi) \u00e0 l\u2019aide d\u2019un c\u00e2ble\u00a0CAT6A U\/FTP<\/li>\n<li>Indicateurs LED pour l\u2019\u00e9tat de l\u2019alimentation et de la charge<\/li>\n<li>Garantie de 5\u00a0ans<\/li>\n<li>Fabriqu\u00e9 au Canada et conforme aux normes TAA<\/li>\n<\/ul>\n","protected":false},"excerpt":{"rendered":"<h2><span class=\"text-color-secondary\"><strong>U-BRIDGE USB-C \u2013 Extension USB-C 4K60 jusqu\u2019\u00e0 70 m (230 pi) gr\u00e2ce \u00a0\u00e0 un c\u00e2ble CAT6A U\/FTP avec HDMI 4K60<\/strong><\/span><br \/>\n<span class=\"text-color-secondary\"><em>(Disponible Q2-2026)<\/em><\/span><\/h2>\n","protected":false},"featured_media":10038,"comment_status":"open","ping_status":"closed","template":"","meta":{"_acf_changed":false,"wds_primary_product_brand":0,"wds_primary_product_cat":0},"product_brand":[],"product_cat":[644],"product_tag":[],"class_list":{"0":"post-10260","1":"product","2":"type-product","3":"status-publish","4":"has-post-thumbnail","6":"product_cat-extendeur-usb","8":"first","9":"instock","10":"shipping-taxable","11":"product-type-simple"},"acf":[],"_links":{"self":[{"href":"https:\/\/inogeni.com\/fr\/wp-json\/wp\/v2\/product\/10260","targetHints":{"allow":["GET"]}}],"collection":[{"href":"https:\/\/inogeni.com\/fr\/wp-json\/wp\/v2\/product"}],"about":[{"href":"https:\/\/inogeni.com\/fr\/wp-json\/wp\/v2\/types\/product"}],"replies":[{"embeddable":true,"href":"https:\/\/inogeni.com\/fr\/wp-json\/wp\/v2\/comments?post=10260"}],"wp:featuredmedia":[{"embeddable":true,"href":"https:\/\/inogeni.com\/fr\/wp-json\/wp\/v2\/media\/10038"}],"wp:attachment":[{"href":"https:\/\/inogeni.com\/fr\/wp-json\/wp\/v2\/media?parent=10260"}],"wp:term":[{"taxonomy":"product_brand","embeddable":true,"href":"https:\/\/inogeni.com\/fr\/wp-json\/wp\/v2\/product_brand?post=10260"},{"taxonomy":"product_cat","embeddable":true,"href":"https:\/\/inogeni.com\/fr\/wp-json\/wp\/v2\/product_cat?post=10260"},{"taxonomy":"product_tag","embeddable":true,"href":"https:\/\/inogeni.com\/fr\/wp-json\/wp\/v2\/product_tag?post=10260"}],"curies":[{"name":"wp","href":"https:\/\/api.w.org\/{rel}","templated":true}]}}