{"id":12587,"date":"2025-09-08T11:07:50","date_gmt":"2025-09-08T15:07:50","guid":{"rendered":"https:\/\/inogeni.com\/product\/camtrack\/"},"modified":"2026-03-27T15:05:46","modified_gmt":"2026-03-27T19:05:46","slug":"camtrack","status":"publish","type":"product","link":"https:\/\/inogeni.com\/fr\/produit\/camtrack\/","title":{"rendered":"CAMTRACK"},"content":{"rendered":"<h2 style=\"text-align: center;\"><em><strong>\u00c9couter, Cibler, Commuter, Captiver. <\/strong><\/em><\/h2>\n<h2>CAMTRACK d&rsquo;INOGENI est le commutateur multi-cam\u00e9ras \u00e0 commande vocale le plus flexible et le plus rentable con\u00e7u pour les environnements de conf\u00e9rence modernes.<\/h2>\n<p><img decoding=\"async\" class=\"alignnone wp-image-12589\" src=\"https:\/\/inogeni.com\/wp-content\/uploads\/2025\/09\/Header-4-Formats-FR_1920x824-5-scaled.png\" alt=\"\" width=\"1920\" height=\"824\" srcset=\"https:\/\/inogeni.com\/wp-content\/uploads\/2025\/09\/Header-4-Formats-FR_1920x824-5-scaled.png 2560w, https:\/\/inogeni.com\/wp-content\/uploads\/2025\/09\/Header-4-Formats-FR_1920x824-5-300x129.png 300w, https:\/\/inogeni.com\/wp-content\/uploads\/2025\/09\/Header-4-Formats-FR_1920x824-5-1024x439.png 1024w, https:\/\/inogeni.com\/wp-content\/uploads\/2025\/09\/Header-4-Formats-FR_1920x824-5-768x330.png 768w, https:\/\/inogeni.com\/wp-content\/uploads\/2025\/09\/Header-4-Formats-FR_1920x824-5-1536x659.png 1536w, https:\/\/inogeni.com\/wp-content\/uploads\/2025\/09\/Header-4-Formats-FR_1920x824-5-2048x879.png 2048w, https:\/\/inogeni.com\/wp-content\/uploads\/2025\/09\/Header-4-Formats-FR_1920x824-5-600x257.png 600w\" sizes=\"(max-width: 1920px) 100vw, 1920px\" \/><\/p>\n<p>CAMTRACK s&rsquo;int\u00e8gre aux microphones SHURE pour d\u00e9tecter la voix de la personne qui parle, d\u00e9clenchant ainsi les pr\u00e9r\u00e9glages de la cam\u00e9ra PTZ et le suivi par IA (lorsque cela est pris en charge). Il communique ensuite avec un commutateur INOGENI pour acheminer de mani\u00e8re transparente le flux vid\u00e9o appropri\u00e9 vers le syst\u00e8me de conf\u00e9rence. Le syst\u00e8me assure le contr\u00f4le automatis\u00e9 des cam\u00e9ras et la commutation vid\u00e9o pour les salles de conf\u00e9rence, les r\u00e9unions hybrides et les \u00e9v\u00e9nements en direct.<\/p>\n<p><strong>Int\u00e9gration et configuration transparentes<\/strong><\/p>\n<p><strong><img decoding=\"async\" class=\"alignleft wp-image-12528\" src=\"https:\/\/inogeni.com\/wp-content\/uploads\/2025\/09\/SHURE_Certified-Camera-partner_crop-scaled.png\" alt=\"\" width=\"165\" height=\"165\" srcset=\"https:\/\/inogeni.com\/wp-content\/uploads\/2025\/09\/SHURE_Certified-Camera-partner_crop-scaled.png 2560w, https:\/\/inogeni.com\/wp-content\/uploads\/2025\/09\/SHURE_Certified-Camera-partner_crop-300x300.png 300w, https:\/\/inogeni.com\/wp-content\/uploads\/2025\/09\/SHURE_Certified-Camera-partner_crop-1024x1024.png 1024w, https:\/\/inogeni.com\/wp-content\/uploads\/2025\/09\/SHURE_Certified-Camera-partner_crop-150x150.png 150w, https:\/\/inogeni.com\/wp-content\/uploads\/2025\/09\/SHURE_Certified-Camera-partner_crop-768x768.png 768w, https:\/\/inogeni.com\/wp-content\/uploads\/2025\/09\/SHURE_Certified-Camera-partner_crop-1536x1536.png 1536w, https:\/\/inogeni.com\/wp-content\/uploads\/2025\/09\/SHURE_Certified-Camera-partner_crop-2048x2048.png 2048w, https:\/\/inogeni.com\/wp-content\/uploads\/2025\/09\/SHURE_Certified-Camera-partner_crop-540x540.png 540w, https:\/\/inogeni.com\/wp-content\/uploads\/2025\/09\/SHURE_Certified-Camera-partner_crop-600x600.png 600w, https:\/\/inogeni.com\/wp-content\/uploads\/2025\/09\/SHURE_Certified-Camera-partner_crop-100x100.png 100w\" sizes=\"(max-width: 165px) 100vw, 165px\" \/><\/strong><\/p>\n<p><strong>Partenaire certifi\u00e9 Shure \u2013 <\/strong>Fonctionne de mani\u00e8re transparente avec les microphones multizones avanc\u00e9s (MXA901 et MXA920), les microphones multicanaux (MXA310, MXA710 et MXA910) ainsi que les syst\u00e8mes de conf\u00e9rence sans fil MXW neXt et MXCW. Il prend \u00e9galement en charge les d\u00e9clencheurs du DSP P300, du logiciel IntelliMix Room et de l&rsquo;interface r\u00e9seau ANIUSB-MATRIX. Chaque appareil prend en charge jusqu&rsquo;\u00e0 8 zones audio (ou plus avec les MXA901 et 920), tandis que les syst\u00e8mes de conf\u00e9rence MXCW peuvent accueillir jusqu&rsquo;\u00e0 125 microphones en une seule unit\u00e9, garantissant un suivi pr\u00e9cis des intervenants et un son et une image d&rsquo;une clart\u00e9 cristalline lors des r\u00e9unions hybrides.<\/p>\n<p><strong><img decoding=\"async\" class=\"wp-image-11592 alignleft\" src=\"https:\/\/inogeni.com\/wp-content\/uploads\/2025\/09\/Logo_AVer-Canon-Sony-Panasonic.png\" alt=\"\" width=\"250\" height=\"116\" srcset=\"https:\/\/inogeni.com\/wp-content\/uploads\/2025\/09\/Logo_AVer-Canon-Sony-Panasonic.png 896w, https:\/\/inogeni.com\/wp-content\/uploads\/2025\/09\/Logo_AVer-Canon-Sony-Panasonic-300x140.png 300w, https:\/\/inogeni.com\/wp-content\/uploads\/2025\/09\/Logo_AVer-Canon-Sony-Panasonic-768x357.png 768w, https:\/\/inogeni.com\/wp-content\/uploads\/2025\/09\/Logo_AVer-Canon-Sony-Panasonic-600x279.png 600w\" sizes=\"(max-width: 250px) 100vw, 250px\" \/><\/strong><strong>Prise en charge \u00e9tendue des cam\u00e9ras PTZ \u2013<\/strong> CAMTRACK fonctionne avec une longue liste de fabricants de cam\u00e9ras PTZ, notamment Canon, AVer, Sony, Panasonic et pratiquement toutes les cam\u00e9ras IP PTZ.<\/p>\n<p>&nbsp;<\/p>\n<p><strong><img decoding=\"async\" class=\"wp-image-11594 alignleft\" src=\"https:\/\/inogeni.com\/wp-content\/uploads\/2025\/09\/Logo_USB-TCP-IP-HDMI-NDI.png\" alt=\"\" width=\"250\" height=\"87\" srcset=\"https:\/\/inogeni.com\/wp-content\/uploads\/2025\/09\/Logo_USB-TCP-IP-HDMI-NDI.png 896w, https:\/\/inogeni.com\/wp-content\/uploads\/2025\/09\/Logo_USB-TCP-IP-HDMI-NDI-300x105.png 300w, https:\/\/inogeni.com\/wp-content\/uploads\/2025\/09\/Logo_USB-TCP-IP-HDMI-NDI-768x268.png 768w, https:\/\/inogeni.com\/wp-content\/uploads\/2025\/09\/Logo_USB-TCP-IP-HDMI-NDI-600x210.png 600w\" sizes=\"(max-width: 250px) 100vw, 250px\" \/><\/strong><\/p>\n<p><strong>Compatibilit\u00e9 totale avec les commutateurs INOGENI \u2013<\/strong> Prend en charge les cam\u00e9ras USB, HDMI, NDI et RTSP, y compris les commutateurs <a href=\"https:\/\/inogeni.com\/fr\/produit\/CAM230\/\">CAM230<\/a> et <a href=\"https:\/\/inogeni.com\/fr\/produit\/cam300\/\">CAM300<\/a> natifs et les sources NDI via <a href=\"https:\/\/inogeni.com\/fr\/produit\/ip2usb\/\">IP2USB<\/a> pour une int\u00e9gration parfaite de tous les types de cam\u00e9ras.<\/p>\n<p><strong>Configuration intuitive bas\u00e9e sur le Web<\/strong><\/p>\n<p><img decoding=\"async\" class=\"alignnone wp-image-12530\" src=\"https:\/\/inogeni.com\/wp-content\/uploads\/2025\/09\/Easy-steps-to-configure-your-optimal-solution-3-scaled.png\" alt=\"\" width=\"1080\" height=\"764\" srcset=\"https:\/\/inogeni.com\/wp-content\/uploads\/2025\/09\/Easy-steps-to-configure-your-optimal-solution-3-scaled.png 2560w, https:\/\/inogeni.com\/wp-content\/uploads\/2025\/09\/Easy-steps-to-configure-your-optimal-solution-3-300x212.png 300w, https:\/\/inogeni.com\/wp-content\/uploads\/2025\/09\/Easy-steps-to-configure-your-optimal-solution-3-1024x725.png 1024w, https:\/\/inogeni.com\/wp-content\/uploads\/2025\/09\/Easy-steps-to-configure-your-optimal-solution-3-768x544.png 768w, https:\/\/inogeni.com\/wp-content\/uploads\/2025\/09\/Easy-steps-to-configure-your-optimal-solution-3-1536x1087.png 1536w, https:\/\/inogeni.com\/wp-content\/uploads\/2025\/09\/Easy-steps-to-configure-your-optimal-solution-3-2048x1450.png 2048w, https:\/\/inogeni.com\/wp-content\/uploads\/2025\/09\/Easy-steps-to-configure-your-optimal-solution-3-600x425.png 600w\" sizes=\"(max-width: 1080px) 100vw, 1080px\" \/><\/p>\n<p><strong>Configuration intelligente \u00e0 commande vocale simplifi\u00e9e.<\/strong><\/p>\n<p>Configuration simple gr\u00e2ce \u00e0 un assistant de configuration \u00e9tape par \u00e9tape. Aucune programmation n&rsquo;est n\u00e9cessaire. Un guide num\u00e9rique contextuel int\u00e9gr\u00e9 guide les utilisateurs \u00e0 chaque \u00e9tape.<\/p>\n<p><strong>D\u00e9ploiement rapide :<\/strong> dupliquez et partagez les configurations sur plusieurs appareils CAMTRACK. <a href=\"https:\/\/inogeni.com\/fr\/produit\/camtrack\/?tpl=support#scroll_to\">Consultez le guide d&rsquo;utilisation CAMTRACK et plus encore.<\/a><\/p>\n<p>D\u00e9couvrez l&rsquo;assistant de configuration \u00e9tape par \u00e9tape de CAMTRACK :<\/p>\n<ul>\n<li><a href=\"https:\/\/inogeni.com\/camtrack-setup-assistant-ndi-router\/\">SHURE MXA920 et 2 cam\u00e9ras PTZ avec <strong>configuration<\/strong> <strong>du routeur CAMTRACK NDI<\/strong><\/a><\/li>\n<li><a href=\"https:\/\/inogeni.com\/camtrack-setup-assistant-cam230-cam300\">SHURE MXA920 et cam\u00e9ras PTZ avec CAMTRACK et les <strong>COMMUTATEURS<\/strong> <strong>CAM230\/CAM300<\/strong><\/a><\/li>\n<\/ul>\n<p><strong>Coordination intelligente des cam\u00e9ras et flexibilit\u00e9<\/strong><\/p>\n<ul>\n<li><strong>\u00a0<\/strong><strong>Gestion intelligente de plusieurs cam\u00e9ras \u2013<\/strong> CAMTRACK d\u00e9termine intelligemment la cam\u00e9ra active en temps r\u00e9el \u00e0 l&rsquo;aide d&rsquo;une localisation audio pr\u00e9cise\n<ul>\n<li>Commandes PTZ compl\u00e8tes et commandes de cam\u00e9ra bas\u00e9es sur des pr\u00e9r\u00e9glages avec VISCA sur IP ou Sony HTTP, Canon XC Control et Panasonic AW<\/li>\n<li>Transition fluide \u00e0 l&rsquo;aide des commutateurs de la s\u00e9rie CAM d&rsquo;INOGENI ou NDI\u00ae associ\u00e9 \u00e0 l&rsquo;IP2USB<\/li>\n<li>Jusqu&rsquo;\u00e0 10 pr\u00e9r\u00e9glages de salle personnalisables pour des configurations vari\u00e9es (y compris les espaces divisibles)<\/li>\n<\/ul>\n<\/li>\n<li><strong>Transparence du suivi IA \u2013<\/strong> Nos commutateurs permettent aux cam\u00e9ras \u00e9quip\u00e9es d&rsquo;IA d&rsquo;activer automatiquement leurs fonctions de cadrage ou de suivi automatiques ou lorsqu&rsquo;un pr\u00e9r\u00e9glage est rappel\u00e9<\/li>\n<li><strong>Options d&rsquo;alimentation flexibles \u2013 PoE<\/strong> (IEEE 802.3af) ou entr\u00e9e d&rsquo;alimentation Micro-USB en option<\/li>\n<li><strong>Activation du tally de la cam\u00e9ra<\/strong> \u2013 Des voyants lumineux indiquent quelle cam\u00e9ra est active sur les cam\u00e9ras IP prises en charge<\/li>\n<li><strong>Conception compacte et polyvalente \u2013<\/strong> Le fonctionnement sans ventilateur et les options de montage flexibles simplifient l&rsquo;int\u00e9gration dans n&rsquo;importe quel environnement audiovisuel<\/li>\n<li><strong>Communication flexible \u2013<\/strong> Prise en charge des protocoles HTTP, WebSocket et TCP\/IP pour l&rsquo;int\u00e9gration avec des syst\u00e8mes de contr\u00f4le tiers via API<\/li>\n<li><strong>Test\u00e9 et compatible de par sa conception avec les principaux syst\u00e8mes de communications unifi\u00e9es<\/strong> et fabricants de cam\u00e9ras, tels que Crestron, Logitech, Lenovo, Poly, MAXHUB, Jabra, Teams, Zoom et autres.<\/li>\n<\/ul>\n","protected":false},"excerpt":{"rendered":"<p>Le <strong>CAMTRACK<\/strong> d&rsquo;INOGENI est un commutateur multi-cam\u00e9ras flexible et \u00e9conomique, activ\u00e9 par la voix. Il s&rsquo;int\u00e8gre aux microphones SHURE pour le suivi automatique des intervenants, les pr\u00e9r\u00e9glages PTZ et la commutation vid\u00e9o fluide dans les r\u00e9unions hybrides, les salles de conf\u00e9rence et les \u00e9v\u00e9nements en direct.<\/p>\n","protected":false},"featured_media":11589,"comment_status":"open","ping_status":"closed","template":"","meta":{"_acf_changed":false,"wds_primary_product_brand":0,"wds_primary_product_cat":0},"product_brand":[],"product_cat":[437,394,442],"product_tag":[],"class_list":{"0":"post-12587","1":"product","2":"type-product","3":"status-publish","4":"has-post-thumbnail","6":"product_cat-selecteurs-de-cameras","7":"product_cat-mixeurs-selecteurs-de-cameras","8":"product_cat-non-categorise","10":"first","11":"instock","12":"shipping-taxable","13":"product-type-simple"},"acf":[],"_links":{"self":[{"href":"https:\/\/inogeni.com\/fr\/wp-json\/wp\/v2\/product\/12587","targetHints":{"allow":["GET"]}}],"collection":[{"href":"https:\/\/inogeni.com\/fr\/wp-json\/wp\/v2\/product"}],"about":[{"href":"https:\/\/inogeni.com\/fr\/wp-json\/wp\/v2\/types\/product"}],"replies":[{"embeddable":true,"href":"https:\/\/inogeni.com\/fr\/wp-json\/wp\/v2\/comments?post=12587"}],"wp:featuredmedia":[{"embeddable":true,"href":"https:\/\/inogeni.com\/fr\/wp-json\/wp\/v2\/media\/11589"}],"wp:attachment":[{"href":"https:\/\/inogeni.com\/fr\/wp-json\/wp\/v2\/media?parent=12587"}],"wp:term":[{"taxonomy":"product_brand","embeddable":true,"href":"https:\/\/inogeni.com\/fr\/wp-json\/wp\/v2\/product_brand?post=12587"},{"taxonomy":"product_cat","embeddable":true,"href":"https:\/\/inogeni.com\/fr\/wp-json\/wp\/v2\/product_cat?post=12587"},{"taxonomy":"product_tag","embeddable":true,"href":"https:\/\/inogeni.com\/fr\/wp-json\/wp\/v2\/product_tag?post=12587"}],"curies":[{"name":"wp","href":"https:\/\/api.w.org\/{rel}","templated":true}]}}