{"id":4029,"date":"2022-05-14T11:21:46","date_gmt":"2022-05-14T15:21:46","guid":{"rendered":"https:\/\/inogeni.com\/product\/share2u\/"},"modified":"2026-01-30T16:01:41","modified_gmt":"2026-01-30T21:01:41","slug":"share2u","status":"publish","type":"product","link":"https:\/\/inogeni.com\/fr\/produit\/share2u\/","title":{"rendered":"SHARE2U"},"content":{"rendered":"<h2>Ce mixeur facile \u00e0 brancher et \u00e0 utiliser, qui permet de capturer 2 sources vid\u00e9o en image par image ou c\u00f4te \u00e0 c\u00f4te dans un flux vid\u00e9o, est \u00e9galement parfait pour am\u00e9liorer l&rsquo;exp\u00e9rience de vos classes HyFlex et de vos r\u00e9unions collaboratives.<\/h2>\n<ul>\n<li aria-level=\"1\">Mixez 2 cam\u00e9ras parmi 3 sources (2 USB 2.0 et 1 HDMI)<\/li>\n<li aria-level=\"1\">Engagez une pr\u00e9sentation dynamique et changez facilement jusqu&rsquo;\u00e0 14 configurations de mixage vid\u00e9o<\/li>\n<li aria-level=\"1\">Changez de cam\u00e9ra et de configuration vid\u00e9o sans interrompre le d\u00e9roulement de votre pr\u00e9sentation.<\/li>\n<li aria-level=\"1\">Id\u00e9al pour l&rsquo;enseignement \u00e0 distance, les r\u00e9unions collaboratives, les webinaires ou la diffusion en direct.<\/li>\n<li aria-level=\"1\">Compatible avec les processeurs Q-SYS Core\n<ul>\n<li aria-level=\"1\"><a href=\"https:\/\/inogeni.com\/fr\/produit\/share2u\/?tpl=application#scroll_to\" rel=\"\">Voir les notes d&rsquo;application de Q-SYS\/INOGENI SHARE2U.<\/a><\/li>\n<\/ul>\n<\/li>\n<li><strong>Parfaitement compatible avec les cam\u00e9ras et CODEC Logitech UC<\/strong>\n<ul>\n<li><a href=\"https:\/\/inogeni.com\/fr\/enhanced-unified-communication-and-collaboration-with-logitech-and-inogeni\/\" rel=\"\"><strong>D\u00e9couvrez la matrice de compatibilit\u00e9 compl\u00e8te<\/strong><\/a> entre les produits INOGENI et Logitech.\n<ul>\n<li><strong>Cam\u00e9ras compatibles test\u00e9es par Logitech :\u00a0<\/strong>s\u00e9ries Rally et Rally Bar, MeetUp, MeetUp 2, Scribe et cam\u00e9ras grand public<\/li>\n<li><strong>CODECs Logitech UC :<\/strong> Rally Bar et Rally Bar series (Appliance Mode), Roommate, pour MTR et Zoom Rooms<\/li>\n<\/ul>\n<\/li>\n<\/ul>\n<\/li>\n<li aria-level=\"1\">Compatible avec le syst\u00e8me de conf\u00e9rence ClickShare de Baco (CX-20, CX-30 et CX-50)<\/li>\n<li aria-level=\"1\">Sortie : vid\u00e9o non compress\u00e9e sur USB 3.0 ou MJPEG sur USB 2.0<\/li>\n<li aria-level=\"1\">E\/S audio et mixeur via l&rsquo;application <a href=\"https:\/\/inogeni.com\/fr\/assistance\/logiciels\/\"><em>INOGENI Control App<\/em><\/a><\/li>\n<li aria-level=\"1\">Contr\u00f4lable par LAN et RS-232<\/li>\n<li aria-level=\"1\">Solution \u00e9conomique, fiable et simple \u00e0 installer et \u00e0 connecter (pas de pilote requis).<\/li>\n<li aria-level=\"1\">Design compact et robuste avec son bo\u00eetier en aluminium<\/li>\n<li aria-level=\"1\">Con\u00e7u et fabriqu\u00e9 au Canada<\/li>\n<li aria-level=\"1\">Conforme \u00e0 la norme TAA<\/li>\n<li aria-level=\"1\"><a href=\"\/share2u-brochure\" target=\"_blank\" rel=\"noopener\">D\u00e9couvrez sa brochure<\/a><\/li>\n<\/ul>\n","protected":false},"excerpt":{"rendered":"<p><span style=\"font-weight: 400;\">Ce mixeur facile \u00e0 brancher et \u00e0 utiliser pour l&rsquo;image dans l&rsquo;image en un seul flux vid\u00e9o est \u00e9galement parfait pour am\u00e9liorer l&rsquo;exp\u00e9rience de vos classes HyFlex et de vos r\u00e9unions collaboratives.<\/span><\/p>\n","protected":false},"featured_media":2279,"comment_status":"closed","ping_status":"closed","template":"","meta":{"_acf_changed":false,"wds_primary_product_brand":0,"wds_primary_product_cat":0},"product_brand":[],"product_cat":[394,393],"product_tag":[],"class_list":{"0":"post-4029","1":"product","2":"type-product","3":"status-publish","4":"has-post-thumbnail","6":"product_cat-mixeurs-selecteurs-de-cameras","7":"product_cat-mixeurs-de-cameras","9":"first","10":"instock","11":"shipping-taxable","12":"product-type-simple"},"acf":[],"_links":{"self":[{"href":"https:\/\/inogeni.com\/fr\/wp-json\/wp\/v2\/product\/4029","targetHints":{"allow":["GET"]}}],"collection":[{"href":"https:\/\/inogeni.com\/fr\/wp-json\/wp\/v2\/product"}],"about":[{"href":"https:\/\/inogeni.com\/fr\/wp-json\/wp\/v2\/types\/product"}],"replies":[{"embeddable":true,"href":"https:\/\/inogeni.com\/fr\/wp-json\/wp\/v2\/comments?post=4029"}],"wp:featuredmedia":[{"embeddable":true,"href":"https:\/\/inogeni.com\/fr\/wp-json\/wp\/v2\/media\/2279"}],"wp:attachment":[{"href":"https:\/\/inogeni.com\/fr\/wp-json\/wp\/v2\/media?parent=4029"}],"wp:term":[{"taxonomy":"product_brand","embeddable":true,"href":"https:\/\/inogeni.com\/fr\/wp-json\/wp\/v2\/product_brand?post=4029"},{"taxonomy":"product_cat","embeddable":true,"href":"https:\/\/inogeni.com\/fr\/wp-json\/wp\/v2\/product_cat?post=4029"},{"taxonomy":"product_tag","embeddable":true,"href":"https:\/\/inogeni.com\/fr\/wp-json\/wp\/v2\/product_tag?post=4029"}],"curies":[{"name":"wp","href":"https:\/\/api.w.org\/{rel}","templated":true}]}}