{"id":4031,"date":"2022-08-31T13:30:12","date_gmt":"2022-08-31T17:30:12","guid":{"rendered":"https:\/\/inogeni.com\/product\/share2\/"},"modified":"2026-04-10T16:55:22","modified_gmt":"2026-04-10T20:55:22","slug":"share2","status":"publish","type":"product","link":"https:\/\/inogeni.com\/fr\/produit\/share2\/","title":{"rendered":"SHARE2"},"content":{"rendered":"<h3><span style=\"color: #ff6600;\"><em><strong data-start=\"35\" data-end=\"69\">Annonce de fin de vie \u2013 SHARE2<\/strong><\/em><\/span><br data-start=\"69\" data-end=\"72\" \/><span style=\"color: #ff6600;\"><em>Le SHARE2 atteindra sa fin de vie le 31 ao\u00fbt 2026. Cet avis s\u2019applique uniquement au SHARE2 et n\u2019affecte pas le SHARE2U, qui continue d\u2019\u00eatre pris en charge et am\u00e9lior\u00e9 avec le firmware version 2.x.<\/em><\/span><\/h3>\n<h2>Le mixeur de cam\u00e9ra SHARE2 d&rsquo;INOGENI, simple et polyvalent, offre une image dans l&rsquo;image dans un seul flux vid\u00e9o. Cr\u00e9ez des pr\u00e9sentations interactives pour les r\u00e9unions collaboratives et les salles de classe HyFlex.<\/h2>\n<ul>\n<li aria-level=\"1\">Mixeur de 2 cam\u00e9ras HDMI sur une seule interface USB 3.0<\/li>\n<li aria-level=\"1\">Engagez l\u2019auditoire avec une pr\u00e9sentation dynamique et passez facilement jusqu&rsquo;\u00e0 14 configurations de mixage vid\u00e9o<\/li>\n<li aria-level=\"1\">Changez de cam\u00e9ra et de configuration vid\u00e9o sans interrompre le d\u00e9roulement de votre pr\u00e9sentation.<\/li>\n<li aria-level=\"1\">Id\u00e9al pour l&rsquo;enseignement \u00e0 distance, les r\u00e9unions collaboratives, les webinaires ou la diffusion en direct.<\/li>\n<li aria-level=\"1\">Compatible avec les processeurs Q-SYS Core\n<ul>\n<li aria-level=\"1\"><a href=\"https:\/\/inogeni.com\/fr\/produit\/share2\/?tpl=application#scroll_to\" rel=\"\">Voir les notes d&rsquo;application de Q-SYS\/INOGENI SHARE2.<\/a><\/li>\n<\/ul>\n<\/li>\n<li><strong>Parfaitement compatible avec les cam\u00e9ras UC Logitech et les CODEC UC<\/strong>\n<ul>\n<li><a href=\"https:\/\/inogeni.com\/fr\/enhanced-unified-communication-and-collaboration-with-logitech-and-inogeni\/\"><strong>D\u00e9couvrez la matrice de compatibilit\u00e9 compl\u00e8te<\/strong><\/a> entre les produits INOGENI et Logitech.\n<ul>\n<li><strong>Cam\u00e9ras compatibles test\u00e9es par Logitech :<\/strong> s\u00e9ries Rally et Rally Bar, MeetUp, Scribe et cam\u00e9ras grand public<\/li>\n<li><strong>CODECs Logitech UC :<\/strong> Rally Bar et Rally Bar series (Appliance Mode), Roommate, pour MTR et Zoom Rooms<\/li>\n<\/ul>\n<\/li>\n<\/ul>\n<\/li>\n<li aria-level=\"1\">Compatible avec le syst\u00e8me de conf\u00e9rence ClickShare de Barco (CX-20, CX-30 et CX-50)<\/li>\n<li aria-level=\"1\">Sortie : vid\u00e9o non compress\u00e9e sur USB 3.0 ou MJPEG sur USB 2.0<\/li>\n<li aria-level=\"1\">E\/S audio et mixeur via l&rsquo;application <a href=\"https:\/\/inogeni.com\/fr\/assistance\/logiciels\/\"><em>INOGENI Control App<\/em><\/a><\/li>\n<li aria-level=\"1\">Contr\u00f4lable par LAN et RS-232<\/li>\n<li aria-level=\"1\">Solution \u00e9conomique, fiable et simple \u00e0 installer et \u00e0 connecter (pas de pilote requis).<\/li>\n<li aria-level=\"1\">Design compact et robuste avec son bo\u00eetier en aluminium<\/li>\n<li aria-level=\"1\">Con\u00e7u et fabriqu\u00e9 au Canada<\/li>\n<li aria-level=\"1\">Conforme \u00e0 la norme TAA<\/li>\n<\/ul>\n","protected":false},"excerpt":{"rendered":"<p>Le mixeur de cam\u00e9ras SHARE2 d&rsquo;INOGENI, simple et polyvalent, permet une image dans l&rsquo;image dans un seul flux vid\u00e9o. Cr\u00e9ez des pr\u00e9sentations interactives pour les r\u00e9unions collaboratives et les salles de classe HyFlex.<\/p>\n","protected":false},"featured_media":3256,"comment_status":"closed","ping_status":"closed","template":"","meta":{"_acf_changed":false,"wds_primary_product_brand":0,"wds_primary_product_cat":0},"product_brand":[],"product_cat":[394,393],"product_tag":[],"class_list":{"0":"post-4031","1":"product","2":"type-product","3":"status-publish","4":"has-post-thumbnail","6":"product_cat-mixeurs-selecteurs-de-cameras","7":"product_cat-mixeurs-de-cameras","9":"first","10":"instock","11":"shipping-taxable","12":"product-type-simple"},"acf":[],"_links":{"self":[{"href":"https:\/\/inogeni.com\/fr\/wp-json\/wp\/v2\/product\/4031","targetHints":{"allow":["GET"]}}],"collection":[{"href":"https:\/\/inogeni.com\/fr\/wp-json\/wp\/v2\/product"}],"about":[{"href":"https:\/\/inogeni.com\/fr\/wp-json\/wp\/v2\/types\/product"}],"replies":[{"embeddable":true,"href":"https:\/\/inogeni.com\/fr\/wp-json\/wp\/v2\/comments?post=4031"}],"wp:featuredmedia":[{"embeddable":true,"href":"https:\/\/inogeni.com\/fr\/wp-json\/wp\/v2\/media\/3256"}],"wp:attachment":[{"href":"https:\/\/inogeni.com\/fr\/wp-json\/wp\/v2\/media?parent=4031"}],"wp:term":[{"taxonomy":"product_brand","embeddable":true,"href":"https:\/\/inogeni.com\/fr\/wp-json\/wp\/v2\/product_brand?post=4031"},{"taxonomy":"product_cat","embeddable":true,"href":"https:\/\/inogeni.com\/fr\/wp-json\/wp\/v2\/product_cat?post=4031"},{"taxonomy":"product_tag","embeddable":true,"href":"https:\/\/inogeni.com\/fr\/wp-json\/wp\/v2\/product_tag?post=4031"}],"curies":[{"name":"wp","href":"https:\/\/api.w.org\/{rel}","templated":true}]}}