{"id":4033,"date":"2022-08-31T19:20:28","date_gmt":"2022-08-31T23:20:28","guid":{"rendered":"https:\/\/inogeni.com\/product\/cam300\/"},"modified":"2026-01-30T16:02:39","modified_gmt":"2026-01-30T21:02:39","slug":"cam300","status":"publish","type":"product","link":"https:\/\/inogeni.com\/fr\/produit\/cam300\/","title":{"rendered":"CAM300"},"content":{"rendered":"<h2>Avec ce s\u00e9lecteur (switcher) de 4 sources vid\u00e9o, id\u00e9al pour les salles de classe, b\u00e9n\u00e9ficiez d&rsquo;une commutation instantan\u00e9e et transparente et d&rsquo;une connexion automatique \u00e0 n&rsquo;importe quelle application &#8211; sans pilote.<\/h2>\n<ul>\n<li aria-level=\"1\">4 cam\u00e9ras vid\u00e9o\/sources (2 USB et 2 HDMI) commutation propre vers une seule interface USB 3.0<\/li>\n<li aria-level=\"1\">Lancez une pr\u00e9sentation dynamique et changez facilement de cam\u00e9ra en appuyant sur un bouton.<\/li>\n<li aria-level=\"1\">Changez de cam\u00e9ra et de configuration vid\u00e9o sans couper le flux de votre pr\u00e9sentation<\/li>\n<li aria-level=\"1\">Id\u00e9al pour l&rsquo;enseignement \u00e0 distance, les r\u00e9unions collaboratives, les webinaires ou la diffusion en direct.<\/li>\n<li aria-level=\"1\">Compatible avec les processeurs Q-SYS Core\n<ul>\n<li aria-level=\"1\"><a href=\"https:\/\/inogeni.com\/fr\/produit\/cam300\/?tpl=application#scroll_to\" rel=\"\">Voir les notes d&rsquo;application de Q-SYS\/INOGENI CAM300.<\/a><\/li>\n<\/ul>\n<\/li>\n<li><strong>Parfaitement compatible avec les cam\u00e9ras UC Logitech et les CODEC UC<\/strong>\n<ul>\n<li><a href=\"https:\/\/inogeni.com\/fr\/enhanced-unified-communication-and-collaboration-with-logitech-and-inogeni\/\"><strong>D\u00e9couvrez la matrice de compatibilit\u00e9 compl\u00e8te<\/strong><\/a> entre les produits INOGENI et Logitech.\n<ul>\n<li><strong>Cam\u00e9ras compatibles test\u00e9es par Logitech :<\/strong> s\u00e9ries Rally et Rally Bar, MeetUp, Scribe et cam\u00e9ras grand public<\/li>\n<li><strong>CODECs Logitech UC :<\/strong> Rally Bar et Rally Bar series (Appliance Mode), Roommate, pour MTR et Zoom Rooms<\/li>\n<\/ul>\n<\/li>\n<\/ul>\n<\/li>\n<li aria-level=\"1\">Compatible avec le syst\u00e8me de conf\u00e9rence ClickShare de Barco (CX-20, CX-30 et CX-50)<\/li>\n<li aria-level=\"1\">Sortie : vid\u00e9o non compress\u00e9e sur USB 3.0 ou HDMI 1080p60 ou MJPEG sur USB 2.0<\/li>\n<li aria-level=\"1\">E\/S audio et mixeur via l&rsquo;application <a href=\"https:\/\/inogeni.com\/fr\/assistance\/logiciels\/\"><em>INOGENI Control App<\/em><\/a><\/li>\n<li aria-level=\"1\">Contr\u00f4lable par LAN et RS-232<\/li>\n<li aria-level=\"1\">Solution rentable, fiable et simple \u00e0 installer et \u00e0 connecter (aucun pilote requis)<\/li>\n<li aria-level=\"1\">Conception compacte et robuste avec son bo\u00eetier en aluminium<\/li>\n<li aria-level=\"1\">Con\u00e7u et fabriqu\u00e9 au Canada<\/li>\n<li aria-level=\"1\">Conforme \u00e0 la norme TAA<\/li>\n<li aria-level=\"1\"><a href=\"\/cam230-brochure\" target=\"_blank\" rel=\"noopener\">D\u00e9couvrez sa bochure<\/a><\/li>\n<\/ul>\n","protected":false},"excerpt":{"rendered":"<p><span style=\"font-weight: 400;\">Gr\u00e2ce \u00e0 ce s\u00e9lecteur de 4 sources vid\u00e9o, id\u00e9al pour les salles de classe, b\u00e9n\u00e9ficiez d&rsquo;une commutation instantan\u00e9e et transparente et d&rsquo;une connexion automatique \u00e0 n&rsquo;importe quelle application, sans pilote.<\/span><\/p>\n","protected":false},"featured_media":2282,"comment_status":"closed","ping_status":"closed","template":"","meta":{"_acf_changed":false,"wds_primary_product_brand":0,"wds_primary_product_cat":0},"product_brand":[],"product_cat":[437,394],"product_tag":[],"class_list":{"0":"post-4033","1":"product","2":"type-product","3":"status-publish","4":"has-post-thumbnail","6":"product_cat-selecteurs-de-cameras","7":"product_cat-mixeurs-selecteurs-de-cameras","9":"first","10":"instock","11":"shipping-taxable","12":"product-type-simple"},"acf":[],"_links":{"self":[{"href":"https:\/\/inogeni.com\/fr\/wp-json\/wp\/v2\/product\/4033","targetHints":{"allow":["GET"]}}],"collection":[{"href":"https:\/\/inogeni.com\/fr\/wp-json\/wp\/v2\/product"}],"about":[{"href":"https:\/\/inogeni.com\/fr\/wp-json\/wp\/v2\/types\/product"}],"replies":[{"embeddable":true,"href":"https:\/\/inogeni.com\/fr\/wp-json\/wp\/v2\/comments?post=4033"}],"wp:featuredmedia":[{"embeddable":true,"href":"https:\/\/inogeni.com\/fr\/wp-json\/wp\/v2\/media\/2282"}],"wp:attachment":[{"href":"https:\/\/inogeni.com\/fr\/wp-json\/wp\/v2\/media?parent=4033"}],"wp:term":[{"taxonomy":"product_brand","embeddable":true,"href":"https:\/\/inogeni.com\/fr\/wp-json\/wp\/v2\/product_brand?post=4033"},{"taxonomy":"product_cat","embeddable":true,"href":"https:\/\/inogeni.com\/fr\/wp-json\/wp\/v2\/product_cat?post=4033"},{"taxonomy":"product_tag","embeddable":true,"href":"https:\/\/inogeni.com\/fr\/wp-json\/wp\/v2\/product_tag?post=4033"}],"curies":[{"name":"wp","href":"https:\/\/api.w.org\/{rel}","templated":true}]}}