{"id":4044,"date":"2022-09-02T15:26:21","date_gmt":"2022-09-02T19:26:21","guid":{"rendered":"https:\/\/inogeni.com\/product\/toggle\/"},"modified":"2025-06-26T09:53:46","modified_gmt":"2025-06-26T13:53:46","slug":"toggle","status":"publish","type":"product","link":"https:\/\/inogeni.com\/fr\/produit\/toggle\/","title":{"rendered":"TOGGLE"},"content":{"rendered":"<h2>Le TOGGLE USB 3.0 pro AV switcher d&rsquo;INOGENI permet \u00e0 n&rsquo;importe qui dans une salle de conf\u00e9rence d&rsquo;acc\u00e9der \u00e0 des p\u00e9riph\u00e9riques USB de haute qualit\u00e9 (cam\u00e9ras, microphones,) en quelques secondes.<\/h2>\n<ul>\n<li>Permet facilement le BYOM \/ BYOD en am\u00e9liorant la polyvalence de la salle.<\/li>\n<li>Commutation de 3 p\u00e9riph\u00e9riques USB avec 2 PC h\u00f4tes (ex.\u00a0 PC de salle et ordinateur portable).<\/li>\n<li>Gagnant du prix AV Award 2021 dans la cat\u00e9gorie \u00ab\u00a0Technologie de traitement et de distribution de l&rsquo;ann\u00e9e\u00a0\u00bb.\n<ul>\n<li><a href=\"https:\/\/inogeni.com\/fr\/toggle-laureat-des-av-awards-2021\/\">Lire le blogue<\/a><\/li>\n<\/ul>\n<\/li>\n<li>Permet le BYOM\/BYOD avec les syst\u00e8mes de vid\u00e9oconf\u00e9rence ThinkSmart de Lenovo\n<ul>\n<li>Ensemble ThinkSmart\u00a0Core et contr\u00f4leur de Lenovo (MTR et Zoom)<\/li>\n<li>Ensemble ThinkSmart\u00a0Core Full\u00a0Room de Lenovo (MTR et Zoom)<\/li>\n<li>Voir tous les d\u00e9tails de l\u2019application Lenovo\/TOGGLE d\u2019INOGENI<\/li>\n<\/ul>\n<\/li>\n<li><strong>Parfaitement compatible avec les cam\u00e9ras UC Logitech et les CODEC UC<\/strong>\n<ul>\n<li><a href=\"https:\/\/inogeni.com\/fr\/enhanced-unified-communication-and-collaboration-with-logitech-and-inogeni\/\"><strong>D\u00e9couvrez la matrice de compatibilit\u00e9 compl\u00e8te<\/strong><\/a> entre les produits INOGENI et Logitech.\n<ul>\n<li><strong>Cam\u00e9ras compatibles test\u00e9es par Logitech :<\/strong> s\u00e9ries Rally et Rally Bar, MeetUp, Scribe et cam\u00e9ras grand public<\/li>\n<li><strong>CODECs Logitech UC :<\/strong> Rally Bar et Rally Bar series (Appliance Mode), Roommate, pour MTR et Zoom Rooms<\/li>\n<\/ul>\n<\/li>\n<\/ul>\n<\/li>\n<li>Compatible avec le syst\u00e8me de conf\u00e9rence ClickShare de Barco (CX-20, CX-30 et CX-50)\n<ul>\n<li><a href=\"https:\/\/inogeni.com\/fr\/obtenir-lequite-lors-des-reunions-avec-clickshare-toggle\/\">Lire le blogue d&rsquo;INOGENI pour les conseils d&rsquo;int\u00e9gration<\/a><\/li>\n<li><a href=\"https:\/\/inogeni.com\/fr\/produit\/toggle\/?tpl=application#scroll_to\">Voir les applications du TOGGLE d&rsquo;INOGENI avec ClickShare<\/a><\/li>\n<li><a href=\"https:\/\/www.barco.com\/en\/support\/knowledge-base\/8091-clickshare-conference-and-inogeni-toggle\" target=\"_blank\" rel=\"noopener\">Voir l&rsquo;application du ClickShare de Barco avec le TOGGLE d&rsquo;INOGENI sur la page Web de Barco<\/a><\/li>\n<\/ul>\n<\/li>\n<li aria-level=\"1\">Commutation automatique vers l&rsquo;ordinateur portable de jonction.<\/li>\n<li>Solution rentable, fiable et simple \u00e0 installer et \u00e0 connecter (aucun pilote requis)<\/li>\n<li aria-level=\"1\">Contr\u00f4lable par RS-232 et GPI<\/li>\n<li aria-level=\"1\">Conception compacte et robuste avec son bo\u00eetier en aluminium<\/li>\n<li aria-level=\"1\">Con\u00e7u et fabriqu\u00e9 au Canada<\/li>\n<li aria-level=\"1\">Conforme \u00e0 la norme TAA<\/li>\n<li aria-level=\"1\"><a href=\"\/toggle-brochure\" target=\"_blank\" rel=\"noopener\">D\u00e9couvrez sa brochure<\/a><\/li>\n<\/ul>\n","protected":false},"excerpt":{"rendered":"<p>Permettant facilement le BYOM\/BYOD, le Commutateur TOGGLE USB se connecte \u00e0 trois p\u00e9riph\u00e9riques USB 3.0 et peut les commuter automatiquement entre deux PCs.<\/p>\n","protected":false},"featured_media":2384,"comment_status":"closed","ping_status":"closed","template":"","meta":{"_acf_changed":false,"wds_primary_product_brand":0,"wds_primary_product_cat":0},"product_brand":[],"product_cat":[439],"product_tag":[],"class_list":{"0":"post-4044","1":"product","2":"type-product","3":"status-publish","4":"has-post-thumbnail","6":"product_cat-commutateur-byod-byom-2","8":"first","9":"instock","10":"shipping-taxable","11":"product-type-simple"},"acf":[],"_links":{"self":[{"href":"https:\/\/inogeni.com\/fr\/wp-json\/wp\/v2\/product\/4044","targetHints":{"allow":["GET"]}}],"collection":[{"href":"https:\/\/inogeni.com\/fr\/wp-json\/wp\/v2\/product"}],"about":[{"href":"https:\/\/inogeni.com\/fr\/wp-json\/wp\/v2\/types\/product"}],"replies":[{"embeddable":true,"href":"https:\/\/inogeni.com\/fr\/wp-json\/wp\/v2\/comments?post=4044"}],"wp:featuredmedia":[{"embeddable":true,"href":"https:\/\/inogeni.com\/fr\/wp-json\/wp\/v2\/media\/2384"}],"wp:attachment":[{"href":"https:\/\/inogeni.com\/fr\/wp-json\/wp\/v2\/media?parent=4044"}],"wp:term":[{"taxonomy":"product_brand","embeddable":true,"href":"https:\/\/inogeni.com\/fr\/wp-json\/wp\/v2\/product_brand?post=4044"},{"taxonomy":"product_cat","embeddable":true,"href":"https:\/\/inogeni.com\/fr\/wp-json\/wp\/v2\/product_cat?post=4044"},{"taxonomy":"product_tag","embeddable":true,"href":"https:\/\/inogeni.com\/fr\/wp-json\/wp\/v2\/product_tag?post=4044"}],"curies":[{"name":"wp","href":"https:\/\/api.w.org\/{rel}","templated":true}]}}