{"id":4046,"date":"2022-09-06T13:25:36","date_gmt":"2022-09-06T17:25:36","guid":{"rendered":"https:\/\/inogeni.com\/product\/ucam\/"},"modified":"2025-09-04T14:22:12","modified_gmt":"2025-09-04T18:22:12","slug":"ucam","status":"publish","type":"product","link":"https:\/\/inogeni.com\/fr\/produit\/ucam\/","title":{"rendered":"U-CAM"},"content":{"rendered":"<p><strong>Un produit pour deux\u00a0applications USB<\/strong><\/p>\n<ul>\n<li>U-CAM Convertisseur USB de cam\u00e9ra et d\u2019audio en HDMI avec sortie\u00a0USB<\/li>\n<li>U-CAM Application sp\u00e9ciale \u2013 R\u00e9solution des limitations associ\u00e9es aux niveaux USB\n<ul>\n<li><a href=\"https:\/\/inogeni.com\/fr\/produit\/ucam\/?tpl=usb_tier_application#scroll_to\" rel=\"\">Voir l\u2019application<\/a><\/li>\n<\/ul>\n<\/li>\n<\/ul>\n<h2>L&rsquo;U-CAM d&rsquo;INOGENI est une premi\u00e8re dans l&rsquo;industrie ! Ce convertisseur de cam\u00e9ra convertit les cam\u00e9ras USB et l&rsquo;audio pour les CODECs, matrices et \u00e9crans.<\/h2>\n<p>Il est enti\u00e8rement compatible avec toutes les cam\u00e9ras CODEC ou roomPC, y compris les \u00e9quipements de qualit\u00e9 professionnelle et les cam\u00e9ras AI, comme les cam\u00e9ras Huddly, HuddleCAMHD, Aver, Jabra, Logitech, Marshall, Barco, ainsi que toutes les cam\u00e9ras Web (USB 3.0 ou 2.0) avec une transmission SuperSpeed jusqu&rsquo;\u00e0 60 fps de full HD \u00e0 4k. L&rsquo;U-CAM est \u00e9galement compatible avec Windows, OS X et Linux.<\/p>\n<p>L&rsquo;U-CAM est le premier dispositif audiovisuel professionnel qui permet de connecter des cam\u00e9ras USB avec ou sans IA avanc\u00e9e aux entr\u00e9es HDMI du CODEC, optimisant ainsi les actifs install\u00e9s. Il permet \u00e9galement d&rsquo;am\u00e9liorer l&rsquo;exp\u00e9rience et l&rsquo;\u00e9quit\u00e9 des r\u00e9unions, car tout le monde a acc\u00e8s \u00e0 des images et \u00e0 un son de haute qualit\u00e9.<\/p>\n<p>De plus, de nouvelles applications intelligentes, telles que Huddly Canvas pour les tableaux blancs, ainsi que d&rsquo;autres technologies d&rsquo;IA, notamment le suivi des visages, la reconnaissance des mouvements du corps, le zoom automatique et l&rsquo;\u00e9quilibrage automatique des couleurs et de l&rsquo;exposition, doivent tirer parti de l&rsquo;\u00e9norme potentiel qu&rsquo;offrent les cam\u00e9ras USB et AI.<\/p>\n<ul>\n<li>Capturez de la vid\u00e9o et de l&rsquo;audio \u00e0 partir de cam\u00e9ras USB 3.0 et 2.0<\/li>\n<li>Connectez le Huddly Canvas (SB) \u00e0 la Cisco Webex Room Series (entr\u00e9e HDMI)<\/li>\n<li>Id\u00e9al pour connecter une cam\u00e9ra USB Ai \u00e0 des CODECs ou matrices HDMI.<\/li>\n<li>Convertisseur vid\u00e9o prim\u00e9 &#8211; Best of Show &#8211; InfoComm 2022\n<ul>\n<li><a href=\"https:\/\/inogeni.com\/fr\/inogenis-u-cam-wins-infocomm-2022s-best-of-show-award\/\">Lire le blogue<\/a><\/li>\n<\/ul>\n<\/li>\n<li><strong>Parfaitement compatible avec les cam\u00e9ras UC Logitech et les CODEC UC<\/strong>\n<ul>\n<li><a href=\"https:\/\/inogeni.com\/fr\/enhanced-unified-communication-and-collaboration-with-logitech-and-inogeni\/\"><strong>D\u00e9couvrez la matrice de compatibilit\u00e9 compl\u00e8te<\/strong><\/a> entre les produits INOGENI et Logitech.\n<ul>\n<li><strong>Cam\u00e9ras compatibles test\u00e9es par Logitech :<\/strong> s\u00e9ries Rally et Rally Bar, MeetUp, Scribe et cam\u00e9ras grand public<\/li>\n<li><strong>CODECs Logitech UC :<\/strong> Rally Bar et Rally Bar series (Appliance Mode), Roommate, pour MTR et Zoom Rooms<\/li>\n<\/ul>\n<\/li>\n<\/ul>\n<\/li>\n<li aria-level=\"1\">Contr\u00f4le IP et RS-232<\/li>\n<li aria-level=\"1\">Mise \u00e0 niveau sur le terrain<\/li>\n<li aria-level=\"1\">Compatible avec Windows, macOS et Linux<\/li>\n<li aria-level=\"1\">Technologie de conversion de cam\u00e9ra compacte et robuste<\/li>\n<li aria-level=\"1\">Con\u00e7u et fabriqu\u00e9 au Canada<\/li>\n<li aria-level=\"1\">Conforme \u00e0 la norme TAA<\/li>\n<\/ul>\n<p>&nbsp;<\/p>\n<p><strong>R\u00e9solvez les limitations associ\u00e9es aux niveaux USB avec le U-CAM! <\/strong><\/p>\n<ul>\n<li><a href=\"https:\/\/inogeni.com\/fr\/produit\/ucam\/?tpl=usb_tier_application#scroll_to\" rel=\"\">Voir l\u2019onglet APPLICATION NIVEAUX USB<\/a><\/li>\n<\/ul>\n","protected":false},"excerpt":{"rendered":"<p>Convertissez votre cam\u00e9ra et votre audio USB 3.0\/2.0 en HDMI pour votre Codec, matrice ou \u00e9cran avec audio embarqu\u00e9.<\/p>\n","protected":false},"featured_media":2410,"comment_status":"closed","ping_status":"closed","template":"","meta":{"_acf_changed":false,"wds_primary_product_brand":0,"wds_primary_product_cat":0},"product_brand":[],"product_cat":[392,391,441],"product_tag":[],"class_list":{"0":"post-4046","1":"product","2":"type-product","3":"status-publish","4":"has-post-thumbnail","6":"product_cat-cartes-de-capture-convertisseurs-usb-3-0-2-0","7":"product_cat-cartes-de-capture-et-convertisseurs-usb-3-0-2-0","8":"product_cat-convertisseur-de-camera-usb-vers-hdmi","10":"first","11":"instock","12":"shipping-taxable","13":"product-type-simple"},"acf":[],"_links":{"self":[{"href":"https:\/\/inogeni.com\/fr\/wp-json\/wp\/v2\/product\/4046","targetHints":{"allow":["GET"]}}],"collection":[{"href":"https:\/\/inogeni.com\/fr\/wp-json\/wp\/v2\/product"}],"about":[{"href":"https:\/\/inogeni.com\/fr\/wp-json\/wp\/v2\/types\/product"}],"replies":[{"embeddable":true,"href":"https:\/\/inogeni.com\/fr\/wp-json\/wp\/v2\/comments?post=4046"}],"wp:featuredmedia":[{"embeddable":true,"href":"https:\/\/inogeni.com\/fr\/wp-json\/wp\/v2\/media\/2410"}],"wp:attachment":[{"href":"https:\/\/inogeni.com\/fr\/wp-json\/wp\/v2\/media?parent=4046"}],"wp:term":[{"taxonomy":"product_brand","embeddable":true,"href":"https:\/\/inogeni.com\/fr\/wp-json\/wp\/v2\/product_brand?post=4046"},{"taxonomy":"product_cat","embeddable":true,"href":"https:\/\/inogeni.com\/fr\/wp-json\/wp\/v2\/product_cat?post=4046"},{"taxonomy":"product_tag","embeddable":true,"href":"https:\/\/inogeni.com\/fr\/wp-json\/wp\/v2\/product_tag?post=4046"}],"curies":[{"name":"wp","href":"https:\/\/api.w.org\/{rel}","templated":true}]}}