{"id":4050,"date":"2022-09-07T09:15:27","date_gmt":"2022-09-07T13:15:27","guid":{"rendered":"https:\/\/inogeni.com\/product\/4kxplus\/"},"modified":"2025-09-04T14:18:54","modified_gmt":"2025-09-04T18:18:54","slug":"4kxplus","status":"publish","type":"product","link":"https:\/\/inogeni.com\/fr\/produit\/4kxplus\/","title":{"rendered":"4KX-PLUS"},"content":{"rendered":"<h2>Le convertisseur de cam\u00e9ra professionnel 4KX-PLUS d&rsquo;INOGENI Ultra HD vers USB 3.0 avec boucle HDMI et alimentation externe est le plus rentable et le plus performant pour vos applications BYOM. Il permet de connecter vos cam\u00e9ras HDMI, vos sources vid\u00e9o et vos CODECS \u00e0 votre ordinateur portable.<\/h2>\n<ul>\n<li>Parfaitement compatible avec les applications BYOM Cisco Webex<\/li>\n<li>Int\u00e9gration directe avec les \u00e9quipements de salle Cisco (cam\u00e9ra, audio et \u00e9cran)<\/li>\n<li>R\u00e9sout les probl\u00e8mes d&rsquo;interop\u00e9rabilit\u00e9<\/li>\n<li>Optimise vos actifs et \u00e9vite les frais de licence suppl\u00e9mentaires pour le service Cloud Video Interop (CVI) et la gestion des utilisateurs<\/li>\n<li><strong>Parfaitement compatible avec les cam\u00e9ras UC Logitech et les CODEC UC<\/strong>\n<ul>\n<li><a href=\"https:\/\/inogeni.com\/fr\/enhanced-unified-communication-and-collaboration-with-logitech-and-inogeni\/\"><strong>D\u00e9couvrez la matrice de compatibilit\u00e9 compl\u00e8t<\/strong>e<\/a> entre les produits INOGENI et Logitech.\n<ul>\n<li><strong>Cam\u00e9ras compatibles test\u00e9es par Logitech :<\/strong> s\u00e9ries Rally et Rally Bar, MeetUp, Scribe et cam\u00e9ras grand public<\/li>\n<li><strong>CODECs Logitech UC : <\/strong>Rally Bar et Rally Bar series (Appliance Mode), Roommate, pour MTR et Zoom Rooms<\/li>\n<\/ul>\n<\/li>\n<\/ul>\n<\/li>\n<li>Compatible avec le syst\u00e8me de conf\u00e9rence ClickShare de Barco (CX-20, CX-30 et CX-50)<\/li>\n<li>Compatible avec Zoom Rooms\n<ul>\n<li>Certifi\u00e9 par Zoom (<a href=\"https:\/\/inogeni.com\/fr\/3-inogeni-capture-cards-are-now-zoom-certified\/\" rel=\"\">lire le blog<\/a>)<\/li>\n<li>Cam\u00e9ra HDMI<\/li>\n<\/ul>\n<\/li>\n<li>Technologie compacte et robuste de convertisseur de cam\u00e9ra<\/li>\n<li>Con\u00e7u et fabriqu\u00e9 au Canada<\/li>\n<li>Conforme \u00e0 la TAA<\/li>\n<\/ul>\n<p>&nbsp;<\/p>\n<p><strong>Contr\u00f4lez la salle de r\u00e9union !\u00a0 <\/strong>Commuter 3 appareils USB et un moniteur\u00a0 HDMI pour 2 PC ou Codec<\/p>\n<p style=\"padding-left: 40px;\"><strong>D\u00e9couvrez le <a href=\"https:\/\/inogeni.com\/fr\/produit\/toggle-rooms\/\">TOGGLE ROOMS<\/a> prim\u00e9s<\/strong><\/p>\n<ul>\n<li style=\"list-style-type: none;\">\n<ul>\n<li>Commutation BYOD\/BYOM automatique ou manuelle<\/li>\n<li>3x appareils USB 3.0 et HDMI vers 2 commutateurs PC (ordinateurs portables et PC de salle)<\/li>\n<li>4Kp60 et \u00e9cran large<\/li>\n<li>Peut \u00eatre utilis\u00e9 pour une grande vari\u00e9t\u00e9 d&rsquo;applications<\/li>\n<\/ul>\n<\/li>\n<\/ul>\n","protected":false},"excerpt":{"rendered":"<p>D\u00e9bloquez le BYOM dans un environnement Cisco Webex. Tirez parti des performances et de la simplicit\u00e9 de notre convertisseur 4KX-PLUS pour connecter votre ordinateur portable aux appareils Webex et commencez \u00e0 utiliser Zoom et Teams. Notre convertisseur 4KX-PLUS, facile \u00e0 utiliser et fiable, de 4K HDMI \u00e0 USB 3.0 est id\u00e9al pour connecter votre cam\u00e9ra HDMI directement \u00e0 votre ordinateur portable ou Codec. Compatible avec toutes les applications sans pilote.<\/p>\n","protected":false},"featured_media":2462,"comment_status":"closed","ping_status":"closed","template":"","meta":{"_acf_changed":false,"wds_primary_product_brand":0,"wds_primary_product_cat":0},"product_brand":[],"product_cat":[392,391,440,439],"product_tag":[],"class_list":{"0":"post-4050","1":"product","2":"type-product","3":"status-publish","4":"has-post-thumbnail","6":"product_cat-cartes-de-capture-convertisseurs-usb-3-0-2-0","7":"product_cat-cartes-de-capture-et-convertisseurs-usb-3-0-2-0","8":"product_cat-cisco-webex-byod-fr","9":"product_cat-commutateur-byod-byom-2","11":"first","12":"instock","13":"shipping-taxable","14":"product-type-simple"},"acf":[],"_links":{"self":[{"href":"https:\/\/inogeni.com\/fr\/wp-json\/wp\/v2\/product\/4050","targetHints":{"allow":["GET"]}}],"collection":[{"href":"https:\/\/inogeni.com\/fr\/wp-json\/wp\/v2\/product"}],"about":[{"href":"https:\/\/inogeni.com\/fr\/wp-json\/wp\/v2\/types\/product"}],"replies":[{"embeddable":true,"href":"https:\/\/inogeni.com\/fr\/wp-json\/wp\/v2\/comments?post=4050"}],"wp:featuredmedia":[{"embeddable":true,"href":"https:\/\/inogeni.com\/fr\/wp-json\/wp\/v2\/media\/2462"}],"wp:attachment":[{"href":"https:\/\/inogeni.com\/fr\/wp-json\/wp\/v2\/media?parent=4050"}],"wp:term":[{"taxonomy":"product_brand","embeddable":true,"href":"https:\/\/inogeni.com\/fr\/wp-json\/wp\/v2\/product_brand?post=4050"},{"taxonomy":"product_cat","embeddable":true,"href":"https:\/\/inogeni.com\/fr\/wp-json\/wp\/v2\/product_cat?post=4050"},{"taxonomy":"product_tag","embeddable":true,"href":"https:\/\/inogeni.com\/fr\/wp-json\/wp\/v2\/product_tag?post=4050"}],"curies":[{"name":"wp","href":"https:\/\/api.w.org\/{rel}","templated":true}]}}