{"id":4053,"date":"2022-09-08T15:05:29","date_gmt":"2022-09-08T19:05:29","guid":{"rendered":"https:\/\/inogeni.com\/product\/4kxusb3\/"},"modified":"2025-09-24T12:24:48","modified_gmt":"2025-09-24T16:24:48","slug":"4kxusb3","status":"publish","type":"product","link":"https:\/\/inogeni.com\/fr\/produit\/4kxusb3\/","title":{"rendered":"4KXUSB3"},"content":{"rendered":"<h2>Le 4KXUSB3 d&rsquo;INOGENI est un convertisseur de cam\u00e9ra Ultra HD vers USB 3.0 abordable et facile \u00e0 utiliser, avec une boucle HDMI et un port VISCA. Il peut m\u00eame prendre en charge plusieurs appareils sur le m\u00eame ordinateur portable.<\/h2>\n<ul>\n<li>Convertisseur de cam\u00e9ra simple et polyvalent pour d&rsquo;innombrables applications<\/li>\n<li>Solution de conversion de cam\u00e9ra professionnelle rentable, fiable et simple \u00e0 installer et \u00e0 connecter<\/li>\n<li><strong>Parfaitement compatible avec les cam\u00e9ras UC Logitech et les CODEC UC<\/strong>\n<ul>\n<li><a href=\"https:\/\/inogeni.com\/fr\/enhanced-unified-communication-and-collaboration-with-logitech-and-inogeni\/\"><strong>D\u00e9couvrez la matrice de compatibilit\u00e9 compl\u00e8te<\/strong><\/a> entre les produits INOGENI et Logitech.\n<ul>\n<li><strong>Cam\u00e9ras compatibles test\u00e9es par Logitech : <\/strong>s\u00e9ries Rally et Rally Bar, MeetUp, Scribe et cam\u00e9ras grand public<\/li>\n<li><strong>CODECs Logitech UC : <\/strong>Rally Bar et Rally Bar series (Appliance Mode), Roommate, pour MTR et Zoom Rooms<\/li>\n<\/ul>\n<\/li>\n<\/ul>\n<\/li>\n<li>Compatible avec Barco ClickShare Conference (CX-20, CX-30 &amp; CX-50)<\/li>\n<li>Compatible avec Zoom Rooms\n<ul>\n<li>Certifi\u00e9 par Zoom (<a href=\"https:\/\/inogeni.com\/fr\/3-inogeni-capture-cards-are-now-zoom-certified\/\" rel=\"\">lire le blog<\/a>)<\/li>\n<li>Cam\u00e9ra HDMI<\/li>\n<li>AutoTracker\u2122et AutoFramer\u2122 de Crestron sont d\u00e9sormais certifi\u00e9s pour le logiciel Zoom Rooms\u00ae avec le convertisseur 4KXUSB3 d&rsquo;INOGENI pour le contr\u00f4le de la cam\u00e9ra. <a href=\"https:\/\/inogeni.com\/fr\/crestron-cameras-certified-for-zoom-rooms-software-with-the-inogenis-4kxusb3\/\" rel=\"\">Lire le blog.<\/a><\/li>\n<\/ul>\n<\/li>\n<li>Technologie compacte et robuste<\/li>\n<li>Con\u00e7u et fabriqu\u00e9 au Canada<\/li>\n<li>Conforme \u00e0 la norme TAA<\/li>\n<\/ul>\n","protected":false},"excerpt":{"rendered":"<p>Fiable et pratique, le convertisseur 4KXUSB3 vous permet de capturer en toute s\u00e9r\u00e9nit\u00e9 des vid\u00e9os non compress\u00e9es avec audio \u00e0 partir de votre source HDMI.<\/p>\n","protected":false},"featured_media":2721,"comment_status":"open","ping_status":"closed","template":"","meta":{"_acf_changed":false,"wds_primary_product_brand":0,"wds_primary_product_cat":0},"product_brand":[],"product_cat":[392,391],"product_tag":[],"class_list":{"0":"post-4053","1":"product","2":"type-product","3":"status-publish","4":"has-post-thumbnail","6":"product_cat-cartes-de-capture-convertisseurs-usb-3-0-2-0","7":"product_cat-cartes-de-capture-et-convertisseurs-usb-3-0-2-0","9":"first","10":"instock","11":"shipping-taxable","12":"product-type-simple"},"acf":[],"_links":{"self":[{"href":"https:\/\/inogeni.com\/fr\/wp-json\/wp\/v2\/product\/4053","targetHints":{"allow":["GET"]}}],"collection":[{"href":"https:\/\/inogeni.com\/fr\/wp-json\/wp\/v2\/product"}],"about":[{"href":"https:\/\/inogeni.com\/fr\/wp-json\/wp\/v2\/types\/product"}],"replies":[{"embeddable":true,"href":"https:\/\/inogeni.com\/fr\/wp-json\/wp\/v2\/comments?post=4053"}],"wp:featuredmedia":[{"embeddable":true,"href":"https:\/\/inogeni.com\/fr\/wp-json\/wp\/v2\/media\/2721"}],"wp:attachment":[{"href":"https:\/\/inogeni.com\/fr\/wp-json\/wp\/v2\/media?parent=4053"}],"wp:term":[{"taxonomy":"product_brand","embeddable":true,"href":"https:\/\/inogeni.com\/fr\/wp-json\/wp\/v2\/product_brand?post=4053"},{"taxonomy":"product_cat","embeddable":true,"href":"https:\/\/inogeni.com\/fr\/wp-json\/wp\/v2\/product_cat?post=4053"},{"taxonomy":"product_tag","embeddable":true,"href":"https:\/\/inogeni.com\/fr\/wp-json\/wp\/v2\/product_tag?post=4053"}],"curies":[{"name":"wp","href":"https:\/\/api.w.org\/{rel}","templated":true}]}}