{"id":4056,"date":"2022-09-07T16:41:22","date_gmt":"2022-09-07T20:41:22","guid":{"rendered":"https:\/\/inogeni.com\/product\/4k2usb3\/"},"modified":"2025-09-24T12:22:14","modified_gmt":"2025-09-24T16:22:14","slug":"4k2usb3","status":"publish","type":"product","link":"https:\/\/inogeni.com\/fr\/produit\/4k2usb3\/","title":{"rendered":"4K2USB3"},"content":{"rendered":"<h2>La carte de capture (convertisseur de cam\u00e9ra) 4K2USB3 HDMI 4K vers USB 3.0 d&rsquo;INOGENI est de taille compacte et est aliment\u00e9e directement par un port USB 3.0, ce qui en fait une solution de capture USB 3.0 pratique et facile \u00e0 utiliser.<\/h2>\n<ul>\n<li aria-level=\"1\">Signal tr\u00e8s stable<\/li>\n<li aria-level=\"1\">Traitement vid\u00e9o avanc\u00e9 pour :\n<ul>\n<li aria-level=\"2\">USB 3.0 jusqu&rsquo;\u00e0 4K<\/li>\n<li aria-level=\"2\">USB 2.0 1080p MJPEG<\/li>\n<\/ul>\n<\/li>\n<li aria-level=\"1\">Prise en charge audio HDMI<\/li>\n<li><strong>Parfaitement compatible avec les cam\u00e9ras UC Logitech et les CODEC UC<\/strong>\n<ul>\n<li><a href=\"https:\/\/inogeni.com\/fr\/enhanced-unified-communication-and-collaboration-with-logitech-and-inogeni\/\"><strong>D\u00e9couvrez la matrice de compatibilit\u00e9 compl\u00e8te<\/strong><\/a> entre les produits INOGENI et Logitech.\n<ul>\n<li><strong>Cam\u00e9ras compatibles test\u00e9es par Logitech : <\/strong>s\u00e9ries Rally et Rally Bar, MeetUp, Scribe et cam\u00e9ras grand public<\/li>\n<li><strong>CODECs Logitech UC : <\/strong>Rally Bar et Rally Bar series (Appliance Mode), Roommate, pour MTR et Zoom Rooms<\/li>\n<\/ul>\n<\/li>\n<\/ul>\n<\/li>\n<li>Compatible avec Barco ClickShare Conference (CX-20, CX-30 &amp; CX-50)<\/li>\n<li>Compatible avec Zoom Rooms\n<ul>\n<li>Certifi\u00e9 par Zoom (<a href=\"https:\/\/inogeni.com\/fr\/3-inogeni-capture-cards-are-now-zoom-certified\/\" rel=\"\">lire le blog<\/a>)<\/li>\n<\/ul>\n<\/li>\n<li aria-level=\"1\">Solution de conversion de cam\u00e9ra professionnelle rentable, fiable et simple \u00e0 installer et \u00e0 connecter (aucun pilote requis)<\/li>\n<li aria-level=\"1\">Conception compacte et robuste avec son bo\u00eetier en aluminium<\/li>\n<li aria-level=\"1\">Con\u00e7u et fabriqu\u00e9 au Canada<\/li>\n<li aria-level=\"1\">Conforme \u00e0 la norme TAA<\/li>\n<\/ul>\n","protected":false},"excerpt":{"rendered":"<p>Notre convertisseur 4K2USB3 facile \u00e0 utiliser et fiable de 4K HDMI vers USB 3.0 est id\u00e9al pour connecter votre cam\u00e9ra HDMI directement \u00e0 votre ordinateur portable ou Codec. Compatible avec toutes les applications sans pilote.<\/p>\n<p>&nbsp;<\/p>\n","protected":false},"featured_media":2605,"comment_status":"closed","ping_status":"closed","template":"","meta":{"_acf_changed":false,"wds_primary_product_brand":0,"wds_primary_product_cat":0},"product_brand":[],"product_cat":[392,391],"product_tag":[],"class_list":{"0":"post-4056","1":"product","2":"type-product","3":"status-publish","4":"has-post-thumbnail","6":"product_cat-cartes-de-capture-convertisseurs-usb-3-0-2-0","7":"product_cat-cartes-de-capture-et-convertisseurs-usb-3-0-2-0","9":"first","10":"instock","11":"shipping-taxable","12":"product-type-simple"},"acf":[],"_links":{"self":[{"href":"https:\/\/inogeni.com\/fr\/wp-json\/wp\/v2\/product\/4056","targetHints":{"allow":["GET"]}}],"collection":[{"href":"https:\/\/inogeni.com\/fr\/wp-json\/wp\/v2\/product"}],"about":[{"href":"https:\/\/inogeni.com\/fr\/wp-json\/wp\/v2\/types\/product"}],"replies":[{"embeddable":true,"href":"https:\/\/inogeni.com\/fr\/wp-json\/wp\/v2\/comments?post=4056"}],"wp:featuredmedia":[{"embeddable":true,"href":"https:\/\/inogeni.com\/fr\/wp-json\/wp\/v2\/media\/2605"}],"wp:attachment":[{"href":"https:\/\/inogeni.com\/fr\/wp-json\/wp\/v2\/media?parent=4056"}],"wp:term":[{"taxonomy":"product_brand","embeddable":true,"href":"https:\/\/inogeni.com\/fr\/wp-json\/wp\/v2\/product_brand?post=4056"},{"taxonomy":"product_cat","embeddable":true,"href":"https:\/\/inogeni.com\/fr\/wp-json\/wp\/v2\/product_cat?post=4056"},{"taxonomy":"product_tag","embeddable":true,"href":"https:\/\/inogeni.com\/fr\/wp-json\/wp\/v2\/product_tag?post=4056"}],"curies":[{"name":"wp","href":"https:\/\/api.w.org\/{rel}","templated":true}]}}