{"id":4060,"date":"2022-09-09T08:33:49","date_gmt":"2022-09-09T12:33:49","guid":{"rendered":"https:\/\/inogeni.com\/product\/hd2usb3\/"},"modified":"2025-09-24T11:29:42","modified_gmt":"2025-09-24T15:29:42","slug":"hd2usb3","status":"publish","type":"product","link":"https:\/\/inogeni.com\/fr\/produit\/hd2usb3\/","title":{"rendered":"HD2USB3"},"content":{"rendered":"<ol>\n<li>Le convertisseur vid\u00e9o HDMI vers USB 3.0 HD2USB3 d&rsquo;INOGENI est l&rsquo;entr\u00e9e PC la plus fiable et la plus pratique pour capturer de la vid\u00e9o non compress\u00e9e avec audio \u00e0 partir de la sortie HDMI de votre cam\u00e9ra pour des applications d&rsquo;enregistrement, d&rsquo;\u00e9dition, de vid\u00e9oconf\u00e9rence et de streaming.<\/li>\n<\/ol>\n<h2>Le HD2USB3 est un convertisseur HDMI vers USB 3.0 \u00e9volutif en 4K 1080p60.<\/h2>\n<ul>\n<li>Convertisseur vid\u00e9o HDMI professionnel en une seule interface USB 3.0.<\/li>\n<li>Signal tr\u00e8s stable<\/li>\n<li>Prise en charge de l\u2019audio HDMI<\/li>\n<li><strong>Parfaitement compatible avec les cam\u00e9ras UC Logitech et les CODEC UC<\/strong>\n<ul>\n<li><strong><a href=\"https:\/\/inogeni.com\/fr\/enhanced-unified-communication-and-collaboration-with-logitech-and-inogeni\/\">D\u00e9couvrez la matrice de compatibilit\u00e9 compl\u00e8te<\/a><\/strong> entre les produits INOGENI et Logitech.\n<ul>\n<li><strong>Cam\u00e9ras compatibles test\u00e9es par Logitech : <\/strong>s\u00e9ries Rally et Rally Bar, MeetUp, Scribe et cam\u00e9ras grand public<\/li>\n<li><strong>CODECs Logitech UC : <\/strong>Rally Bar et Rally Bar series (Appliance Mode), Roommate, pour MTR et Zoom Rooms<\/li>\n<\/ul>\n<\/li>\n<\/ul>\n<\/li>\n<li>Compatible avec Zoom Rooms\n<ul>\n<li>Certifi\u00e9 par Zoom (<a href=\"https:\/\/inogeni.com\/fr\/3-inogeni-capture-cards-are-now-zoom-certified\/\" rel=\"\">lire le blog<\/a>)<\/li>\n<li>Cam\u00e9ra HDMI<\/li>\n<\/ul>\n<\/li>\n<li>Solution de conversion professionnelle rentable, fiable et simple \u00e0 installer et \u00e0 connecter (aucun pilote requis)<\/li>\n<li>Conception compacte et robuste avec son bo\u00eetier en aluminium<\/li>\n<li>Con\u00e7u et fabriqu\u00e9 au Canada<\/li>\n<li>Conforme \u00e0 la norme TAA<\/li>\n<li><a href=\"https:\/\/inogeni.com\/fr\/mise-a-niveau-hd2usb3\/\"><strong>Mise \u00e0 niveau vers 4K \u2013 ACHETER<\/strong><\/a><\/li>\n<\/ul>\n","protected":false},"excerpt":{"rendered":"<p>Le HD2USB3 HDMI vers USB 3.0 vous permet de capturer facilement 1080p HDMI vers USB 3.0.\u00a0 L&rsquo;appareil peut facilement \u00eatre mis \u00e0 niveau sur le terrain vers le HDMI 4K.<\/p>\n","protected":false},"featured_media":2756,"comment_status":"open","ping_status":"closed","template":"","meta":{"_acf_changed":false,"wds_primary_product_brand":0,"wds_primary_product_cat":0},"product_brand":[],"product_cat":[392,391],"product_tag":[],"class_list":{"0":"post-4060","1":"product","2":"type-product","3":"status-publish","4":"has-post-thumbnail","6":"product_cat-cartes-de-capture-convertisseurs-usb-3-0-2-0","7":"product_cat-cartes-de-capture-et-convertisseurs-usb-3-0-2-0","9":"first","10":"instock","11":"shipping-taxable","12":"product-type-simple"},"acf":[],"_links":{"self":[{"href":"https:\/\/inogeni.com\/fr\/wp-json\/wp\/v2\/product\/4060","targetHints":{"allow":["GET"]}}],"collection":[{"href":"https:\/\/inogeni.com\/fr\/wp-json\/wp\/v2\/product"}],"about":[{"href":"https:\/\/inogeni.com\/fr\/wp-json\/wp\/v2\/types\/product"}],"replies":[{"embeddable":true,"href":"https:\/\/inogeni.com\/fr\/wp-json\/wp\/v2\/comments?post=4060"}],"wp:featuredmedia":[{"embeddable":true,"href":"https:\/\/inogeni.com\/fr\/wp-json\/wp\/v2\/media\/2756"}],"wp:attachment":[{"href":"https:\/\/inogeni.com\/fr\/wp-json\/wp\/v2\/media?parent=4060"}],"wp:term":[{"taxonomy":"product_brand","embeddable":true,"href":"https:\/\/inogeni.com\/fr\/wp-json\/wp\/v2\/product_brand?post=4060"},{"taxonomy":"product_cat","embeddable":true,"href":"https:\/\/inogeni.com\/fr\/wp-json\/wp\/v2\/product_cat?post=4060"},{"taxonomy":"product_tag","embeddable":true,"href":"https:\/\/inogeni.com\/fr\/wp-json\/wp\/v2\/product_tag?post=4060"}],"curies":[{"name":"wp","href":"https:\/\/api.w.org\/{rel}","templated":true}]}}