{"id":4062,"date":"2022-09-09T11:31:14","date_gmt":"2022-09-09T15:31:14","guid":{"rendered":"https:\/\/inogeni.com\/product\/sdi2usb3\/"},"modified":"2025-09-24T11:26:10","modified_gmt":"2025-09-24T15:26:10","slug":"sdi2usb3","status":"publish","type":"product","link":"https:\/\/inogeni.com\/fr\/produit\/sdi2usb3\/","title":{"rendered":"SDI2USB3"},"content":{"rendered":"<h2>Le convertisseur vid\u00e9o SDI2USB3 d&rsquo;INOGENI permet aux cam\u00e9ras 3GSDI de se connecter \u00e0 des ordinateurs, des portables ou des CODECs &#8211; sans\u00a0 probl\u00e8mes ou configurations compliqu\u00e9es.<\/h2>\n<ul>\n<li aria-level=\"1\">Capture vid\u00e9o professionnelle 3GSDI vers USB 3.0<\/li>\n<li aria-level=\"1\">Signal tr\u00e8s stable<\/li>\n<li aria-level=\"1\">Connecteur de sortie en boucle active<\/li>\n<li><strong>Parfaitement compatible avec les cam\u00e9ras et CODEC Logitech UC<\/strong>\n<ul>\n<li><a href=\"https:\/\/inogeni.com\/fr\/enhanced-unified-communication-and-collaboration-with-logitech-and-inogeni\/\"><strong>D\u00e9couvrez la matrice de compatibilit\u00e9 compl\u00e8te<\/strong><\/a> entre les produits INOGENI et Logitech.\n<ul>\n<li><strong>Cam\u00e9ras compatibles test\u00e9es par Logitech : <\/strong>s\u00e9ries Rally et Rally Bar, MeetUp, MeetUp 2, Scribe et cam\u00e9ras grand public<\/li>\n<li><strong>CODECs Logitech UC : <\/strong>Rally Bar et Rally Bar series (Appliance Mode), Roommate, pour MTR et Zoom Rooms<\/li>\n<\/ul>\n<\/li>\n<\/ul>\n<\/li>\n<li>Compatible avec Barco ClickShare Conference (CX-20, CX-30 &amp; CX-50)<\/li>\n<li aria-level=\"1\">Compatible avec Zoom Rooms\n<ul>\n<li>Certifi\u00e9 par Zoom (<a href=\"https:\/\/inogeni.com\/fr\/3-inogeni-capture-cards-are-now-zoom-certified\/\" rel=\"\">lire le blog<\/a>)<\/li>\n<\/ul>\n<\/li>\n<li>Salles Microsoft Teams certifi\u00e9es <strong>(<a href=\"https:\/\/inogeni.com\/fr\/crestrons-automate-vx-certified-microsoft-teams-rooms-with-inogenis-sdiusb3\/\">lire le blogue<\/a>)<\/strong>:\n<ul>\n<li style=\"list-style-type: none;\">\n<ul>\n<li aria-level=\"1\">Automate\u2122 VX de Crestron est certifi\u00e9 pour les salles Microsoft Teams avec cam\u00e9ras Crestron et SDI2USB3 d&rsquo;INOGENI.<\/li>\n<\/ul>\n<\/li>\n<\/ul>\n<\/li>\n<li aria-level=\"1\">Solution \u00e9conomique de conversion de cam\u00e9ra professionnelle, fiable et simple \u00e0 installer et \u00e0 connecter (aucun pilote requis)<\/li>\n<li aria-level=\"1\">Conception compacte et robuste avec son bo\u00eetier en aluminium<\/li>\n<li aria-level=\"1\">Con\u00e7u et fabriqu\u00e9 au Canada<\/li>\n<li aria-level=\"1\">Conforme \u00e0 la norme TAA<\/li>\n<\/ul>\n","protected":false},"excerpt":{"rendered":"<p>Le convertisseur SDI2USB3 vous permet de capturer de la vid\u00e9o 3G-SDI non compress\u00e9e avec de l&rsquo;audio int\u00e9gr\u00e9 pour votre PC pour des applications d&rsquo;enregistrement, d&rsquo;\u00e9dition, de vid\u00e9oconf\u00e9rence et de streaming.<\/p>\n","protected":false},"featured_media":2787,"comment_status":"closed","ping_status":"closed","template":"","meta":{"_acf_changed":false,"wds_primary_product_brand":0,"wds_primary_product_cat":0},"product_brand":[],"product_cat":[392,391],"product_tag":[],"class_list":{"0":"post-4062","1":"product","2":"type-product","3":"status-publish","4":"has-post-thumbnail","6":"product_cat-cartes-de-capture-convertisseurs-usb-3-0-2-0","7":"product_cat-cartes-de-capture-et-convertisseurs-usb-3-0-2-0","9":"first","10":"instock","11":"shipping-taxable","12":"product-type-simple"},"acf":[],"_links":{"self":[{"href":"https:\/\/inogeni.com\/fr\/wp-json\/wp\/v2\/product\/4062","targetHints":{"allow":["GET"]}}],"collection":[{"href":"https:\/\/inogeni.com\/fr\/wp-json\/wp\/v2\/product"}],"about":[{"href":"https:\/\/inogeni.com\/fr\/wp-json\/wp\/v2\/types\/product"}],"replies":[{"embeddable":true,"href":"https:\/\/inogeni.com\/fr\/wp-json\/wp\/v2\/comments?post=4062"}],"wp:featuredmedia":[{"embeddable":true,"href":"https:\/\/inogeni.com\/fr\/wp-json\/wp\/v2\/media\/2787"}],"wp:attachment":[{"href":"https:\/\/inogeni.com\/fr\/wp-json\/wp\/v2\/media?parent=4062"}],"wp:term":[{"taxonomy":"product_brand","embeddable":true,"href":"https:\/\/inogeni.com\/fr\/wp-json\/wp\/v2\/product_brand?post=4062"},{"taxonomy":"product_cat","embeddable":true,"href":"https:\/\/inogeni.com\/fr\/wp-json\/wp\/v2\/product_cat?post=4062"},{"taxonomy":"product_tag","embeddable":true,"href":"https:\/\/inogeni.com\/fr\/wp-json\/wp\/v2\/product_tag?post=4062"}],"curies":[{"name":"wp","href":"https:\/\/api.w.org\/{rel}","templated":true}]}}