{"id":4064,"date":"2022-09-09T13:15:21","date_gmt":"2022-09-09T17:15:21","guid":{"rendered":"https:\/\/inogeni.com\/product\/dviusb\/"},"modified":"2025-03-17T12:06:54","modified_gmt":"2025-03-17T16:06:54","slug":"dviusb","status":"publish","type":"product","link":"https:\/\/inogeni.com\/fr\/produit\/dviusb\/","title":{"rendered":"DVIUSB"},"content":{"rendered":"<h2><span class=\"text-color-secondary\">Le DVIUSB est discontinu\u00e9, mais une quantit\u00e9 limit\u00e9e est encore disponible. Vous trouverez plus d&rsquo;informations sur le produit ici ou dans la section assistance.<\/span><\/h2>\n<h2>Le DVIUSB d&rsquo;INOGENI capture la carte vid\u00e9o et l&rsquo;audio \u00e0 partir de la sortie HDMI ou DVID-D de votre cam\u00e9ra, ce qui simplifie les configurations BYOD\/BYOM. Il est compacte et aliment\u00e9e directement par un port USB 3.0, cette carte constitue une solution de capture USB 3.0 pratique et facile \u00e0 utiliser.<\/h2>\n<ul>\n<li aria-level=\"1\">Carte de capture DVI \/ HDMI jusqu&rsquo;\u00e0 1080p f60<\/li>\n<li aria-level=\"1\">Convertisseur mat\u00e9riel HDMI professionnel en une seule interface USB 3.0<\/li>\n<li aria-level=\"1\">Solution de conversion de cam\u00e9ra professionnelle rentable, fiable et simple \u00e0 installer et \u00e0 connecter (aucun pilote requis)<\/li>\n<li aria-level=\"1\">Conception compacte et robuste avec son bo\u00eetier en aluminium<\/li>\n<li aria-level=\"1\">Con\u00e7u et fabriqu\u00e9 au Canada<\/li>\n<li aria-level=\"1\">Conforme \u00e0 la norme TAA<\/li>\n<li aria-level=\"1\">Adaptateur DVI vers HDMI inclus<\/li>\n<\/ul>\n","protected":false},"excerpt":{"rendered":"<p><span class=\"text-color-secondary\">Le DVIUSB est discontinu\u00e9, mais une quantit\u00e9 limit\u00e9e est encore disponible. Vous trouverez plus d&rsquo;informations dans la section produits &#8211; DVIUSB ou dans la section assistance.<\/span><\/p>\n<p>Le convertisseur DVIUSB capture sans effort la vid\u00e9o non compress\u00e9e avec l&rsquo;audio de la sortie HDMI ou DVI-D de votre cam\u00e9ra pour l&rsquo;enregistrement, l&rsquo;\u00e9dition, la vid\u00e9oconf\u00e9rence et le streaming.<\/p>\n","protected":false},"featured_media":2809,"comment_status":"closed","ping_status":"closed","template":"","meta":{"_acf_changed":false,"wds_primary_product_brand":0,"wds_primary_product_cat":0},"product_brand":[],"product_cat":[392,391],"product_tag":[],"class_list":{"0":"post-4064","1":"product","2":"type-product","3":"status-publish","4":"has-post-thumbnail","6":"product_cat-cartes-de-capture-convertisseurs-usb-3-0-2-0","7":"product_cat-cartes-de-capture-et-convertisseurs-usb-3-0-2-0","9":"first","10":"instock","11":"shipping-taxable","12":"product-type-simple"},"acf":[],"_links":{"self":[{"href":"https:\/\/inogeni.com\/fr\/wp-json\/wp\/v2\/product\/4064","targetHints":{"allow":["GET"]}}],"collection":[{"href":"https:\/\/inogeni.com\/fr\/wp-json\/wp\/v2\/product"}],"about":[{"href":"https:\/\/inogeni.com\/fr\/wp-json\/wp\/v2\/types\/product"}],"replies":[{"embeddable":true,"href":"https:\/\/inogeni.com\/fr\/wp-json\/wp\/v2\/comments?post=4064"}],"wp:featuredmedia":[{"embeddable":true,"href":"https:\/\/inogeni.com\/fr\/wp-json\/wp\/v2\/media\/2809"}],"wp:attachment":[{"href":"https:\/\/inogeni.com\/fr\/wp-json\/wp\/v2\/media?parent=4064"}],"wp:term":[{"taxonomy":"product_brand","embeddable":true,"href":"https:\/\/inogeni.com\/fr\/wp-json\/wp\/v2\/product_brand?post=4064"},{"taxonomy":"product_cat","embeddable":true,"href":"https:\/\/inogeni.com\/fr\/wp-json\/wp\/v2\/product_cat?post=4064"},{"taxonomy":"product_tag","embeddable":true,"href":"https:\/\/inogeni.com\/fr\/wp-json\/wp\/v2\/product_tag?post=4064"}],"curies":[{"name":"wp","href":"https:\/\/api.w.org\/{rel}","templated":true}]}}