{"id":4066,"date":"2022-09-09T13:52:40","date_gmt":"2022-09-09T17:52:40","guid":{"rendered":"https:\/\/inogeni.com\/product\/vga2usb3\/"},"modified":"2025-03-17T12:06:54","modified_gmt":"2025-03-17T16:06:54","slug":"vga2usb3","status":"publish","type":"product","link":"https:\/\/inogeni.com\/fr\/produit\/vga2usb3\/","title":{"rendered":"VGA2USB3"},"content":{"rendered":"<h2><span class=\"text-color-secondary\">Le VGA2USB3 est discontinu\u00e9. Vous trouverez plus d&rsquo;informations sur le produit ici ou dans la section assistance.<\/span><\/h2>\n<h2>Le convertisseur vid\u00e9o VGA2USB3 d&rsquo;INOGENI capture facilement la vid\u00e9o non compress\u00e9e avec l&rsquo;audio de votre sortie VGA, Component (analogique) ou CVBS dans votre PC pour l&rsquo;enregistrement, l&rsquo;\u00e9dition, la vid\u00e9oconf\u00e9rence et le streaming. Le convertisseur INOGENI VGA2USB3 accepte les formats vid\u00e9o SD et HDTV jusqu&rsquo;\u00e0 1200p60 et la plupart des formats graphiques informatiques.<\/h2>\n<ul>\n<li aria-level=\"1\">Capture vid\u00e9o VGA dans une seule interface USB 3.0<\/li>\n<li aria-level=\"1\">Facile et polyvalent pour d&rsquo;innombrables applications<\/li>\n<li aria-level=\"1\">Solution de conversion de cam\u00e9ra professionnelle rentable, fiable et simple \u00e0 installer et \u00e0 connecter (aucun pilote requis)<\/li>\n<li aria-level=\"1\">Conception compacte et robuste avec son bo\u00eetier en aluminium<\/li>\n<li aria-level=\"1\">Con\u00e7u et fabriqu\u00e9 au Canada<\/li>\n<li aria-level=\"1\">Conforme \u00e0 la norme TAA<\/li>\n<\/ul>\n","protected":false},"excerpt":{"rendered":"<p><span class=\"text-color-secondary\">Le VGA2USB3 est discontinu\u00e9. Vous trouverez plus d&rsquo;informations dans la section produits &#8211; VGA2USB3 ou dans la section assistance.<\/span><\/p>\n<p><span style=\"font-weight: 400;\">Le convertisseur VGA2USB3 permet de capturer facilement la vid\u00e9o non compress\u00e9e avec l&rsquo;audio de votre sortie VGA, composante (analogique) ou CVBS vers votre PC pour l&rsquo;enregistrement, l&rsquo;\u00e9dition, la vid\u00e9oconf\u00e9rence et le streaming.<\/span><\/p>\n","protected":false},"featured_media":2828,"comment_status":"closed","ping_status":"closed","template":"","meta":{"_acf_changed":false,"wds_primary_product_brand":0,"wds_primary_product_cat":0},"product_brand":[],"product_cat":[392,391],"product_tag":[],"class_list":{"0":"post-4066","1":"product","2":"type-product","3":"status-publish","4":"has-post-thumbnail","6":"product_cat-cartes-de-capture-convertisseurs-usb-3-0-2-0","7":"product_cat-cartes-de-capture-et-convertisseurs-usb-3-0-2-0","9":"first","10":"instock","11":"shipping-taxable","12":"product-type-simple"},"acf":[],"_links":{"self":[{"href":"https:\/\/inogeni.com\/fr\/wp-json\/wp\/v2\/product\/4066","targetHints":{"allow":["GET"]}}],"collection":[{"href":"https:\/\/inogeni.com\/fr\/wp-json\/wp\/v2\/product"}],"about":[{"href":"https:\/\/inogeni.com\/fr\/wp-json\/wp\/v2\/types\/product"}],"replies":[{"embeddable":true,"href":"https:\/\/inogeni.com\/fr\/wp-json\/wp\/v2\/comments?post=4066"}],"wp:featuredmedia":[{"embeddable":true,"href":"https:\/\/inogeni.com\/fr\/wp-json\/wp\/v2\/media\/2828"}],"wp:attachment":[{"href":"https:\/\/inogeni.com\/fr\/wp-json\/wp\/v2\/media?parent=4066"}],"wp:term":[{"taxonomy":"product_brand","embeddable":true,"href":"https:\/\/inogeni.com\/fr\/wp-json\/wp\/v2\/product_brand?post=4066"},{"taxonomy":"product_cat","embeddable":true,"href":"https:\/\/inogeni.com\/fr\/wp-json\/wp\/v2\/product_cat?post=4066"},{"taxonomy":"product_tag","embeddable":true,"href":"https:\/\/inogeni.com\/fr\/wp-json\/wp\/v2\/product_tag?post=4066"}],"curies":[{"name":"wp","href":"https:\/\/api.w.org\/{rel}","templated":true}]}}