{"id":4475,"date":"2022-09-09T16:21:27","date_gmt":"2022-09-09T20:21:27","guid":{"rendered":"https:\/\/inogeni.com\/?post_type=product&#038;p=4475"},"modified":"2025-03-17T12:37:01","modified_gmt":"2025-03-17T16:37:01","slug":"remote-share","status":"publish","type":"product","link":"https:\/\/inogeni.com\/fr\/produit\/remote-share\/","title":{"rendered":"REMOTE"},"content":{"rendered":"<h2>Gardez le rythme de votre pr\u00e9sentation et changez de cam\u00e9ra ou de mixage d&rsquo;un simple clic. Le clavier de contr\u00f4le d&rsquo;INOGENI permet de s\u00e9lectionner \u00e0 distance la configuration de la cam\u00e9ra ou du mixage des SHARE2 et SHARE2U, simplifiant ainsi la s\u00e9lection des cam\u00e9ras de mixage.<\/h2>\n<ul>\n<li>Contr\u00f4le RS-232\n<ul>\n<li>SHARE2 : sur un seul c\u00e2ble RJ-45<\/li>\n<li>SHARE2U : via un bornier vers RJ-45<\/li>\n<\/ul>\n<\/li>\n<li>Solution rentable, fiable et simple \u00e0 installer et \u00e0 utiliser<\/li>\n<li>Technologie compacte et robuste<\/li>\n<li>Con\u00e7u et fabriqu\u00e9 au Canada<\/li>\n<li>Conforme \u00e0 la norme TAA<\/li>\n<\/ul>\n","protected":false},"excerpt":{"rendered":"<p>Ajoutez de la flexibilit\u00e9 avec ce clavier de contr\u00f4le pour SHARE2 et SHARE2U. Tout ce dont vous avez besoin est une simple connexion avec un c\u00e2ble de cat\u00e9gorie 5.<\/p>\n","protected":false},"featured_media":2867,"comment_status":"open","ping_status":"closed","template":"","meta":{"_acf_changed":false,"wds_primary_product_brand":0,"wds_primary_product_cat":0},"product_brand":[],"product_cat":[394,393],"product_tag":[],"class_list":{"0":"post-4475","1":"product","2":"type-product","3":"status-publish","4":"has-post-thumbnail","6":"product_cat-mixeurs-selecteurs-de-cameras","7":"product_cat-mixeurs-de-cameras","9":"first","10":"instock","11":"shipping-taxable","12":"product-type-simple"},"acf":[],"_links":{"self":[{"href":"https:\/\/inogeni.com\/fr\/wp-json\/wp\/v2\/product\/4475","targetHints":{"allow":["GET"]}}],"collection":[{"href":"https:\/\/inogeni.com\/fr\/wp-json\/wp\/v2\/product"}],"about":[{"href":"https:\/\/inogeni.com\/fr\/wp-json\/wp\/v2\/types\/product"}],"replies":[{"embeddable":true,"href":"https:\/\/inogeni.com\/fr\/wp-json\/wp\/v2\/comments?post=4475"}],"wp:featuredmedia":[{"embeddable":true,"href":"https:\/\/inogeni.com\/fr\/wp-json\/wp\/v2\/media\/2867"}],"wp:attachment":[{"href":"https:\/\/inogeni.com\/fr\/wp-json\/wp\/v2\/media?parent=4475"}],"wp:term":[{"taxonomy":"product_brand","embeddable":true,"href":"https:\/\/inogeni.com\/fr\/wp-json\/wp\/v2\/product_brand?post=4475"},{"taxonomy":"product_cat","embeddable":true,"href":"https:\/\/inogeni.com\/fr\/wp-json\/wp\/v2\/product_cat?post=4475"},{"taxonomy":"product_tag","embeddable":true,"href":"https:\/\/inogeni.com\/fr\/wp-json\/wp\/v2\/product_tag?post=4475"}],"curies":[{"name":"wp","href":"https:\/\/api.w.org\/{rel}","templated":true}]}}