{"id":5130,"date":"2023-01-13T12:05:56","date_gmt":"2023-01-13T17:05:56","guid":{"rendered":"https:\/\/inogeni.com\/?post_type=product&#038;p=5130"},"modified":"2025-09-04T14:15:08","modified_gmt":"2025-09-04T18:15:08","slug":"cam230","status":"publish","type":"product","link":"https:\/\/inogeni.com\/fr\/produit\/cam230\/","title":{"rendered":"CAM230"},"content":{"rendered":"<h4>Apr\u00e8s 2 prix \u00e0 l&rsquo;ISE 2023 et maintenant FINALISTE aux rAVe Readers&rsquo; Choice Awards, red\u00e9couvrez le CAM230.<\/h4>\n<h2>Le CAM230 d\u2019INOGENI est un commutateur multicam\u00e9ras\u00a0USB et HDMI qui permet d\u2019am\u00e9liorer l\u2019\u00e9quit\u00e9 des r\u00e9unions virtuelles. Gr\u00e2ce \u00e0 ses capacit\u00e9s de commutation de cam\u00e9ra faciles \u00e0 utiliser et \u00e0 la prise en charge de l\u2019audio bidirectionnel avec les barres vid\u00e9o, les animateurs peuvent s\u2019assurer que tous les participants ont les m\u00eames chances de s\u2019exprimer et de contribuer.<\/h2>\n<h2>Le CAM230 prend \u00e9galement en charge les cam\u00e9ras de tableau blanc et de document pour une collaboration et une productivit\u00e9 accrues.<\/h2>\n<ul>\n<li>3 sources vid\u00e9o (2x USB 3.0\/2.0 et 1x HDMI) commutent instantan\u00e9ment en un seul flux vid\u00e9o<\/li>\n<li>Sortie vid\u00e9o pour les CODECs, matrices, moniteurs ou ordinateurs portables pour les configurations BYOM\n<ul>\n<li>HDMI 1.4 jusqu&rsquo;\u00e0 4K30 avec audio int\u00e9gr\u00e9<\/li>\n<li>USB 2.0 MJPEG &#8211; 1080p30 avec contr\u00f4le PTZ<\/li>\n<\/ul>\n<\/li>\n<\/ul>\n<p><img decoding=\"async\" class=\"wp-image-6551 alignleft\" src=\"https:\/\/inogeni.com\/wp-content\/uploads\/2023\/01\/INOGENI-MJPEG.png\" alt=\"\" width=\"80\" height=\"76\" srcset=\"https:\/\/inogeni.com\/wp-content\/uploads\/2023\/01\/INOGENI-MJPEG.png 1742w, https:\/\/inogeni.com\/wp-content\/uploads\/2023\/01\/INOGENI-MJPEG-300x285.png 300w, https:\/\/inogeni.com\/wp-content\/uploads\/2023\/01\/INOGENI-MJPEG-1024x972.png 1024w, https:\/\/inogeni.com\/wp-content\/uploads\/2023\/01\/INOGENI-MJPEG-768x729.png 768w, https:\/\/inogeni.com\/wp-content\/uploads\/2023\/01\/INOGENI-MJPEG-1536x1458.png 1536w, https:\/\/inogeni.com\/wp-content\/uploads\/2023\/01\/INOGENI-MJPEG-600x570.png 600w\" sizes=\"(max-width: 80px) 100vw, 80px\" \/><br \/>\nClart\u00e9 et d\u00e9tails in\u00e9gal\u00e9s gr\u00e2ce \u00e0 notre <strong>vid\u00e9o de haute qualit\u00e9 UVC MJPEG 1080p30<\/strong><\/p>\n<p>&nbsp;<\/p>\n<ul>\n<li>Changez instantan\u00e9ment de cam\u00e9ra et de configuration vid\u00e9o sans interrompre la pr\u00e9sentation<\/li>\n<li>Id\u00e9al pour l\u2019enseignement \u00e0 distance, les r\u00e9unions collaboratives, les webinaires et la diffusion en direct<\/li>\n<li>Contr\u00f4lable par RS-232 et IP\n<ul>\n<li>Changez la cam\u00e9ra au moyen de votre clavier de vid\u00e9oconf\u00e9rence ou avec le bouton poussoir<\/li>\n<\/ul>\n<\/li>\n<li>Entr\u00e9e\/sortie audio au moyen de l\u2019application\u00a0<a href=\"https:\/\/inogeni.com\/fr\/assistance\/logiciels\/\"><em>INOGENI Control App<\/em><\/a><\/li>\n<li>Compatible avec les processeurs Q-SYS Core\n<ul>\n<li><a href=\"https:\/\/inogeni.com\/fr\/produit\/cam230\/?tpl=application#scroll_to\" rel=\"\">Voir les notes d&rsquo;application Q-SYS\/INOGENI CAM230<\/a><\/li>\n<\/ul>\n<\/li>\n<li><strong>Parfaitement compatible avec les cam\u00e9ras UC Logitech et les CODEC UC<\/strong>\n<ul>\n<li><a href=\"https:\/\/inogeni.com\/fr\/enhanced-unified-communication-and-collaboration-with-logitech-and-inogeni\/\"><strong>D\u00e9couvrez la matrice de compatibilit\u00e9 compl\u00e8te<\/strong><\/a> entre les produits INOGENI et Logitech.\n<ul>\n<li><strong>Cam\u00e9ras compatibles test\u00e9es par Logitech :<\/strong> s\u00e9ries Rally et Rally Bar, MeetUp, Scribe et cam\u00e9ras grand public<\/li>\n<li><strong>CODECs Logitech UC :<\/strong> Rally Bar et Rally Bar series (Appliance Mode), Roommate, pour MTR et Zoom Rooms<\/li>\n<\/ul>\n<\/li>\n<\/ul>\n<\/li>\n<li>Le syst\u00e8me d\u2019audioconf\u00e9rence de Nureva + le s\u00e9lecteur multi-cam\u00e9ras\u00a0CAM230 d\u2019INOGENI permettent de passer facilement d\u2019une cam\u00e9ra \u00e0 l\u2019autre dans les grands espaces.\n<ul>\n<li><a href=\"https:\/\/inogeni.com\/fr\/inogenis-cam230-nureva-audioconferencing-system\/\" target=\"_blank\" rel=\"noopener\">Lire le communiqu\u00e9 de presse (v.a.)<\/a><\/li>\n<\/ul>\n<\/li>\n<li>D\u00e9couvrez l\u2019int\u00e9gration de l\u2019\u00e9cosyst\u00e8me Nureva\u00a0+\u00a0SONY\u00a0+\u00a0CAM230\n<ul>\n<li><a href=\"https:\/\/inogeni.com\/fr\/produit\/cam230\/?tpl=application#scroll_to\" rel=\"\">Voir les notes d&rsquo;application Nureva\/Sony\/INOGENI CAM230<\/a><\/li>\n<\/ul>\n<\/li>\n<li>Compatible avec le syst\u00e8me de conf\u00e9rence ClickShare de Barco (CX-20, CX-30 et CX-50)<\/li>\n<li>Rentable, fiable, facile \u00e0 installer et \u00e0 connecter (aucun pilote requis)<\/li>\n<li>Conception compacte et robuste avec un bo\u00eetier en aluminium<\/li>\n<li>Con\u00e7u et fabriqu\u00e9 au Canada<\/li>\n<li>Conforme \u00e0 la norme\u00a0TAA<\/li>\n<li><a href=\"\/cam230-brochure\" target=\"_blank\" rel=\"noopener\">D\u00e9couvrez sa brochure<\/a><\/li>\n<\/ul>\n","protected":false},"excerpt":{"rendered":"<p>Le CAM230 est id\u00e9al pour les r\u00e9unions collaboratives et les salles de classe. Gr\u00e2ce \u00e0 son s\u00e9lecteur de trois sources vid\u00e9o, profitez d\u2019une commutation instantan\u00e9e et transparente et de connexions automatiques \u00e0 n\u2019importe quelle application, sans avoir besoin de pilotes.<\/p>\n","protected":false},"featured_media":5920,"comment_status":"closed","ping_status":"closed","template":"","meta":{"_acf_changed":false,"wds_primary_product_brand":0,"wds_primary_product_cat":0},"product_brand":[],"product_cat":[437,394],"product_tag":[],"class_list":{"0":"post-5130","1":"product","2":"type-product","3":"status-publish","4":"has-post-thumbnail","6":"product_cat-selecteurs-de-cameras","7":"product_cat-mixeurs-selecteurs-de-cameras","9":"first","10":"instock","11":"shipping-taxable","12":"product-type-simple"},"acf":[],"_links":{"self":[{"href":"https:\/\/inogeni.com\/fr\/wp-json\/wp\/v2\/product\/5130","targetHints":{"allow":["GET"]}}],"collection":[{"href":"https:\/\/inogeni.com\/fr\/wp-json\/wp\/v2\/product"}],"about":[{"href":"https:\/\/inogeni.com\/fr\/wp-json\/wp\/v2\/types\/product"}],"replies":[{"embeddable":true,"href":"https:\/\/inogeni.com\/fr\/wp-json\/wp\/v2\/comments?post=5130"}],"wp:featuredmedia":[{"embeddable":true,"href":"https:\/\/inogeni.com\/fr\/wp-json\/wp\/v2\/media\/5920"}],"wp:attachment":[{"href":"https:\/\/inogeni.com\/fr\/wp-json\/wp\/v2\/media?parent=5130"}],"wp:term":[{"taxonomy":"product_brand","embeddable":true,"href":"https:\/\/inogeni.com\/fr\/wp-json\/wp\/v2\/product_brand?post=5130"},{"taxonomy":"product_cat","embeddable":true,"href":"https:\/\/inogeni.com\/fr\/wp-json\/wp\/v2\/product_cat?post=5130"},{"taxonomy":"product_tag","embeddable":true,"href":"https:\/\/inogeni.com\/fr\/wp-json\/wp\/v2\/product_tag?post=5130"}],"curies":[{"name":"wp","href":"https:\/\/api.w.org\/{rel}","templated":true}]}}