{"id":6809,"date":"2023-11-13T10:16:14","date_gmt":"2023-11-13T15:16:14","guid":{"rendered":"https:\/\/inogeni.com\/product\/toggle-rooms\/"},"modified":"2025-12-22T15:06:07","modified_gmt":"2025-12-22T20:06:07","slug":"toggle-rooms","status":"publish","type":"product","link":"https:\/\/inogeni.com\/fr\/produit\/toggle-rooms\/","title":{"rendered":"TOGGLE ROOMS"},"content":{"rendered":"<h2>BYOD\/BYOM 4K : COMMUTATEUR\u00a0 \u00c0 3 H\u00d4TES DES APPAREILS USB 3.0\/HDMI<\/h2>\n<h2>TOGGLE ROOMS fournit un syst\u00e8me de communication unifi\u00e9e et de pro-AV 4Kp60 permettant aux utilisateurs de passer en toute transparence d\u2019un Room PC \u00e0 un ordinateur portable h\u00f4te, garantissant ainsi une exp\u00e9rience de r\u00e9union conviviale et efficace.<\/h2>\n<h3><span class=\"text-color-main\">TOGGLE ROOMS a remport\u00e9 deux fois le prix BEST OF SHOW \u00e0 l&rsquo;ISE 2024 et les 2024 AV Awards d\u00e9cern\u00e9s par le magazine AV pour la technologie de traitement et de distribution de l&rsquo;ann\u00e9e.<\/span><\/h3>\n<p><strong>Un seul c\u00e2ble pour toute la salle<\/strong><\/p>\n<ul>\n<li>Commutateur \u00e0 3 h\u00f4tes pour les appareils USB\/HDMI avanc\u00e9s\n<ul>\n<li>Prix attractif<\/li>\n<li>4kp60 en 16:9 et 5Kp30 en 21:9 pour \u00e9cran large (HDMI)<\/li>\n<\/ul>\n<\/li>\n<li>Options flexibles\u00a0:\n<ul>\n<li>Soit USB-C avec une puissance de 100\u00a0W<\/li>\n<li>Soit USB-B + HDMI<\/li>\n<\/ul>\n<\/li>\n<li>Test\u00e9 et con\u00e7u pour \u00eatre compatible avec les principaux syst\u00e8mes de communications unifi\u00e9es et fabricants de cam\u00e9ras, tels que Crestron, Logitech, Lenovo, Poly, MAXHUB, Jabra, Teams, Zoom, etc.\n<ul>\n<li><a href=\"https:\/\/inogeni.com\/documents\/toggle-rooms\/UC-Partners\/FR_INOGENI_TOGGLE-ROOMS_All-UC-Systems-Partners-diagrams.pdf\" target=\"_blank\" rel=\"noopener\"><strong>D\u00e9couvrez tous les diagrammes d&rsquo;applications avec le TOGGLE ROOMS et les syst\u00e8mes UC des partenaires (PDF)<\/strong><\/a><\/li>\n<\/ul>\n<\/li>\n<li>D\u00e9couvrez comment les TOGGLE ROOMS d&rsquo;INOGENI s&rsquo;int\u00e8grent parfaitement \u00e0 Q-SYS pour \u00e9lever votre exp\u00e9rience AV.\n<ul>\n<li><a href=\"https:\/\/inogeni.com\/fr\/improving-av-integration-inogeni-toggle-rooms-and-q-sys-compatibility\/\" rel=\"\">Cliquez ici pour tous les d\u00e9tails et le diagramme d&rsquo;int\u00e9gration<\/a> pour explorer les capacit\u00e9s de contr\u00f4le robustes et les temps d&rsquo;int\u00e9gration r\u00e9duits dans le logiciel Q-SYS Designer\u2122.<\/li>\n<\/ul>\n<\/li>\n<li><strong>Parfaitement compatible avec les cam\u00e9ras UC Logitech et les CODEC UC<\/strong>\n<ul>\n<li><a href=\"https:\/\/inogeni.com\/fr\/enhanced-unified-communication-and-collaboration-with-logitech-and-inogeni\/\"><strong>D\u00e9couvrez la matrice de compatibilit\u00e9 compl\u00e8te<\/strong><\/a> entre les produits INOGENI et Logitech.\n<ul>\n<li><strong>Cam\u00e9ras compatibles test\u00e9es par Logitech :<\/strong> s\u00e9ries Rally et Rally Bar, MeetUp, Scribe et cam\u00e9ras grand public<\/li>\n<li><strong>CODECs Logitech UC :<\/strong> Rally Bar et Rally Bar series (Appliance Mode), Roommate, pour MTR et Zoom Rooms<\/li>\n<\/ul>\n<\/li>\n<\/ul>\n<\/li>\n<li>Fabriqu\u00e9 au Canada\n<ul>\n<li>Qualit\u00e9<\/li>\n<li>Fiabilit\u00e9<\/li>\n<li>Tranquillit\u00e9 d\u2019esprit (aucun pilote requis et conformit\u00e9 TAA)<\/li>\n<\/ul>\n<\/li>\n<li>Simplifiez les mises \u00e0 jour du firmware (progiciel), surveillez l&rsquo;\u00e9tat en temps r\u00e9el et configurez vos appareils facilement via la page web MAESTRO LAN ou le contr\u00f4leur logiciel MAESTRO\u2014<a href=\"https:\/\/inogeni.com\/fr\/assistance\/logiciels\/\">en savoir plus !<\/a><\/li>\n<\/ul>\n<p>TOGGLE ROOMS facilite la gestion de la vid\u00e9oconf\u00e9rence sans aucune difficult\u00e9. Les utilisateurs peuvent passer d\u2019un p\u00e9riph\u00e9rique \u00e0 l\u2019autre en un clin d\u2019\u0153il et sans attendre.<\/p>\n<p><strong>Commutez 3 p\u00e9riph\u00e9riques USB + 1 \u00e9cran entre 3 h\u00f4tes <\/strong><br \/>\nRed\u00e9finissez la collaboration gr\u00e2ce \u00e0 la prise en charge de <em>Bring Your Own Device<\/em> (BYOD) et de <em>Bring Your Own Meeting<\/em> (BYOM), qui offre la flexibilit\u00e9 avec un bouton-poussoir ou un pav\u00e9 de commande pour divers sc\u00e9narios de r\u00e9union.<\/p>\n<p style=\"text-align: center;\"><strong>3 sc\u00e9narios d\u2019application<\/strong><br \/>\n<strong>Commutateur BYOD\/BYOM avec un seul c\u00e2ble pour un Room PC et un ordinateur portable<\/strong><\/p>\n<p>&nbsp;<\/p>\n<p><img decoding=\"async\" class=\"aligncenter wp-image-6656\" src=\"https:\/\/inogeni.com\/wp-content\/uploads\/2023\/11\/INOGENI-TOGGLE-ROOMS_Diagram-Application-switch-BYOD-BYOM-with-1-cable-for-a-Room-PC-and-laptop_VF-1.png\" alt=\"\" width=\"1080\" height=\"567\" srcset=\"https:\/\/inogeni.com\/wp-content\/uploads\/2023\/11\/INOGENI-TOGGLE-ROOMS_Diagram-Application-switch-BYOD-BYOM-with-1-cable-for-a-Room-PC-and-laptop_VF-1.png 2560w, https:\/\/inogeni.com\/wp-content\/uploads\/2023\/11\/INOGENI-TOGGLE-ROOMS_Diagram-Application-switch-BYOD-BYOM-with-1-cable-for-a-Room-PC-and-laptop_VF-1-300x158.png 300w, https:\/\/inogeni.com\/wp-content\/uploads\/2023\/11\/INOGENI-TOGGLE-ROOMS_Diagram-Application-switch-BYOD-BYOM-with-1-cable-for-a-Room-PC-and-laptop_VF-1-1024x538.png 1024w, https:\/\/inogeni.com\/wp-content\/uploads\/2023\/11\/INOGENI-TOGGLE-ROOMS_Diagram-Application-switch-BYOD-BYOM-with-1-cable-for-a-Room-PC-and-laptop_VF-1-768x403.png 768w, https:\/\/inogeni.com\/wp-content\/uploads\/2023\/11\/INOGENI-TOGGLE-ROOMS_Diagram-Application-switch-BYOD-BYOM-with-1-cable-for-a-Room-PC-and-laptop_VF-1-1536x806.png 1536w, https:\/\/inogeni.com\/wp-content\/uploads\/2023\/11\/INOGENI-TOGGLE-ROOMS_Diagram-Application-switch-BYOD-BYOM-with-1-cable-for-a-Room-PC-and-laptop_VF-1-2048x1075.png 2048w, https:\/\/inogeni.com\/wp-content\/uploads\/2023\/11\/INOGENI-TOGGLE-ROOMS_Diagram-Application-switch-BYOD-BYOM-with-1-cable-for-a-Room-PC-and-laptop_VF-1-600x315.png 600w\" sizes=\"(max-width: 1080px) 100vw, 1080px\" \/><\/p>\n<p><strong><u>LE ROOM PC ACCUEILLE LA R\u00c9UNION<\/u><\/strong><\/p>\n<ul>\n<li><strong>Mode BYOD du Room\u00a0PC\u00a0:<\/strong> Dans ce mode, les p\u00e9riph\u00e9riques USB et HDMI sont connect\u00e9s uniquement au PC de salle.<\/li>\n<li><strong>Partage d\u2019ordinateur portable et Room PC BYOD\u00a0:<\/strong> Si l\u2019utilisateur souhaite envoyer du contenu HDMI depuis <strong>la connexion USB-C ou HDMI de l\u2019ordinateur portable <\/strong>vers le Room PC, il est possible de le faire avec la connexion de sortie HDMI SHARE.<\/li>\n<\/ul>\n<p><strong>\u00a0<u>L\u2019ORDINATEUR PORTABLE ACCUEILLE LA R\u00c9UNION<\/u><\/strong><\/p>\n<ul>\n<li><strong>Ordinateurs portables en mode BYOM\u00a0: <\/strong>Dans ce mode, l\u2019ordinateur portable est le syst\u00e8me s\u00e9lectionn\u00e9 pour les principaux p\u00e9riph\u00e9riques USB et HDMI. Le Room PC est compl\u00e8tement d\u00e9connect\u00e9 de l\u2019installation.<\/li>\n<\/ul>\n","protected":false},"excerpt":{"rendered":"<p>Convertissant facilement le BYOD\/BYOM, le commutateur USB\/HDMI TOGGLE ROOMS 4Kp60 se connecte \u00e0 trois p\u00e9riph\u00e9riques USB 3.0 et \u00e0 un \u00e9cran HDMI. Il peut aussi les connecter automatiquement \u00e0 3 h\u00f4tes, avec des capacit\u00e9s de charge d\u2019ordinateur portable USB-C allant jusqu\u2019\u00e0 100 W.<\/p>\n","protected":false},"featured_media":6676,"comment_status":"closed","ping_status":"closed","template":"","meta":{"_acf_changed":false,"wds_primary_product_brand":0,"wds_primary_product_cat":0},"product_brand":[],"product_cat":[439],"product_tag":[],"class_list":{"0":"post-6809","1":"product","2":"type-product","3":"status-publish","4":"has-post-thumbnail","6":"product_cat-commutateur-byod-byom-2","8":"first","9":"instock","10":"shipping-taxable","11":"product-type-simple"},"acf":[],"_links":{"self":[{"href":"https:\/\/inogeni.com\/fr\/wp-json\/wp\/v2\/product\/6809","targetHints":{"allow":["GET"]}}],"collection":[{"href":"https:\/\/inogeni.com\/fr\/wp-json\/wp\/v2\/product"}],"about":[{"href":"https:\/\/inogeni.com\/fr\/wp-json\/wp\/v2\/types\/product"}],"replies":[{"embeddable":true,"href":"https:\/\/inogeni.com\/fr\/wp-json\/wp\/v2\/comments?post=6809"}],"wp:featuredmedia":[{"embeddable":true,"href":"https:\/\/inogeni.com\/fr\/wp-json\/wp\/v2\/media\/6676"}],"wp:attachment":[{"href":"https:\/\/inogeni.com\/fr\/wp-json\/wp\/v2\/media?parent=6809"}],"wp:term":[{"taxonomy":"product_brand","embeddable":true,"href":"https:\/\/inogeni.com\/fr\/wp-json\/wp\/v2\/product_brand?post=6809"},{"taxonomy":"product_cat","embeddable":true,"href":"https:\/\/inogeni.com\/fr\/wp-json\/wp\/v2\/product_cat?post=6809"},{"taxonomy":"product_tag","embeddable":true,"href":"https:\/\/inogeni.com\/fr\/wp-json\/wp\/v2\/product_tag?post=6809"}],"curies":[{"name":"wp","href":"https:\/\/api.w.org\/{rel}","templated":true}]}}