{"id":6810,"date":"2023-06-06T10:17:47","date_gmt":"2023-06-06T14:17:47","guid":{"rendered":"https:\/\/inogeni.com\/product\/u-bridge\/"},"modified":"2025-06-26T11:10:28","modified_gmt":"2025-06-26T15:10:28","slug":"u-bridge","status":"publish","type":"product","link":"https:\/\/inogeni.com\/fr\/produit\/u-bridge\/","title":{"rendered":"U-BRIDGE"},"content":{"rendered":"<h2>L\u2019extendeur U-BRIDGE USB\u00a02.0 pour cam\u00e9ras vid\u00e9o et audio d\u2019INOGENI permet des connexions USB\u00a02.0 \u00e0 haut d\u00e9bit jusqu\u2019\u00e0 100\u00a0m\/330\u00a0pi sur un seul c\u00e2ble CAT 5e\/6\/7.<\/h2>\n<h2>Le U-BRIDGE est la solution aux probl\u00e8mes d\u2019interop\u00e9rabilit\u00e9 rencontr\u00e9s par les installateurs AV \u00e0 la recherche d\u2019une extension de cam\u00e9ra USB longue distance fiable pour maintenir une vid\u00e9o d\u2019excellente qualit\u00e9.<\/h2>\n<p><strong>Id\u00e9al pour l\u2019extension de cam\u00e9ras USB dans les salles de vid\u00e9oconf\u00e9rence<\/strong><\/p>\n<ul>\n<li>Le U-BRIDGE est enti\u00e8rement compatible avec toutes les cam\u00e9ras USB, y compris les \u00e9quipements de calibre professionnel tels que Huddly, HuddleCamHD, AVer, Jabra, Logitech, les cam\u00e9ras Marshall et les cam\u00e9ras Web.\n<ul>\n<li><a href=\"https:\/\/inogeni.com\/fr\/assistance\/cameras-compatibles\/\">Voir toutes les cam\u00e9ras compatibles<\/a><\/li>\n<\/ul>\n<\/li>\n<\/ul>\n<p><strong>\u00c9tendez le BYOM (Bring your own meeting \u2013 faites votre propre vid\u00e9oconf\u00e9rence)<\/strong> \u00e0 l\u2019ordinateur portable avec le <strong>TOGGLE<\/strong> et le <strong>U-BRIDGE.<\/strong><\/p>\n<ul>\n<li><a href=\"https:\/\/inogeni.com\/fr\/produit\/u-bridge\/?tpl=application#scroll_to\">Voir l&rsquo;application<\/a><\/li>\n<\/ul>\n<p><strong>Technologie <em>Extreme<\/em> USB polyvalente et \u00e9prouv\u00e9e<\/strong><\/p>\n<p>Cette technologie prend en charge tous les p\u00e9riph\u00e9riques USB\u00a02.0\/1.1 et est con\u00e7ue pour \u00eatre utilis\u00e9e avec des cam\u00e9ras USB, des cam\u00e9ras pour tableaux blancs, des microphones, des p\u00e9riph\u00e9riques audio et tout autre p\u00e9riph\u00e9rique USB (disques durs, lecteurs flash ou claviers).<\/p>\n<ul>\n<li>Alimentation possible soit du module PC HOST (ordinateur), soit du module DEVICE (le p\u00e9riph\u00e9rique).<\/li>\n<li>Pr\u00eate \u00e0 l\u2019emploi, ne n\u00e9cessite aucun pilote logiciel.<\/li>\n<li>Fonctionne avec tous les principaux syst\u00e8mes d\u2019exploitation, y compris Windows, macOS et Linux.<\/li>\n<li>Assortie d\u2019une garantie de deux ans pour une plus grande tranquillit\u00e9 d\u2019esprit.<\/li>\n<li>Permet d\u2019acc\u00e9der aux p\u00e9riph\u00e9riques USB et de les contr\u00f4ler.<\/li>\n<\/ul>\n<p><strong>Compatible par conception<\/strong><\/p>\n<ul>\n<li><strong>Parfaitement compatible avec les cam\u00e9ras UC Logitech et les CODEC UC<\/strong>\n<ul>\n<li><a href=\"https:\/\/inogeni.com\/fr\/enhanced-unified-communication-and-collaboration-with-logitech-and-inogeni\/\"><strong>D\u00e9couvrez la matrice de compatibilit\u00e9 compl\u00e8te<\/strong><\/a> entre les produits INOGENI et Logitech.\n<ul>\n<li><strong>Cam\u00e9ras compatibles test\u00e9es par Logitech : <\/strong>s\u00e9ries Rally et Rally Bar, MeetUp, Scribe et cam\u00e9ras grand public<\/li>\n<li><strong>CODECs Logitech UC : <\/strong>Rally Bar et Rally Bar series (Appliance Mode), Roommate, pour MTR et Zoom Rooms<\/li>\n<\/ul>\n<\/li>\n<\/ul>\n<\/li>\n<\/ul>\n","protected":false},"excerpt":{"rendered":"<p>L&rsquo;extendeur U-BRIDGE USB 2.0 d\u2019INOGENI pour cam\u00e9ras et p\u00e9riph\u00e9riques USB 2.0 est la solution aux probl\u00e8mes d\u2019interop\u00e9rabilit\u00e9 rencontr\u00e9s par les installateurs AV \u00e0 la recherche d\u2019une extension de cam\u00e9ra USB fiable sur de longues distances tout en maintenant une vid\u00e9o d\u2019excellente qualit\u00e9. L\u2019extendeur U-BRIDGE USB 2.0 pour cam\u00e9ra vid\u00e9o et audio permet des connexions USB 2.0 \u00e0 grande vitesse jusqu\u2019\u00e0 100 m\/330 pi sur un seul c\u00e2ble CAT 5e\/6\/7.<\/p>\n","protected":false},"featured_media":6006,"comment_status":"open","ping_status":"closed","template":"","meta":{"_acf_changed":false,"wds_primary_product_brand":0,"wds_primary_product_cat":0},"product_brand":[],"product_cat":[644],"product_tag":[],"class_list":{"0":"post-6810","1":"product","2":"type-product","3":"status-publish","4":"has-post-thumbnail","6":"product_cat-extendeur-usb","8":"first","9":"instock","10":"shipping-taxable","11":"product-type-simple"},"acf":[],"_links":{"self":[{"href":"https:\/\/inogeni.com\/fr\/wp-json\/wp\/v2\/product\/6810","targetHints":{"allow":["GET"]}}],"collection":[{"href":"https:\/\/inogeni.com\/fr\/wp-json\/wp\/v2\/product"}],"about":[{"href":"https:\/\/inogeni.com\/fr\/wp-json\/wp\/v2\/types\/product"}],"replies":[{"embeddable":true,"href":"https:\/\/inogeni.com\/fr\/wp-json\/wp\/v2\/comments?post=6810"}],"wp:featuredmedia":[{"embeddable":true,"href":"https:\/\/inogeni.com\/fr\/wp-json\/wp\/v2\/media\/6006"}],"wp:attachment":[{"href":"https:\/\/inogeni.com\/fr\/wp-json\/wp\/v2\/media?parent=6810"}],"wp:term":[{"taxonomy":"product_brand","embeddable":true,"href":"https:\/\/inogeni.com\/fr\/wp-json\/wp\/v2\/product_brand?post=6810"},{"taxonomy":"product_cat","embeddable":true,"href":"https:\/\/inogeni.com\/fr\/wp-json\/wp\/v2\/product_cat?post=6810"},{"taxonomy":"product_tag","embeddable":true,"href":"https:\/\/inogeni.com\/fr\/wp-json\/wp\/v2\/product_tag?post=6810"}],"curies":[{"name":"wp","href":"https:\/\/api.w.org\/{rel}","templated":true}]}}