{"id":7375,"date":"2023-11-15T14:06:27","date_gmt":"2023-11-15T19:06:27","guid":{"rendered":"https:\/\/inogeni.com\/product\/ino-usbc\/"},"modified":"2025-03-17T12:28:11","modified_gmt":"2025-03-17T16:28:11","slug":"ino-usbc","status":"publish","type":"product","link":"https:\/\/inogeni.com\/fr\/produit\/ino-usbc\/","title":{"rendered":"INO \u2013 USBC-2M100W"},"content":{"rendered":"<h2><strong><span class=\"text-color-secondary\">** En stock **<\/span><\/strong><\/h2>\n<h2>Pour une transmission\u00a0USB-C de haute qualit\u00e9, la visioconf\u00e9rence et TOGGLE\u00a0ROOMS d\u2019INOGENI<\/h2>\n<p>Am\u00e9liorez votre exp\u00e9rience collaborative avec le c\u00e2ble de pointe <strong>INO &#8211;<\/strong> <strong>USB-C\u00a02M100W 20\u00a0Gbps d\u2019INOGENI<\/strong>, con\u00e7u sur mesure pour compl\u00e9ter le s\u00e9lecteur BYOD\/BYOM TOGGLE\u00a0ROOMS 2\u00a0PC. Ce c\u00e2ble, qui prend en charge DisplayPort jusqu\u2019\u00e0 4K60 et support\u00a0USB\u00a02.0 ou 4K30 et support\u00a0USB\u00a03.0, offre des performances in\u00e9gal\u00e9es. Les capacit\u00e9s grand\u00a0\u00e9cran et la compatibilit\u00e9 ascendante sans tracas garantissent une connectivit\u00e9 optimale dans n\u2019importe quel sc\u00e9nario de salle de r\u00e9union.<\/p>\n<p>Le c\u00e2ble offre \u00e9galement une puissance de chargement de 100W, ce qui en fait un compl\u00e9ment id\u00e9al pour TOGGLE ROOMS. Il garantit une charge et une connectivit\u00e9 efficaces pour une exp\u00e9rience de vid\u00e9oconf\u00e9rence BYOD\/BYOM sans tracas.<\/p>\n","protected":false},"excerpt":{"rendered":"<p><strong><span class=\"text-color-secondary\">** En stock **<\/span><\/strong><\/p>\n<p>Parfaitement adapt\u00e9 \u00e0 une transmission USB-C de haute qualit\u00e9, le c\u00e2ble<strong> INO &#8211; USB-C 100 W 20 Gbps d\u2019INOGENI<\/strong>, fait sur mesure pour compl\u00e9ter le s\u00e9lecteur BYOD\/BYOM TOGGLE ROOMS 2 PC. Ce c\u00e2ble, qui prend en charge DisplayPort jusqu\u2019\u00e0 4K60 et support USB 2.0 ou 4K30 et support USB 3.0, offre des performances in\u00e9gal\u00e9es. Le c\u00e2ble offre \u00e9galement une puissance de chargement de 100W, ce qui en fait un compl\u00e9ment id\u00e9al pour TOGGLE ROOMS.<\/p>\n","protected":false},"featured_media":7001,"comment_status":"open","ping_status":"closed","template":"","meta":{"_acf_changed":false,"wds_primary_product_brand":0,"wds_primary_product_cat":0},"product_brand":[],"product_cat":[646],"product_tag":[],"class_list":{"0":"post-7375","1":"product","2":"type-product","3":"status-publish","4":"has-post-thumbnail","6":"product_cat-accessoires","8":"first","9":"instock","10":"shipping-taxable","11":"product-type-simple"},"acf":[],"_links":{"self":[{"href":"https:\/\/inogeni.com\/fr\/wp-json\/wp\/v2\/product\/7375","targetHints":{"allow":["GET"]}}],"collection":[{"href":"https:\/\/inogeni.com\/fr\/wp-json\/wp\/v2\/product"}],"about":[{"href":"https:\/\/inogeni.com\/fr\/wp-json\/wp\/v2\/types\/product"}],"replies":[{"embeddable":true,"href":"https:\/\/inogeni.com\/fr\/wp-json\/wp\/v2\/comments?post=7375"}],"wp:featuredmedia":[{"embeddable":true,"href":"https:\/\/inogeni.com\/fr\/wp-json\/wp\/v2\/media\/7001"}],"wp:attachment":[{"href":"https:\/\/inogeni.com\/fr\/wp-json\/wp\/v2\/media?parent=7375"}],"wp:term":[{"taxonomy":"product_brand","embeddable":true,"href":"https:\/\/inogeni.com\/fr\/wp-json\/wp\/v2\/product_brand?post=7375"},{"taxonomy":"product_cat","embeddable":true,"href":"https:\/\/inogeni.com\/fr\/wp-json\/wp\/v2\/product_cat?post=7375"},{"taxonomy":"product_tag","embeddable":true,"href":"https:\/\/inogeni.com\/fr\/wp-json\/wp\/v2\/product_tag?post=7375"}],"curies":[{"name":"wp","href":"https:\/\/api.w.org\/{rel}","templated":true}]}}