{"id":7637,"date":"2024-05-21T13:35:16","date_gmt":"2024-05-21T17:35:16","guid":{"rendered":"https:\/\/inogeni.com\/product\/toggle-rooms-xt\/"},"modified":"2026-01-29T10:50:31","modified_gmt":"2026-01-29T15:50:31","slug":"toggle-rooms-xt","status":"publish","type":"product","link":"https:\/\/inogeni.com\/fr\/produit\/toggle-rooms-xt\/","title":{"rendered":"TOGGLE ROOMS XT pour les grands espaces"},"content":{"rendered":"<h2>Un c\u00e2ble pour s&rsquo;approprier la pi\u00e8ce ! N&rsquo;importe quelle pi\u00e8ce !<\/h2>\n<h2>UN C\u00c2BLE USB-C (100\u00a0W) POUR PRENDRE LE CONTR\u00d4LE DE VOTRE GRANDE SALLE<\/h2>\n<p><strong>4K BYOD\/BYOM POUR LES GRANDES SALLES : COMMUTATEUR \u00c0 3 H\u00d4TES POUR P\u00c9RIPH\u00c9RIQUES USB\/HDMI<\/strong><\/p>\n<p><strong>Commutez 5 p\u00e9riph\u00e9riques USB + 1 \u00e9cran entre 3 h\u00f4tes : <\/strong>Red\u00e9finissez la collaboration gr\u00e2ce \u00e0 la prise en charge de Bring Your Own Device (BYOD) et Bring Your Own Meeting (BYOM), offrant une flexibilit\u00e9 pour divers sc\u00e9narios de r\u00e9union \u00e0 l\u2019aide d\u2019un bouton-poussoir ou d\u2019un pav\u00e9 de commande.<\/p>\n<p><strong>Technologie polyvalente (BYOD\/BYOM)<\/strong><\/p>\n<ul>\n<li>Commutation automatique ou manuelle entre le Room PC et le Laptop (3 h\u00f4tes possibles)<\/li>\n<li>Connexion directe de 5x p\u00e9riph\u00e9riques USB + 1 \u00e9cran HDMI<\/li>\n<li>Connectivit\u00e9 flexible pour les ordinateurs portables : USB-C (100\u00a0W) ou USB-B + HDMI<\/li>\n<li>Syst\u00e8me \u00e0 2 bo\u00eetiers : \u00e0 l&rsquo;\u00e9cran (hub du Room PC) et \u00e0 la table (hub du Laptop)\n<ul>\n<li>Connect\u00e9 avec un seul c\u00e2ble CAT6A U\/FTP <a href=\"https:\/\/inogeni.com\/fr\/produit\/ino-cat6a\/\">(D\u00e9couvrez le c\u00e2ble INO-CAT6A)<\/a><\/li>\n<li>Signal vid\u00e9o non compress\u00e9 via la technologie \u00e9prouv\u00e9e HDBaseT<\/li>\n<li>Port\u00e9e : 40 m\/132 pi \u00e0 4K60 et 70 m\/230 pi \u00e0 1080p avec l&rsquo;<a href=\"https:\/\/inogeni.com\/fr\/produit\/ino-cat6a\/\">INO-CAT6A<\/a> cable<\/li>\n<\/ul>\n<\/li>\n<li>1 \u00e9cran : 4K60\/16:9 et 5K30\/21:9 \u00e9cran large (HDMI)<\/li>\n<li>Test\u00e9 et con\u00e7u pour \u00eatre compatible avec les principaux syst\u00e8mes de communications unifi\u00e9es et fabricants de cam\u00e9ras, tels que Crestron, Logitech, Lenovo, Poly, MAXHUB, Jabra, Teams, Zoom, etc.\n<ul>\n<li><a href=\"https:\/\/inogeni.com\/documents\/toggle-rooms\/UC-Partners\/FR_INOGENI_TOGGLE-ROOMS-XT_All-UC-Systems-Partners_diagrams.pdf\" target=\"_blank\" rel=\"noopener\"><strong>D\u00e9couvrez tous les diagrammes d&rsquo;applications avec le TOGGLE ROOMS XT et les syst\u00e8mes UC des partenaires (PDF)<\/strong><\/a><\/li>\n<\/ul>\n<\/li>\n<li><strong>Parfaitement compatible avec les cam\u00e9ras UC Logitech et les CODEC UC<\/strong>\n<ul>\n<li><a href=\"https:\/\/inogeni.com\/fr\/enhanced-unified-communication-and-collaboration-with-logitech-and-inogeni\/\"><strong>D\u00e9couvrez la matrice de compatibilit\u00e9 compl\u00e8te<\/strong><\/a> entre les produits INOGENI et Logitech.\n<ul>\n<li><strong>Cam\u00e9ras compatibles test\u00e9es par Logitech :<\/strong> s\u00e9ries Rally et Rally Bar, MeetUp, Scribe et cam\u00e9ras grand public<\/li>\n<li><strong>CODECs Logitech UC :<\/strong> Rally Bar et Rally Bar series (Appliance Mode), Roommate, pour MTR et Zoom Rooms<\/li>\n<\/ul>\n<\/li>\n<\/ul>\n<\/li>\n<\/ul>\n<p><strong>Flexibilit\u00e9<\/strong><\/p>\n<ul>\n<li>USB 3.2 Gen 1\/USB 3.1 Gen 1, compatible avec USB 3.0\/2.0<\/li>\n<li>Contr\u00f4le IP, RS-232 et GPI<\/li>\n<li>Bouton de commutation de l&rsquo;h\u00f4te en option : bouton mont\u00e9 sur la surface de la table pour la s\u00e9lection d&rsquo;un ordinateur portable BYOM<\/li>\n<\/ul>\n<p><strong>Tranquillit\u00e9 d&rsquo;esprit <\/strong><\/p>\n<ul>\n<li>Fabriqu\u00e9 au Canada et conforme aux normes TAA<\/li>\n<li>Qualit\u00e9 et fiabilit\u00e9<\/li>\n<li>Aucun pilote n\u00e9cessaire<\/li>\n<li>Nouveau contr\u00f4leur de p\u00e9riph\u00e9rique Maestro pour une configuration et une mise \u00e0 jour faciles<\/li>\n<\/ul>\n<p>TOGGLE ROOMS XT facilite la gestion de la vid\u00e9oconf\u00e9rence sans aucun probl\u00e8me. Les utilisateurs peuvent passer d&rsquo;une salle \u00e0 l&rsquo;autre en toute transparence et sans attente.<\/p>\n<ul>\n<li>Simplifiez les mises \u00e0 jour du firmware (progiciel), surveillez l&rsquo;\u00e9tat en temps r\u00e9el et configurez vos appareils facilement via la page web MAESTRO LAN \u2014<a href=\"https:\/\/inogeni.com\/fr\/assistance\/logiciels\/\">en savoir plus !<\/a><\/li>\n<\/ul>\n","protected":false},"excerpt":{"rendered":"<p>Le commutateur USB\/HDMI TOGGLE ROOMS XT 4K60 permet un BYOD\/BYOM transparent pour les grandes salles. Il se connecte \u00e0 5 p\u00e9riph\u00e9riques USB et \u00e0 un \u00e9cran HDMI et les commute automatiquement entre 3 h\u00f4tes, avec des capacit\u00e9s de charge d&rsquo;ordinateur portable USB-C allant jusqu&rsquo;\u00e0 100W.<\/p>\n","protected":false},"featured_media":9135,"comment_status":"closed","ping_status":"closed","template":"","meta":{"_acf_changed":false,"wds_primary_product_brand":0,"wds_primary_product_cat":0},"product_brand":[],"product_cat":[439],"product_tag":[],"class_list":{"0":"post-7637","1":"product","2":"type-product","3":"status-publish","4":"has-post-thumbnail","6":"product_cat-commutateur-byod-byom-2","8":"first","9":"instock","10":"shipping-taxable","11":"product-type-simple"},"acf":[],"_links":{"self":[{"href":"https:\/\/inogeni.com\/fr\/wp-json\/wp\/v2\/product\/7637","targetHints":{"allow":["GET"]}}],"collection":[{"href":"https:\/\/inogeni.com\/fr\/wp-json\/wp\/v2\/product"}],"about":[{"href":"https:\/\/inogeni.com\/fr\/wp-json\/wp\/v2\/types\/product"}],"replies":[{"embeddable":true,"href":"https:\/\/inogeni.com\/fr\/wp-json\/wp\/v2\/comments?post=7637"}],"wp:featuredmedia":[{"embeddable":true,"href":"https:\/\/inogeni.com\/fr\/wp-json\/wp\/v2\/media\/9135"}],"wp:attachment":[{"href":"https:\/\/inogeni.com\/fr\/wp-json\/wp\/v2\/media?parent=7637"}],"wp:term":[{"taxonomy":"product_brand","embeddable":true,"href":"https:\/\/inogeni.com\/fr\/wp-json\/wp\/v2\/product_brand?post=7637"},{"taxonomy":"product_cat","embeddable":true,"href":"https:\/\/inogeni.com\/fr\/wp-json\/wp\/v2\/product_cat?post=7637"},{"taxonomy":"product_tag","embeddable":true,"href":"https:\/\/inogeni.com\/fr\/wp-json\/wp\/v2\/product_tag?post=7637"}],"curies":[{"name":"wp","href":"https:\/\/api.w.org\/{rel}","templated":true}]}}