{"id":7705,"date":"2024-05-21T17:07:53","date_gmt":"2024-05-21T21:07:53","guid":{"rendered":"https:\/\/inogeni.com\/product\/u-bridge-3-0\/"},"modified":"2026-04-08T15:12:09","modified_gmt":"2026-04-08T19:12:09","slug":"u-bridge-3-0","status":"publish","type":"product","link":"https:\/\/inogeni.com\/fr\/produit\/u-bridge-3-0\/","title":{"rendered":"U-BRIDGE 3"},"content":{"rendered":"<h2>Le nouvel extendeur multip\u00e9riph\u00e9riques U-BRIDGE 3 d\u2019INOGENI pour tous les p\u00e9riph\u00e9riques USB 3.0 est la solution aux probl\u00e8mes d\u2019interop\u00e9rabilit\u00e9 que rencontrent les installateurs en audiovisuel lorsqu\u2019une connexion fiable de cam\u00e9ra USB sur longue distance est n\u00e9cessaire. L\u2019extendeur pour appareils audio et cam\u00e9ras vid\u00e9o U-BRIDGE 3 permet des connexions SuperSpeed USB 3.0 jusqu\u2019\u00e0 100 m (330 pi) sur un seul c\u00e2ble CAT6A U\/FTP.<\/h2>\n<p><strong>U-BRIDGE 3 \u2013 Extendeur multip\u00e9riph\u00e9riques USB 3.0<\/strong><\/p>\n<ul>\n<li>USB 3.2 Gen 1\/5Gpbs compatible avec USB 3.1 Gen 1\/3.0\/2.0<\/li>\n<li>L\u2019extendeur pour appareils audio et cam\u00e9ras vid\u00e9o 4K permet des connexions SuperSpeed.<\/li>\n<li>L\u2019extension de cam\u00e9ra USB longue distance fiable maintient un signal vid\u00e9o non compress\u00e9 de haute qualit\u00e9.<\/li>\n<li>Port DEVICE : 2x USB-A et 1x USB-C.<\/li>\n<li>Port PC HOST : connecteur USB-C verrouillable.<\/li>\n<li>LINK : Jusqu\u2019\u00e0 100 m (330 pi) sur un seul c\u00e2ble CAT6A U\/FTP. <a href=\"https:\/\/inogeni.com\/fr\/produit\/ino-cat6a\/\">(D\u00e9couvrez le c\u00e2ble INO-CAT6A)<\/a><\/li>\n<li>Aliment\u00e9 par le port PC HOST ou DEVICE.<\/li>\n<li>Extension RS-232 pour VISCA ou contr\u00f4le.<\/li>\n<li><strong>Parfaitement compatible avec les cam\u00e9ras UC Logitech et les CODEC UC<\/strong>\n<ul>\n<li><a href=\"https:\/\/inogeni.com\/fr\/enhanced-unified-communication-and-collaboration-with-logitech-and-inogeni\/\"><strong>D\u00e9couvrez la matrice de compatibilit\u00e9 compl\u00e8te<\/strong><\/a> entre les produits INOGENI et Logitech.\n<ul>\n<li><strong>Cam\u00e9ras compatibles test\u00e9es par Logitech :<\/strong> s\u00e9ries Rally et Rally Bar, MeetUp, Scribe et cam\u00e9ras grand public<\/li>\n<li><strong>CODECs Logitech UC : <\/strong>Rally Bar et Rally Bar series (Appliance Mode), Roommate, pour MTR et Zoom Rooms<\/li>\n<\/ul>\n<\/li>\n<\/ul>\n<\/li>\n<li>Conforme \u00e0 la loi TAA et fabriqu\u00e9 au Canada<\/li>\n<\/ul>\n<p><strong>Id\u00e9al pour l\u2019extension de cam\u00e9ras USB (100\u00a0m \/ 330\u00a0pi) dans les salles de vid\u00e9oconf\u00e9rence<\/strong><\/p>\n<ul>\n<li>L\u2019extendeur multip\u00e9riph\u00e9riques U-BRIDGE\u00a03.0 est enti\u00e8rement compatible avec toutes les cam\u00e9ras USB, y compris l\u2019\u00e9quipement de qualit\u00e9 professionnelle tel que celui d\u2019AVer, Logitech, Jabra, ClearOne, Huddly, HuddleCamHD, PTZOptics, Lumens, Marshall et les cam\u00e9ras Web.\n<ul>\n<li><a href=\"https:\/\/inogeni.com\/fr\/assistance\/cameras-compatibles\/\">Voir toutes les cam\u00e9ras compatibles<\/a><\/li>\n<\/ul>\n<\/li>\n<\/ul>\n<p><strong>Technologie polyvalente SuperSpeed USB\u00a03.0 \u00e9prouv\u00e9e<\/strong><br \/>\nU-BRIDGE 3 prend en charge tous les p\u00e9riph\u00e9riques USB 3.0\/2.0. Il est con\u00e7u pour \u00eatre utilis\u00e9 avec un maximum de trois appareils simultan\u00e9ment tels que des cam\u00e9ras USB, des tableaux blancs, des microphones, des appareils audio et tout autre appareil USB (disques durs, lecteurs flash ou claviers).<\/p>\n<ul>\n<li>Alimente soit le module PC HOST, soit le module cam\u00e9ra DEVICE.<\/li>\n<li>Pr\u00eat \u00e0 l\u2019emploi, aucun pilote logiciel requis.<\/li>\n<li>Fonctionne avec tous les principaux syst\u00e8mes d\u2019exploitation, y compris Windows, macOS et Linux.<\/li>\n<li>Garantie de 5 ans pour une plus grande tranquillit\u00e9 d\u2019esprit.<\/li>\n<li>Permet l\u2019acc\u00e8s aux p\u00e9riph\u00e9riques et le contr\u00f4le des p\u00e9riph\u00e9riques USB.<\/li>\n<\/ul>\n","protected":false},"excerpt":{"rendered":"<p>Le nouvel extendeur USB 3.2 Gen 1 multip\u00e9riph\u00e9riques U-BRIDGE 3 pour les cam\u00e9ras et tous les p\u00e9riph\u00e9riques USB 3.0 (y compris USB 2.0\/1.1) est la solution aux probl\u00e8mes d\u2019interop\u00e9rabilit\u00e9 que rencontrent les installateurs en audiovisuel lorsqu\u2019une connectivit\u00e9 USB longue distance fiable est n\u00e9cessaire. L\u2019extendeur pour appareils audio et cam\u00e9ras vid\u00e9o permet des connexions SuperSpeed USB 3.0 \u00e0 5 Gbps jusqu\u2019\u00e0 100 m (330 pi) sur un seul c\u00e2ble CAT6A U\/FTP.<\/p>\n","protected":false},"featured_media":7833,"comment_status":"open","ping_status":"closed","template":"","meta":{"_acf_changed":false,"wds_primary_product_brand":0,"wds_primary_product_cat":0},"product_brand":[],"product_cat":[644],"product_tag":[],"class_list":{"0":"post-7705","1":"product","2":"type-product","3":"status-publish","4":"has-post-thumbnail","6":"product_cat-extendeur-usb","8":"first","9":"instock","10":"shipping-taxable","11":"product-type-simple"},"acf":[],"_links":{"self":[{"href":"https:\/\/inogeni.com\/fr\/wp-json\/wp\/v2\/product\/7705","targetHints":{"allow":["GET"]}}],"collection":[{"href":"https:\/\/inogeni.com\/fr\/wp-json\/wp\/v2\/product"}],"about":[{"href":"https:\/\/inogeni.com\/fr\/wp-json\/wp\/v2\/types\/product"}],"replies":[{"embeddable":true,"href":"https:\/\/inogeni.com\/fr\/wp-json\/wp\/v2\/comments?post=7705"}],"wp:featuredmedia":[{"embeddable":true,"href":"https:\/\/inogeni.com\/fr\/wp-json\/wp\/v2\/media\/7833"}],"wp:attachment":[{"href":"https:\/\/inogeni.com\/fr\/wp-json\/wp\/v2\/media?parent=7705"}],"wp:term":[{"taxonomy":"product_brand","embeddable":true,"href":"https:\/\/inogeni.com\/fr\/wp-json\/wp\/v2\/product_brand?post=7705"},{"taxonomy":"product_cat","embeddable":true,"href":"https:\/\/inogeni.com\/fr\/wp-json\/wp\/v2\/product_cat?post=7705"},{"taxonomy":"product_tag","embeddable":true,"href":"https:\/\/inogeni.com\/fr\/wp-json\/wp\/v2\/product_tag?post=7705"}],"curies":[{"name":"wp","href":"https:\/\/api.w.org\/{rel}","templated":true}]}}