{"id":8168,"date":"2024-09-25T11:01:22","date_gmt":"2024-09-25T15:01:22","guid":{"rendered":"https:\/\/inogeni.com\/?post_type=product&#038;p=8168"},"modified":"2025-03-17T12:31:24","modified_gmt":"2025-03-17T16:31:24","slug":"ino-button-kit","status":"publish","type":"product","link":"https:\/\/inogeni.com\/fr\/produit\/ino-button-kit\/","title":{"rendered":"INO \u2013 BUTTON KIT"},"content":{"rendered":"<p><strong>Ensemble de bouton TOGGLE\u00a0ROOMS pour d\u00e9clencher un mode\u00a0<em>BYOM<\/em> (PAP)<\/strong><\/p>\n<p>Le bouton INO \u2013 BUTTON KIT (L\u2019ensemble de bouton INO) d\u2019INOGENI est un interrupteur \u00e9l\u00e9gant et de haute qualit\u00e9 en m\u00e9tal con\u00e7u pour rehausser subtilement les tables de conf\u00e9rence. Dot\u00e9 d\u2019un design sobre et \u00e9clair\u00e9, ce bouton permet de basculer sans effort entre les h\u00f4tes d\u2019ordinateurs de salles et d\u2019ordinateurs portables, offrant ainsi une solution simple, mais \u00e9volu\u00e9e pour les sc\u00e9narios de r\u00e9union en mode <em>BYOM<\/em> \u00ab\u00a0prenez vos appareils\u00a0\u00bb (PAP). D\u00e9velopp\u00e9 pour le TOGGLE ROOMS et le TOGGLE ROOMS XT pour les grandes salles, il est facile \u00e0 installer et con\u00e7u pour une int\u00e9gration esth\u00e9tique dans les espaces de conf\u00e9rence modernes.<\/p>\n<p>Nous avons ajout\u00e9 un c\u00e2ble pr\u00e9termin\u00e9 pour rendre l\u2019installation rapide et facile et offrir une tranquillit\u00e9 d\u2019esprit \u00e0 l\u2019installateur. Anciennement connu sous le nom <em>INO \u2013 HOST-BUTTON<\/em>, son nouveau nom est maintenant <strong><em>INO \u2013 BUTTON KIT<\/em><\/strong> (l\u2019ensemble de bouton INO) et est disponible en deux longueurs de c\u00e2ble.<\/p>\n<ul>\n<li>INO \u2013 BUTTON KIT \u2013 4 m\u00a0 \u00a0 \u00a0 \u00a0 \u00a0 \u00a0 \u00a04 m\u00e8tres (12 pieds)<\/li>\n<li>INO \u2013 BUTTON KIT \u2013 8 m\u00a0 \u00a0 \u00a0 \u00a0 \u00a0 \u00a0 \u00a08 m\u00e8tres (25 pieds)<\/li>\n<\/ul>\n","protected":false},"excerpt":{"rendered":"<p>L\u2019ensemble de bouton INO (INO \u2013 BUTTON KIT) d\u2019INOGENI est un interrupteur \u00e9l\u00e9gant et de haute qualit\u00e9 en m\u00e9tal con\u00e7u pour rehausser subtilement les tables de conf\u00e9rence. Avec son design sobre et \u00e9clair\u00e9, ce bouton permet de basculer sans effort entre les h\u00f4tes d\u2019ordinateur de salles et d\u2019ordinateurs portables, offrant ainsi une solution transparente et sophistiqu\u00e9e pour les sc\u00e9narios de r\u00e9union en mode \u00ab prenez vos appareils \u00bb <em>BYOM<\/em>(PAP).<\/p>\n","protected":false},"featured_media":8509,"comment_status":"open","ping_status":"closed","template":"","meta":{"_acf_changed":false,"wds_primary_product_brand":0,"wds_primary_product_cat":0},"product_brand":[],"product_cat":[646],"product_tag":[],"class_list":{"0":"post-8168","1":"product","2":"type-product","3":"status-publish","4":"has-post-thumbnail","6":"product_cat-accessoires","8":"first","9":"instock","10":"shipping-taxable","11":"product-type-simple"},"acf":[],"_links":{"self":[{"href":"https:\/\/inogeni.com\/fr\/wp-json\/wp\/v2\/product\/8168","targetHints":{"allow":["GET"]}}],"collection":[{"href":"https:\/\/inogeni.com\/fr\/wp-json\/wp\/v2\/product"}],"about":[{"href":"https:\/\/inogeni.com\/fr\/wp-json\/wp\/v2\/types\/product"}],"replies":[{"embeddable":true,"href":"https:\/\/inogeni.com\/fr\/wp-json\/wp\/v2\/comments?post=8168"}],"wp:featuredmedia":[{"embeddable":true,"href":"https:\/\/inogeni.com\/fr\/wp-json\/wp\/v2\/media\/8509"}],"wp:attachment":[{"href":"https:\/\/inogeni.com\/fr\/wp-json\/wp\/v2\/media?parent=8168"}],"wp:term":[{"taxonomy":"product_brand","embeddable":true,"href":"https:\/\/inogeni.com\/fr\/wp-json\/wp\/v2\/product_brand?post=8168"},{"taxonomy":"product_cat","embeddable":true,"href":"https:\/\/inogeni.com\/fr\/wp-json\/wp\/v2\/product_cat?post=8168"},{"taxonomy":"product_tag","embeddable":true,"href":"https:\/\/inogeni.com\/fr\/wp-json\/wp\/v2\/product_tag?post=8168"}],"curies":[{"name":"wp","href":"https:\/\/api.w.org\/{rel}","templated":true}]}}