{"id":8170,"date":"2024-09-25T11:05:25","date_gmt":"2024-09-25T15:05:25","guid":{"rendered":"https:\/\/inogeni.com\/?post_type=product&#038;p=8170"},"modified":"2026-03-26T11:20:12","modified_gmt":"2026-03-26T15:20:12","slug":"ino-mount","status":"publish","type":"product","link":"https:\/\/inogeni.com\/fr\/produit\/ino-mount\/","title":{"rendered":"INO \u2013 Mount"},"content":{"rendered":"<h2>INO-MOUNT \u2013 Clip pratique pour fixer les convertisseurs et l&rsquo;U-BRIDGE 3 d\u2019INOGENI<\/h2>\n<p><strong>INO-MOUNT<\/strong>, la solution de montage polyvalente pour tous les convertisseurs INOGENI et l\u2019U-BRIDGE 3.\u00a0Con\u00e7ue pour stabiliser et faciliter la pose des \u00e9quipements INOGENI, elle garantit des montages s\u00fbrs dans n\u2019importe quelle installation audiovisuelle.<\/p>\n<ul>\n<li>Construction en plastique PVC flexible et durable<\/li>\n<li>Montage \u00e0 l&rsquo;aide de vis ou d&rsquo;attaches<\/li>\n<li>La fixation m\u00e9tallique s&rsquo;ajuste aux diff\u00e9rentes tailles d&rsquo;appareils INOGENI<\/li>\n<li>Compatible avec tous les convertisseurs INOGENI et l&rsquo;U-BRIDGE 3<\/li>\n<li>Inclus avec l&rsquo;U-BRIDGE 3 et aussi disponible s\u00e9par\u00e9ment pour les autres convertisseurs<\/li>\n<li>\u00c9limine le besoin de Velcro ou d&rsquo;installations instables<\/li>\n<li>Convient aux installations sous table, murales ou de montage en rack<\/li>\n<li>R\u00e9utilisable et recyclable<\/li>\n<li>Con\u00e7u au <strong>Canada<\/strong><\/li>\n<\/ul>\n<p>&nbsp;<\/p>\n<p><img decoding=\"async\" class=\"aligncenter wp-image-12546\" src=\"https:\/\/inogeni.com\/wp-content\/uploads\/2024\/09\/INOGENI_INO-MOUNT_Front-2_crop.png\" alt=\"\" width=\"450\" height=\"344\" srcset=\"https:\/\/inogeni.com\/wp-content\/uploads\/2024\/09\/INOGENI_INO-MOUNT_Front-2_crop.png 1860w, https:\/\/inogeni.com\/wp-content\/uploads\/2024\/09\/INOGENI_INO-MOUNT_Front-2_crop-300x229.png 300w, https:\/\/inogeni.com\/wp-content\/uploads\/2024\/09\/INOGENI_INO-MOUNT_Front-2_crop-1024x783.png 1024w, https:\/\/inogeni.com\/wp-content\/uploads\/2024\/09\/INOGENI_INO-MOUNT_Front-2_crop-768x587.png 768w, https:\/\/inogeni.com\/wp-content\/uploads\/2024\/09\/INOGENI_INO-MOUNT_Front-2_crop-1536x1174.png 1536w, https:\/\/inogeni.com\/wp-content\/uploads\/2024\/09\/INOGENI_INO-MOUNT_Front-2_crop-600x459.png 600w\" sizes=\"(max-width: 450px) 100vw, 450px\" \/><\/p>\n<p>&nbsp;<\/p>\n<p><strong>Liste des appareils INOGENI compatibles avec INO-MOUNT :<\/strong><\/p>\n<ul>\n<li>4K2USB3<\/li>\n<li>4KX-PLUS<\/li>\n<li>4KXUSB3<\/li>\n<li>HD2USB3<\/li>\n<li>IP2USB<\/li>\n<li>SDI2USB3<\/li>\n<li>TOGGLE<\/li>\n<li>U-BRIDGE 3 \u2013 PC HOST hub<\/li>\n<li>U-BRIDGE 3 WP \u2013 PC HOST hub<\/li>\n<li>U-BRIDGE 3 \u2013 DEVICE hub<\/li>\n<li>U-CAM<\/li>\n<\/ul>\n","protected":false},"excerpt":{"rendered":"<p>D\u00e9couvrez l&rsquo;<strong>INO-MOUNT<\/strong>, la solution de montage polyvalente pour tous les convertisseurs INOGENI et l\u2019U-BRIDGE 3.\u00a0Con\u00e7ue pour stabiliser et faciliter la pose des \u00e9quipements INOGENI, elle garantit des montages s\u00fbrs dans n\u2019importe quelle installation audiovisuelle.<\/p>\n","protected":false},"featured_media":8400,"comment_status":"open","ping_status":"closed","template":"","meta":{"_acf_changed":false,"wds_primary_product_brand":0,"wds_primary_product_cat":0},"product_brand":[],"product_cat":[646],"product_tag":[],"class_list":{"0":"post-8170","1":"product","2":"type-product","3":"status-publish","4":"has-post-thumbnail","6":"product_cat-accessoires","8":"first","9":"instock","10":"shipping-taxable","11":"product-type-simple"},"acf":[],"_links":{"self":[{"href":"https:\/\/inogeni.com\/fr\/wp-json\/wp\/v2\/product\/8170","targetHints":{"allow":["GET"]}}],"collection":[{"href":"https:\/\/inogeni.com\/fr\/wp-json\/wp\/v2\/product"}],"about":[{"href":"https:\/\/inogeni.com\/fr\/wp-json\/wp\/v2\/types\/product"}],"replies":[{"embeddable":true,"href":"https:\/\/inogeni.com\/fr\/wp-json\/wp\/v2\/comments?post=8170"}],"wp:featuredmedia":[{"embeddable":true,"href":"https:\/\/inogeni.com\/fr\/wp-json\/wp\/v2\/media\/8400"}],"wp:attachment":[{"href":"https:\/\/inogeni.com\/fr\/wp-json\/wp\/v2\/media?parent=8170"}],"wp:term":[{"taxonomy":"product_brand","embeddable":true,"href":"https:\/\/inogeni.com\/fr\/wp-json\/wp\/v2\/product_brand?post=8170"},{"taxonomy":"product_cat","embeddable":true,"href":"https:\/\/inogeni.com\/fr\/wp-json\/wp\/v2\/product_cat?post=8170"},{"taxonomy":"product_tag","embeddable":true,"href":"https:\/\/inogeni.com\/fr\/wp-json\/wp\/v2\/product_tag?post=8170"}],"curies":[{"name":"wp","href":"https:\/\/api.w.org\/{rel}","templated":true}]}}