{"id":8172,"date":"2024-09-25T11:07:38","date_gmt":"2024-09-25T15:07:38","guid":{"rendered":"https:\/\/inogeni.com\/?post_type=product&#038;p=8172"},"modified":"2025-03-17T12:31:10","modified_gmt":"2025-03-17T16:31:10","slug":"ino-cat6a","status":"publish","type":"product","link":"https:\/\/inogeni.com\/fr\/produit\/ino-cat6a\/","title":{"rendered":"INO \u2013 CAT6A U\/FTP"},"content":{"rendered":"<h2>C\u00e2ble INO-CAT6A U\/FTP &#8211; Optimis\u00e9 pour U-BRIDGE\u00a03 et TOGGLE ROOMS XT<\/h2>\n<p>C\u00e2ble CAT6A U\/FTP haute performance pour une transmission de donn\u00e9es \u00e0 haut d\u00e9bit transparente, s\u00e9curis\u00e9e et fiable<\/p>\n<p>Le c\u00e2ble INO-CAT6A U\/FTP, con\u00e7u pour optimiser les TOGGLE ROOMS\u00a0XT (commutateur h\u00f4te 4K BYOD\/BYOM\u00a03 pour USB\/HDMI avec rallonge) et U-BRIDGE\u00a03 (prolongateur USB\u00a03.2\u00a0GEN1 pour appareils et cam\u00e9ras) d\u2019INOGENI, est con\u00e7u pour les transmissions de donn\u00e9es exigeantes, offrant des performances et une fiabilit\u00e9 in\u00e9gal\u00e9es. Ce c\u00e2ble INO-CAT6A U\/FTP a \u00e9t\u00e9 test\u00e9 selon la norme HDBaseT\u00a03.0. Ce c\u00e2ble en cuivre massif assure un transfert de donn\u00e9es rapide, stable et s\u00e9curis\u00e9. Il est parfait pour les applications pro-AV critiques. Sa conception blind\u00e9e par feuille individuelle minimise les interf\u00e9rences externes et internes. Soutenu par l\u2019ing\u00e9nierie renomm\u00e9e d\u2019INOGENI et une garantie de deux ans, ce c\u00e2ble garantit une stabilit\u00e9, une protection et une int\u00e9grit\u00e9 des donn\u00e9es optimales.<\/p>\n<p><strong>Conception U\/FTP\u00a0:<\/strong> La construction U\/FTP (Unshielded Foiled Twisted Pair, \u00e0 paires torsad\u00e9es \u00e9crant\u00e9es non blind\u00e9es) ajoute une couche de blindage suppl\u00e9mentaire autour de chaque fil, offrant ainsi une protection accrue contre la diaphonie et les EMI\/RFI (interf\u00e9rences \u00e9lectromagn\u00e9tiques et radios). Cette conception garantit une transmission de donn\u00e9es propre et ininterrompue, ce qui est essentiel pour la transmission de donn\u00e9es audiovisuelles de haute performance.<\/p>\n<p><strong>Principales caract\u00e9ristiques et avantages<\/strong><\/p>\n<ul>\n<li><strong>Norme HDBaseT\u00a03.0\u00a0: <\/strong>Test\u00e9 pour \u00eatre conforme \u00e0 la norme HDBaseT\u00a03.0 et optimis\u00e9 pour U-BRIDGE\u00a03 et TOGGLE ROOMS\u00a0XT<\/li>\n<li><strong>Blindage sup\u00e9rieur\u00a0: <\/strong>Les paires blind\u00e9es individuellement \u00e9liminent la diaphonie interne et externe, garantissant une excellente isolation des signaux et l\u2019int\u00e9grit\u00e9 des donn\u00e9es.<\/li>\n<li><strong>Protection EMI\/RFI\u00a0: <\/strong>Assure une protection exceptionnelle contre les interf\u00e9rences \u00e9lectromagn\u00e9tiques et radios, ce qui est essentiel pour maintenir la s\u00e9curit\u00e9 des donn\u00e9es dans les environnements tr\u00e8s fr\u00e9quent\u00e9s.<\/li>\n<li><strong>Construction durable en cuivre massif\u00a0: <\/strong>Construit avec des fils de cuivre massif de 23\u00a0AWG pour une durabilit\u00e9 accrue, une stabilit\u00e9 \u00e0 long terme et de meilleures performances par rapport aux c\u00e2bles traditionnels.<\/li>\n<li><strong>Class\u00e9 s\u00e9curit\u00e9 incendie\u00a0: <\/strong>L\u2019indice de r\u00e9sistance au feu CMR (colonne montante) garantit le respect des normes de s\u00e9curit\u00e9 les plus strictes pour les installations dans les b\u00e2timents.<\/li>\n<li><strong>Performances accrues\u00a0: <\/strong>La conception optimis\u00e9e augmente les performances des c\u00e2bles CAT6A au-del\u00e0 des c\u00e2bles standard, offrant ainsi une plus grande fiabilit\u00e9.<\/li>\n<li><strong><img decoding=\"async\" class=\"wp-image-8491 alignright\" src=\"https:\/\/inogeni.com\/wp-content\/uploads\/2024\/09\/Connector_Open_crop.png\" alt=\"\" width=\"175\" height=\"200\" srcset=\"https:\/\/inogeni.com\/wp-content\/uploads\/2024\/09\/Connector_Open_crop.png 659w, https:\/\/inogeni.com\/wp-content\/uploads\/2024\/09\/Connector_Open_crop-263x300.png 263w, https:\/\/inogeni.com\/wp-content\/uploads\/2024\/09\/Connector_Open_crop-600x685.png 600w\" sizes=\"(max-width: 175px) 100vw, 175px\" \/>Fiches modulaires blind\u00e9es de haute qualit\u00e9, <\/strong>optimisant la vitesse, l\u2019int\u00e9grit\u00e9 et la stabilit\u00e9 de la transmission. La prise modulaire peut \u00eatre<strong> <u>raccord\u00e9e <\/u><\/strong>au c\u00e2ble INO-CAT6A pour ajuster la longueur appropri\u00e9e.<\/li>\n<\/ul>\n<p>&nbsp;<\/p>\n<ul>\n<li><strong>Trois longueurs pour des installations polyvalentes : <\/strong>Id\u00e9al pour les connexions entre nos produits compatibles HDBaseT 3.0.<\/li>\n<\/ul>\n<p style=\"padding-left: 120px;\"><strong>UVC INOGENI (Fabriqu\u00e9 au Canada)<\/strong><br \/>\n<strong>\u00bb INO-CAT6A \u2013 8 M\u00a0\u00a0\u00a0\u00a0 \u00a0\u00a0\u00a0\u00a0\u00a0\u00a0\u00a0\u00a0\u00a0\u00a0\u00a0 8 m\u00e8tres (26,2 pi)<\/strong><br \/>\n<strong>\u00bb INO-CAT6A \u2013 16 M\u00a0\u00a0\u00a0\u00a0\u00a0\u00a0\u00a0\u00a0\u00a0\u00a0\u00a0\u00a0\u00a0 16 m\u00e8tres (52,5 pi)<\/strong><br \/>\n<strong>\u00bb INO-CAT6A \u2013 33 M\u00a0\u00a0\u00a0\u00a0\u00a0\u00a0\u00a0\u00a0\u00a0\u00a0\u00a0\u00a0\u00a0 33 m\u00e8tres (108,3 pi)<\/strong><\/p>\n<ul>\n<li><strong>Couvert par la garantie INOGENI de deux ans\u00a0: <\/strong>Construit pour durer, avec la fiabilit\u00e9, la stabilit\u00e9 et les performances de premier ordre qui font la r\u00e9putation d\u2019INOGENI, il est couvert par une garantie compl\u00e8te de deux ans.<\/li>\n<\/ul>\n<p><strong>Sp\u00e9cifications<\/strong><\/p>\n<ul>\n<li><strong>Conforme \u00e0 la norme HDBaseT\u00a03.0<\/strong><\/li>\n<li><strong>Blindage\u00a0: <\/strong>U\/FTP (paire enrob\u00e9e blind\u00e9e)<\/li>\n<li><strong>Type de conducteur\u00a0: <\/strong>Cuivre massif<\/li>\n<li><strong>Calibre\u00a0: <\/strong>23\u00a0AWG<\/li>\n<li><strong>Classement au feu\u00a0: <\/strong>FT4\/CMR\/FPLR<\/li>\n<li><strong>Couleur\u00a0:<\/strong> Noir<\/li>\n<li><strong>Connecteurs \u00e0 couvercle en m\u00e9tal\/plastique de haute qualit\u00e9<\/strong><\/li>\n<li><strong>Fabriqu\u00e9s au Canada et garantis deux ans<\/strong><\/li>\n<\/ul>\n","protected":false},"excerpt":{"rendered":"<p><strong><span class=\"text-color-secondary\">** En stock **<\/span><\/strong><\/p>\n<p>Parfaitement adapt\u00e9 \u00e0 une transmission USB-C de haute qualit\u00e9, le c\u00e2ble<strong> INO &#8211; USB-C 100 W 20 Gbps d\u2019INOGENI<\/strong>, fait sur mesure pour compl\u00e9ter le s\u00e9lecteur BYOD\/BYOM TOGGLE ROOMS 2 PC. Ce c\u00e2ble, qui prend en charge DisplayPort jusqu\u2019\u00e0 4K60 et support USB 2.0 ou 4K30 et support USB 3.0, offre des performances in\u00e9gal\u00e9es. Le c\u00e2ble offre \u00e9galement une puissance de chargement de 100W, ce qui en fait un compl\u00e9ment id\u00e9al pour TOGGLE ROOMS.<\/p>\n","protected":false},"featured_media":8369,"comment_status":"open","ping_status":"closed","template":"","meta":{"_acf_changed":false,"wds_primary_product_brand":0,"wds_primary_product_cat":0},"product_brand":[],"product_cat":[646],"product_tag":[],"class_list":{"0":"post-8172","1":"product","2":"type-product","3":"status-publish","4":"has-post-thumbnail","6":"product_cat-accessoires","8":"first","9":"instock","10":"shipping-taxable","11":"product-type-simple"},"acf":[],"_links":{"self":[{"href":"https:\/\/inogeni.com\/fr\/wp-json\/wp\/v2\/product\/8172","targetHints":{"allow":["GET"]}}],"collection":[{"href":"https:\/\/inogeni.com\/fr\/wp-json\/wp\/v2\/product"}],"about":[{"href":"https:\/\/inogeni.com\/fr\/wp-json\/wp\/v2\/types\/product"}],"replies":[{"embeddable":true,"href":"https:\/\/inogeni.com\/fr\/wp-json\/wp\/v2\/comments?post=8172"}],"wp:featuredmedia":[{"embeddable":true,"href":"https:\/\/inogeni.com\/fr\/wp-json\/wp\/v2\/media\/8369"}],"wp:attachment":[{"href":"https:\/\/inogeni.com\/fr\/wp-json\/wp\/v2\/media?parent=8172"}],"wp:term":[{"taxonomy":"product_brand","embeddable":true,"href":"https:\/\/inogeni.com\/fr\/wp-json\/wp\/v2\/product_brand?post=8172"},{"taxonomy":"product_cat","embeddable":true,"href":"https:\/\/inogeni.com\/fr\/wp-json\/wp\/v2\/product_cat?post=8172"},{"taxonomy":"product_tag","embeddable":true,"href":"https:\/\/inogeni.com\/fr\/wp-json\/wp\/v2\/product_tag?post=8172"}],"curies":[{"name":"wp","href":"https:\/\/api.w.org\/{rel}","templated":true}]}}