{"id":9921,"date":"2025-03-24T09:40:45","date_gmt":"2025-03-24T13:40:45","guid":{"rendered":"https:\/\/inogeni.com\/?post_type=product&#038;p=9921"},"modified":"2026-04-07T16:30:39","modified_gmt":"2026-04-07T20:30:39","slug":"ip2usb","status":"publish","type":"product","link":"https:\/\/inogeni.com\/fr\/produit\/ip2usb\/","title":{"rendered":"IP2USB"},"content":{"rendered":"<h2><strong><span class=\"text-color-secondary\">IP2USB\u00a0\u2013 Convertisseur IP vers USB pour les installations audiovisuelles professionnelles avec prise en charge AVoIP<\/span><\/strong><br \/>\n<em><span class=\"text-color-secondary\">(Disponible Q1-2026)<\/span><\/em><\/h2>\n<h2>Int\u00e9gration AV de haut niveau avec la conversion IP vers USB<br \/>\nLe convertisseur sp\u00e9cialis\u00e9 IP2USB d\u2019INOGENI permet aux utilisateurs de connecter des cam\u00e9ras IP sophistiqu\u00e9es \u00e0 des p\u00e9riph\u00e9riques USB, \u00e9liminant ainsi la n\u00e9cessit\u00e9 d\u2019utiliser des extendeurs USB co\u00fbteux. Cette solution est id\u00e9ale pour les sc\u00e9narios impliquant des cam\u00e9ras avec sortie IP. Elle permet une connexion directe au p\u00e9riph\u00e9rique, sans commutateur Ethernet, et offre ainsi une solution simplifi\u00e9e et rentable pour l\u2019int\u00e9gration de cam\u00e9ras et de p\u00e9riph\u00e9riques audio<\/h2>\n<p>L\u2019IP2USB prend en charge <strong>plusieurs normes AVoIP, notamment NDI\/NDI HX\/RTSP et audio Dante<\/strong>, ce qui permet une transmission fluide de la vid\u00e9o et de l\u2019audio sur les r\u00e9seaux tout en garantissant une faible latence et une qualit\u00e9 \u00e9lev\u00e9e. Les utilisateurs peuvent ainsi se passer de syst\u00e8mes DSP, ce qui r\u00e9duit les co\u00fbts tout en conservant une int\u00e9gration audio et vid\u00e9o haute performance.<\/p>\n<p><strong>Connectivit\u00e9 IP et interface USB haute performance<\/strong><\/p>\n<ul>\n<li><strong>Convertissez l\u2019IP en USB et le HDMI en plusieurs normes AVoIP<\/strong>, y compris NDI, NDI HX et RTSP<\/li>\n<li><strong>H\u00f4te USB<\/strong>: 1\u00a0x USB\u00a02.0 de type\u00a0B pour une connexion PC h\u00f4te USB<\/li>\n<li><strong>Sortie vid\u00e9o MJPEG UVC 1080p30<\/strong><\/li>\n<li><strong>Prise en charge des E\/S audio UAC\u00a0:<\/strong> facilite l\u2019audio bidirectionnel avec USB<\/li>\n<li><strong>Int\u00e9gration audio Dante avec routage facile via le contr\u00f4leur Dante &#8211; En savoir plus<\/strong><\/li>\n<\/ul>\n<p><strong>Connectivit\u00e9 et interface USB<\/strong><\/p>\n<ul>\n<li><strong>P\u00e9riph\u00e9riques USB\u00a0:<\/strong> 2\u00a0x\u00a0USB\u00a03.0\/USB\u00a02.0 de type\u00a0A pour la connexion de p\u00e9riph\u00e9riques tels que DSP, p\u00e9riph\u00e9riques HID (clavier, souris, \u00e9cran tactile)<\/li>\n<li><strong>HDMI\u00a0:<\/strong> sortie HDMI\u00a01.4 jusqu\u2019\u00e0 2160p30 avec audio<\/li>\n<li><strong>Int\u00e9gration audio\u00a0:<\/strong> prise en charge de l\u2019audio USB, comme le haut-parleur\/DSP vers USB ou sortie HDMI<\/li>\n<\/ul>\n<p><strong>Int\u00e9gration transparente et contr\u00f4le flexible<\/strong><\/p>\n<ul>\n<li>L\u2019appareil peut \u00eatre contr\u00f4l\u00e9 par les interfaces IP, RS-232 ou USB<\/li>\n<li><strong>Contr\u00f4le de cam\u00e9ra\u00a0:<\/strong> Visca, PTZ, commandes pr\u00e9d\u00e9finies<\/li>\n<li>Indicateurs LED pour l\u2019alimentation et l\u2019\u00e9tat de la connexion\u00a0RJ45<\/li>\n<li><strong>Alimentation\u00a0<\/strong>: entr\u00e9e d\u2019alimentation +\u00a012V \u00e0 partir d\u2019une source externe<\/li>\n<\/ul>\n<p><strong>Performances polyvalentes et fiables<\/strong><\/p>\n<ul>\n<li>Prend en charge les normes NDI\u00ae HQ (1080p30 en I-frame, faible latence), NDI\u00ae HX\/HX2\/HX3 (1080p60 en H.264\/H.265), RTSP<\/li>\n<li>Commutation transparente entre plusieurs sources AVoIP avec une faible latence<\/li>\n<li><strong>Traitement audio\u00a0:<\/strong> prise en charge du routage audio HDMI et USB<\/li>\n<\/ul>\n<p><strong>Fiable et efficace<\/strong><\/p>\n<ul>\n<li>Connexion directe utilisant la communication IP, r\u00e9duisant le besoin de syst\u00e8mes DSP co\u00fbteux<\/li>\n<li>Solution flexible pour l\u2019int\u00e9gration vid\u00e9o et audio, avec la possibilit\u00e9 d\u2019acheminer l\u2019audio vers des sources HDMI et USB<\/li>\n<li>Prise en charge d\u2019une large gamme de p\u00e9riph\u00e9riques et d\u2019appareils pour une solution pro-AV compl\u00e8te<\/li>\n<li>Garantie de 5\u00a0ans<\/li>\n<li>Fabriqu\u00e9 au Canada et conforme \u00e0 la norme TAA<\/li>\n<\/ul>\n","protected":false},"excerpt":{"rendered":"<p>IP2USB\u00a0\u2013 Convertisseur IP vers USB pour les installations audiovisuelles professionnelles avec prise en charge AVoIP (Disponible Q1-2026) Int\u00e9gration AV de haut niveau avec la conversion IP vers USB Le convertisseur sp\u00e9cialis\u00e9 IP2USB d\u2019INOGENI permet aux utilisateurs de connecter des cam\u00e9ras IP sophistiqu\u00e9es \u00e0 des p\u00e9riph\u00e9riques USB, \u00e9liminant ainsi la n\u00e9cessit\u00e9 d\u2019utiliser des extendeurs USB co\u00fbteux. [&hellip;]<\/p>\n","protected":false},"featured_media":11866,"comment_status":"open","ping_status":"closed","template":"","meta":{"_acf_changed":false,"wds_primary_product_brand":0,"wds_primary_product_cat":0},"product_brand":[],"product_cat":[391,437,394],"product_tag":[],"class_list":{"0":"post-9921","1":"product","2":"type-product","3":"status-publish","4":"has-post-thumbnail","6":"product_cat-cartes-de-capture-et-convertisseurs-usb-3-0-2-0","7":"product_cat-selecteurs-de-cameras","8":"product_cat-mixeurs-selecteurs-de-cameras","10":"first","11":"instock","12":"shipping-taxable","13":"product-type-simple"},"acf":[],"_links":{"self":[{"href":"https:\/\/inogeni.com\/fr\/wp-json\/wp\/v2\/product\/9921","targetHints":{"allow":["GET"]}}],"collection":[{"href":"https:\/\/inogeni.com\/fr\/wp-json\/wp\/v2\/product"}],"about":[{"href":"https:\/\/inogeni.com\/fr\/wp-json\/wp\/v2\/types\/product"}],"replies":[{"embeddable":true,"href":"https:\/\/inogeni.com\/fr\/wp-json\/wp\/v2\/comments?post=9921"}],"wp:featuredmedia":[{"embeddable":true,"href":"https:\/\/inogeni.com\/fr\/wp-json\/wp\/v2\/media\/11866"}],"wp:attachment":[{"href":"https:\/\/inogeni.com\/fr\/wp-json\/wp\/v2\/media?parent=9921"}],"wp:term":[{"taxonomy":"product_brand","embeddable":true,"href":"https:\/\/inogeni.com\/fr\/wp-json\/wp\/v2\/product_brand?post=9921"},{"taxonomy":"product_cat","embeddable":true,"href":"https:\/\/inogeni.com\/fr\/wp-json\/wp\/v2\/product_cat?post=9921"},{"taxonomy":"product_tag","embeddable":true,"href":"https:\/\/inogeni.com\/fr\/wp-json\/wp\/v2\/product_tag?post=9921"}],"curies":[{"name":"wp","href":"https:\/\/api.w.org\/{rel}","templated":true}]}}