{"id":9941,"date":"2025-03-24T09:11:17","date_gmt":"2025-03-24T13:11:17","guid":{"rendered":"https:\/\/inogeni.com\/product\/u-bridge-3-wp\/"},"modified":"2026-01-29T11:50:12","modified_gmt":"2026-01-29T16:50:12","slug":"u-bridge-3-wp","status":"publish","type":"product","link":"https:\/\/inogeni.com\/fr\/produit\/u-bridge-3-wp\/","title":{"rendered":"U-BRIDGE 3 WP"},"content":{"rendered":"<h2><span class=\"text-color-secondary\"><strong>U-BRIDGE 3 WP- Extendeur USB 3.2 multip\u00e9riph\u00e9riques (maintenant en inventaire)<\/strong><\/span><\/h2>\n<h2>Le nouvel extendeur multip\u00e9riph\u00e9riques U-BRIDGE 3 WP d&rsquo;INOGENI, dot\u00e9 d&rsquo;une plaque murale pour tout p\u00e9riph\u00e9rique USB 3.0, est la solution aux probl\u00e8mes d&rsquo;interop\u00e9rabilit\u00e9 auxquels se butent les installateurs AV lorsqu&rsquo;une extension fiable de cam\u00e9ra USB sur longue distance est n\u00e9cessaire. L&rsquo;extendeur audio et cam\u00e9ra vid\u00e9o U-BRIDGE 3 WP permet des connexions SuperSpeed USB 3.0 jusqu&rsquo;\u00e0 100 m\/330 pi sur un seul c\u00e2ble CAT6A U\/FTP.<\/h2>\n<p><strong><em>Connectivit\u00e9 USB haute performance<\/em><\/strong><\/p>\n<ul>\n<li><strong>\u00a0<\/strong>USB 3.2 Gen 1\/5Gbps r\u00e9trocompatible avec USB 3.1 Gen 1\/3.0\/2.0.<\/li>\n<li>L&rsquo;extension fiable de cam\u00e9ra USB longue distance maintient une vid\u00e9o non compress\u00e9e de haute qualit\u00e9.<\/li>\n<li>Ports de la plaque murale DEVICE\u00a0: 1x USB-A et 1x USB-C.<\/li>\n<li>Port PC HOST\u00a0: Connecteur USB-C verrouillable.<\/li>\n<\/ul>\n<p><strong><em>\u00a0<\/em><\/strong><strong><em>Int\u00e9gration avanc\u00e9e du contr\u00f4le de la vid\u00e9o et de la cam\u00e9ra<\/em><\/strong><\/p>\n<ul>\n<li><strong>\u00a0<\/strong>L&rsquo;extension audio et cam\u00e9ra vid\u00e9o 4K permet des connexions SuperSpeed.<\/li>\n<li>Parfaitement compatible avec les cam\u00e9ras et les CODEC UC.<\/li>\n<li>Permet de connecter des cam\u00e9ras PTZ de haute qualit\u00e9 et des barres vid\u00e9o, DSP, \u00e9quipements HID ou souris et clavier.<\/li>\n<li>Extension RS-232 pour VISCA ou contr\u00f4le par la plaque murale PC HOST ou DEVICE.<\/li>\n<\/ul>\n<p><strong><em>Performances fiables alli\u00e9es \u00e0 un design \u00e9l\u00e9gant et \u00e0 une installation pratique<\/em><\/strong><\/p>\n<ul>\n<li><strong>\u00a0<\/strong>Aliment\u00e9 par la plaque murale PC HOST (recommand\u00e9) ou DEVICE.<\/li>\n<li>Plaque murale au design \u00e9l\u00e9gant pour s&rsquo;int\u00e9grer dans un environnement de bureau professionnel.<\/li>\n<li>Liaison (<em>LINK<\/em>) : Jusqu&rsquo;\u00e0 100 m\/330 pi sur un seul c\u00e2ble CAT6A U\/FTP. <a href=\"https:\/\/inogeni.com\/fr\/produit\/ino-cat6a\/\">D\u00e9couvrez le c\u00e2ble INO-CAT6A<\/a>.<\/li>\n<li>Fente pour fixer le c\u00e2ble CAT6A U\/FTP pour une installation propre, s\u00fbre et sans souci.<\/li>\n<li>Comprend une plaque murale de style D\u00e9cora (format 1 gang), rempla\u00e7able pour les installations personnalis\u00e9es ou un choix de couleur.<\/li>\n<li>Conforme TAA et fabriqu\u00e9 au Canada.<\/li>\n<\/ul>\n<p><strong>\u00a0<\/strong><strong><em>Id\u00e9al pour l&rsquo;extension de cam\u00e9ra USB (100 m\/330\u00a0pi) dans les salles de vid\u00e9oconf\u00e9rence<\/em><\/strong><\/p>\n<ul>\n<li>L&rsquo;extendeur multip\u00e9riph\u00e9rique U-BRIDGE 3 WP avec plaque murale est enti\u00e8rement compatible avec toutes les cam\u00e9ras USB, y compris les \u00e9quipements professionnels et les cam\u00e9ras PTZ, tels que AVer, Logitech, Jabra, ClearOne, Huddly, HuddleCamHD, PTZOptics, Lumens, Marshall et les webcam\u00e9ras.\n<ul>\n<li><a href=\"https:\/\/inogeni.com\/fr\/assistance\/cameras-compatibles\/\">Voir toutes les cam\u00e9ras compatibles.<\/a><\/li>\n<\/ul>\n<\/li>\n<\/ul>\n<p><strong><em>Technologie polyvalente SuperSpeed USB 3.0 \u00e9prouv\u00e9e<\/em><\/strong><\/p>\n<p>U-BRIDGE 3 WP prend en charge tous les p\u00e9riph\u00e9riques USB 3.0\/2.0. Il est con\u00e7u pour \u00eatre utilis\u00e9 avec un maximum de trois\u00a0p\u00e9riph\u00e9riques simultan\u00e9ment, tels que les cam\u00e9ras USB, les barres vid\u00e9o, les DSP, les p\u00e9riph\u00e9riques HID, les tableaux blancs, les microphones, les p\u00e9riph\u00e9riques audio et tout autre p\u00e9riph\u00e9rique USB \u00e0 haut d\u00e9bit (disques durs, lecteurs flash ou claviers).<\/p>\n<ul>\n<li>Cette solution peut \u00eatre aliment\u00e9e soit par le PC HOST (l&rsquo;h\u00f4te PC) (recommand\u00e9), soit par le module DEVICE (la plaque murale) de la cam\u00e9ra ou du p\u00e9riph\u00e9rique.<\/li>\n<li>Pr\u00eat \u00e0 l\u2019emploi, aucun pilote logiciel requis.<\/li>\n<li>Fonctionne avec tous les principaux syst\u00e8mes d&rsquo;exploitation, y compris Windows, macOS et Linux.<\/li>\n<li>Garantie de 5 ans pour une plus grande tranquillit\u00e9 d&rsquo;esprit.<\/li>\n<li>Permet l&rsquo;acc\u00e8s aux p\u00e9riph\u00e9riques et le contr\u00f4le des p\u00e9riph\u00e9riques USB.<\/li>\n<\/ul>\n","protected":false},"excerpt":{"rendered":"<h2><span class=\"text-color-secondary\"><strong>U-BRIDGE 3 WP- Extendeur USB 3.2 multip\u00e9riph\u00e9riques\u00a0<\/strong><\/span><span class=\"text-color-secondary\"><strong>(maintenant en inventaire)<\/strong><\/span><\/h2>\n<p>Le nouvel extendeur USB multip\u00e9riph\u00e9riques U-BRIDGE 3 WP avec plaque murale pour cam\u00e9ras et tout appareil USB 3.0 (y compris USB 2.0) est la solution aux probl\u00e8mes d&rsquo;interop\u00e9rabilit\u00e9 auxquels se butent les installateurs AV lorsqu&rsquo;une connectivit\u00e9 USB longue distance fiable est n\u00e9cessaire. L&rsquo;U-BRIDGE 3 WP avec USB-A et USB-C sur la plaque murale offre une finition murale \u00e9l\u00e9gante et un acc\u00e8s facile pour connecter des cam\u00e9ras et des barres vid\u00e9o de haute qualit\u00e9, des DSP, des p\u00e9riph\u00e9riques HID ou des souris et des claviers. Il s&rsquo;agit d&rsquo;un extendeur audio et cam\u00e9ra vid\u00e9o qui permet des connexions SuperSpeed USB 3.0 \u00e0 5 Gbps jusqu&rsquo;\u00e0 100 m\/330 pi sur un seul c\u00e2ble CAT6A U\/FTP.<\/p>\n","protected":false},"featured_media":9719,"comment_status":"open","ping_status":"closed","template":"","meta":{"_acf_changed":false,"wds_primary_product_brand":0,"wds_primary_product_cat":0},"product_brand":[],"product_cat":[644],"product_tag":[],"class_list":{"0":"post-9941","1":"product","2":"type-product","3":"status-publish","4":"has-post-thumbnail","6":"product_cat-extendeur-usb","8":"first","9":"instock","10":"shipping-taxable","11":"product-type-simple"},"acf":[],"_links":{"self":[{"href":"https:\/\/inogeni.com\/fr\/wp-json\/wp\/v2\/product\/9941","targetHints":{"allow":["GET"]}}],"collection":[{"href":"https:\/\/inogeni.com\/fr\/wp-json\/wp\/v2\/product"}],"about":[{"href":"https:\/\/inogeni.com\/fr\/wp-json\/wp\/v2\/types\/product"}],"replies":[{"embeddable":true,"href":"https:\/\/inogeni.com\/fr\/wp-json\/wp\/v2\/comments?post=9941"}],"wp:featuredmedia":[{"embeddable":true,"href":"https:\/\/inogeni.com\/fr\/wp-json\/wp\/v2\/media\/9719"}],"wp:attachment":[{"href":"https:\/\/inogeni.com\/fr\/wp-json\/wp\/v2\/media?parent=9941"}],"wp:term":[{"taxonomy":"product_brand","embeddable":true,"href":"https:\/\/inogeni.com\/fr\/wp-json\/wp\/v2\/product_brand?post=9941"},{"taxonomy":"product_cat","embeddable":true,"href":"https:\/\/inogeni.com\/fr\/wp-json\/wp\/v2\/product_cat?post=9941"},{"taxonomy":"product_tag","embeddable":true,"href":"https:\/\/inogeni.com\/fr\/wp-json\/wp\/v2\/product_tag?post=9941"}],"curies":[{"name":"wp","href":"https:\/\/api.w.org\/{rel}","templated":true}]}}