{"id":9992,"date":"2025-03-24T09:31:02","date_gmt":"2025-03-24T13:31:02","guid":{"rendered":"https:\/\/inogeni.com\/product\/toggle-dock-2x1\/"},"modified":"2025-10-23T10:05:32","modified_gmt":"2025-10-23T14:05:32","slug":"toggle-dock-2x1","status":"publish","type":"product","link":"https:\/\/inogeni.com\/fr\/produit\/toggle-dock-2x1\/","title":{"rendered":"TOGGLE DOCK 2&#215;1"},"content":{"rendered":"<h2><span class=\"text-color-secondary\"><strong>TOGGLE DOCK 2&#215;1\u2013<\/strong>\u00a0<strong>Commutateur BYOM \u00e0 2 ordinateurs portables<\/strong><\/span><\/h2>\n<h2><span class=\"text-color-secondary\"><em><strong>\u00a0** Maintenant disponible en stock **<\/strong><\/em><\/span><\/h2>\n<h2>BYOM 4K\u00a0: COMMUTATEUR A 2 H\u00d4TES POUR APPAREILS USB 3.0\/HDMI<\/h2>\n<p>TOGGLE DOCK 2&#215;1 est une station de commutation contr\u00f4lable 4K60 pro-AV qui permet une commutation transparente entre deux ordinateurs portables pour la vid\u00e9oconf\u00e9rence. Il permet de commuter sans effort trois\u00a0p\u00e9riph\u00e9riques USB et un\u00a0\u00e9cran entre les deux\u00a0h\u00f4tes ; c&rsquo;est la station d&rsquo;accueil AV ultime pour les installateurs professionnels. Aucun PC Room n&rsquo;est n\u00e9cessaire. Avec l&rsquo;USB-C 100 W Power Delivery, il garantit une alimentation et une connectivit\u00e9 efficaces. Les options de contr\u00f4le polyvalentes (bouton-poussoir, clavier de commande, RS-232 ou API) et la configuration simplifi\u00e9e en font la solution id\u00e9ale pour les installateurs AV. Cette solution garantit une exp\u00e9rience de r\u00e9union conviviale et efficace avec une flexibilit\u00e9 accrue.<\/p>\n<p><strong>Un seul c\u00e2ble pour s&rsquo;approprier votre salle de r\u00e9union sans PC Room!<\/strong><\/p>\n<ul>\n<li><strong>\u00a0<\/strong><strong>S\u00e9lection BYOM USB\/HDMI de deux h\u00f4tes sans effort<\/strong>\n<ul>\n<li>4K60 en 16:9 et 5Kp30 en 21:9 \u00e9cran large (HDMI)<\/li>\n<\/ul>\n<\/li>\n<li>Options flexibles pour deux ordinateurs portables\u00a0:\n<ul>\n<li>USB-C\u00a0: USB 3.0, DisplayPort Mode Alternatif avec alimentation 100\u00a0W<\/li>\n<li>ou USB-B 3.0 + HDMI 2.0<\/li>\n<\/ul>\n<\/li>\n<li><strong>Contr\u00f4le et int\u00e9gration AV sans faille<\/strong>\n<ul>\n<li><strong>TOGGLE DOCK 2&#215;1 fonctionne de mani\u00e8re autonome sans syst\u00e8me de contr\u00f4le,<\/strong> mais int\u00e8gre des fonctionnalit\u00e9s avanc\u00e9es via RS-232, LAN, API et GPI pour une gestion automatis\u00e9e de la salle<\/li>\n<li><strong>Contr\u00f4le unifi\u00e9 du syst\u00e8me \u2013 <\/strong>S&rsquo;int\u00e8gre \u00e0 Crestron, Q-SYS, Extron et AMX<\/li>\n<li><strong>Performances et fiabilit\u00e9 optimis\u00e9es \u2013 <\/strong>Automatise la commutation des appareils, se synchronise avec les plateformes de communications unifi\u00e9es et assure une maintenance proactive pour des r\u00e9unions ininterrompues.<\/li>\n<\/ul>\n<\/li>\n<li>Rationalisez les mises \u00e0 jour des microprogrammes, surveillez l&rsquo;\u00e9tat en temps r\u00e9el et configurez les appareils sans effort via la page Web du r\u00e9seau local ou le contr\u00f4leur logiciel MAESTRO \u2013 <a href=\"https:\/\/inogeni.com\/fr\/assistance\/logiciels\/\">En savoir plus !<\/a><\/li>\n<li>Parfait pour les environnements pro-AV des salles de r\u00e9union\n<ul>\n<li>Commutation d&rsquo;h\u00f4te automatique\/manuelle (INO-BUTTON KIT disponible).<\/li>\n<li>Test\u00e9 et compatible de par sa conception avec les principaux fabricants de cam\u00e9ras, barres vid\u00e9o et haut-parleurs, tels que Logitech, Jabra, AVer, Huddly, Bose, MAXHUB, Poly, etc.<\/li>\n<\/ul>\n<\/li>\n<li>Fabriqu\u00e9 au Canada\n<ul>\n<li>Qualit\u00e9<\/li>\n<li>Fiabilit\u00e9<\/li>\n<li>Tranquillit\u00e9 d&rsquo;esprit (aucun pilote requis et conforme \u00e0 la norme TAA)<\/li>\n<\/ul>\n<\/li>\n<\/ul>\n<p><strong>TOGGLE DOCK 2&#215;1 facilite la gestion de la vid\u00e9oconf\u00e9rence sans aucun probl\u00e8me. <\/strong>Les utilisateurs peuvent commuter tous les p\u00e9riph\u00e9riques USB 3x et l&rsquo;\u00e9cran entre deux ordinateurs portables en un clin d&rsquo;\u0153il et sans d\u00e9lai.<\/p>\n","protected":false},"excerpt":{"rendered":"<h2><span class=\"text-color-secondary\"><strong><em>** Maintenant disponible en stock **<\/em><\/strong><\/span><\/h2>\n<p>TOGGLE DOCK 2&#215;1 est une station de commutation USB 3.0\/HDMI BYOM 4K60 contr\u00f4lable qui commute de mani\u00e8re transparente trois\u00a0p\u00e9riph\u00e9riques USB et un\u00a0\u00e9cran entre deux ordinateurs portables. Elle est \u00e9quip\u00e9e de l&rsquo;USB-C\u00a0: USB\u00a03.0 100 W DisplayPort et Mode Alternatif, aucun PC room n&rsquo;est n\u00e9cessaire, et un contr\u00f4le flexible via bouton, RS-232, GPI ou API.<\/p>\n","protected":false},"featured_media":9866,"comment_status":"open","ping_status":"closed","template":"","meta":{"_acf_changed":false,"wds_primary_product_brand":0,"wds_primary_product_cat":0},"product_brand":[],"product_cat":[439],"product_tag":[],"class_list":{"0":"post-9992","1":"product","2":"type-product","3":"status-publish","4":"has-post-thumbnail","6":"product_cat-commutateur-byod-byom-2","8":"first","9":"instock","10":"shipping-taxable","11":"product-type-simple"},"acf":[],"_links":{"self":[{"href":"https:\/\/inogeni.com\/fr\/wp-json\/wp\/v2\/product\/9992","targetHints":{"allow":["GET"]}}],"collection":[{"href":"https:\/\/inogeni.com\/fr\/wp-json\/wp\/v2\/product"}],"about":[{"href":"https:\/\/inogeni.com\/fr\/wp-json\/wp\/v2\/types\/product"}],"replies":[{"embeddable":true,"href":"https:\/\/inogeni.com\/fr\/wp-json\/wp\/v2\/comments?post=9992"}],"wp:featuredmedia":[{"embeddable":true,"href":"https:\/\/inogeni.com\/fr\/wp-json\/wp\/v2\/media\/9866"}],"wp:attachment":[{"href":"https:\/\/inogeni.com\/fr\/wp-json\/wp\/v2\/media?parent=9992"}],"wp:term":[{"taxonomy":"product_brand","embeddable":true,"href":"https:\/\/inogeni.com\/fr\/wp-json\/wp\/v2\/product_brand?post=9992"},{"taxonomy":"product_cat","embeddable":true,"href":"https:\/\/inogeni.com\/fr\/wp-json\/wp\/v2\/product_cat?post=9992"},{"taxonomy":"product_tag","embeddable":true,"href":"https:\/\/inogeni.com\/fr\/wp-json\/wp\/v2\/product_tag?post=9992"}],"curies":[{"name":"wp","href":"https:\/\/api.w.org\/{rel}","templated":true}]}}